{"id":16,"date":"2018-04-30T20:02:20","date_gmt":"2018-04-30T18:02:20","guid":{"rendered":"http:\/\/muenster.org\/schanze\/?page_id=16"},"modified":"2022-05-26T11:11:32","modified_gmt":"2022-05-26T09:11:32","slug":"projekte","status":"publish","type":"page","link":"https:\/\/muenster.org\/schanze\/projekte\/","title":{"rendered":"Projekte &#038; Diverses"},"content":{"rendered":"<h6>Diverses<\/h6>\n<p>Am Prozessionsweg an der 13. Station des Kreuzweges ist ab dem 14. Mai 2022 die Piet\u00e0 &#8222;Maria weint&#8220; von Rupert K\u00f6nig zu finden.<\/p>\n<h6>Projekte<\/h6>\n<p>Die auf dieser Seite vorgestellten Projekte wurden und werden von einzelnen K\u00fcnstlerinnen und K\u00fcnstlern der Schanze initiiert, h\u00e4ufig in Kooperation mit anderen K\u00fcnstlern oder kunstinteressierten B\u00fcrgern.<\/p>\n<p><strong>LAST EXIT KUNST<br \/>\n<\/strong>Diese Vorlesung wurde 2011 von <strong>Professor EJ Speckmann<\/strong> angeregt als eine Initiative zur Wiederbelebung der Schanze. Nach Gespr\u00e4chen mit der Westf\u00e4lischen Wilhelms-Universit\u00e4t schien es sinnvoll, die Vorlesung im Rahmen des Studiums im Alter (STUDIA) anzusiedeln.<br \/>\nMichael Hassels, Matthias Z\u00f6lle und Professor Speckmann haben den Titel entworfen und halten darauf das angemeldete Copyright.<\/p>\n<p>Das erste Semester der Vorlesungsreihe war ganz der Schanze gewidmet.<br \/>\nIn den darauf folgenden Semestern wurde die Vorlesung allen K\u00fcnstlern der Region ge\u00f6ffnet. Die Vorlesung lag bis zum Sommersemester 2014 ausschlie\u00dflich in den H\u00e4nden von Professor Speckmann und Matthias Z\u00f6lle.<\/p>\n<p>Mit seinem 75. Geburtstag entschied sich Professor Speckmann im Jahr 2014, aus allen seinen Vorlesungen des STUDIA auszuscheiden. Auf Wunsch der H\u00f6rerschaft konnte die Westf\u00e4lische Wilhelms- Universit\u00e4t Matthias Z\u00f6lle und Anke Gollub f\u00fcr die weitere Organisation gewinnen, Professor Speckmann hat ebenfalls zugesagt, in jedem Semester einen Nachmittag weiterhin zu \u00fcbernehmen.<\/p>\n<p>Zur Kennzeichnung des Wechsels in Gestaltung und Organisation wurde die Vorlesung als LAST EXIT KUNST II gekennzeichnet.<\/p>\n<p>Inzwischen existiert die Vorlesung LAST EXIT KUNST III, derzeit unter Leitung von Rupert K\u00f6nig.<\/p>\n<p>&nbsp;<\/p>\n<p>Seit Jahrzehnten arbeitet <strong>Udo Wei\u00dfe<\/strong> ortsbezogen im M\u00fcnsteraner Uppenberg. Im Gespr\u00e4ch mit ihm l\u00e4sst sich dazu mehr erfahren.<\/p>\n<p>&nbsp;<\/p>\n<p>Ein gemeinsames Projekt von Michael Hassels und Miriam<br \/>\nist &#8222;<strong>Mimi InTeam<\/strong>&#8222;.<\/p>\n<p>Hier ein kleiner Eindruck:<\/p>\n<p><a href=\"https:\/\/michadesign.jimdo.com\/galerie-1b-mimis\/\">https:\/\/michadesign.jimdo.com\/galerie-1b-mimis\/<\/a><\/p>\n<p><a href=\"https:\/\/miriamskunst.jimdofree.com\/mimis\/\">https:\/\/miriamskunst.jimdofree.com\/mimis\/<\/a><\/p>\n<p>&nbsp;<\/p>\n<p>&nbsp;<\/p>\n<p>&nbsp;<\/p>\n","protected":false},"excerpt":{"rendered":"<p>Diverses Am Prozessionsweg an der 13. Station des Kreuzweges ist ab dem 14. Mai 2022 die Piet\u00e0 &#8222;Maria weint&#8220; von Rupert K\u00f6nig zu finden. Projekte Die auf dieser Seite vorgestellten Projekte wurden und werden von einzelnen K\u00fcnstlerinnen und K\u00fcnstlern der Schanze initiiert, h\u00e4ufig in Kooperation mit anderen K\u00fcnstlern oder kunstinteressierten B\u00fcrgern. LAST EXIT KUNST Diese &hellip; <a href=\"https:\/\/muenster.org\/schanze\/projekte\/\" class=\"more-link\"><span class=\"screen-reader-text\">Projekte &#038; Diverses<\/span> weiterlesen<\/a><\/p>\n","protected":false},"author":1,"featured_media":0,"parent":0,"menu_order":0,"comment_status":"closed","ping_status":"closed","template":"","meta":{"ngg_post_thumbnail":0,"footnotes":""},"class_list":["post-16","page","type-page","status-publish","hentry"],"_links":{"self":[{"href":"https:\/\/muenster.org\/schanze\/wp-json\/wp\/v2\/pages\/16","targetHints":{"allow":["GET"]}}],"collection":[{"href":"https:\/\/muenster.org\/schanze\/wp-json\/wp\/v2\/pages"}],"about":[{"href":"https:\/\/muenster.org\/schanze\/wp-json\/wp\/v2\/types\/page"}],"author":[{"embeddable":true,"href":"https:\/\/muenster.org\/schanze\/wp-json\/wp\/v2\/users\/1"}],"replies":[{"embeddable":true,"href":"https:\/\/muenster.org\/schanze\/wp-json\/wp\/v2\/comments?post=16"}],"version-history":[{"count":25,"href":"https:\/\/muenster.org\/schanze\/wp-json\/wp\/v2\/pages\/16\/revisions"}],"predecessor-version":[{"id":803,"href":"https:\/\/muenster.org\/schanze\/wp-json\/wp\/v2\/pages\/16\/revisions\/803"}],"wp:attachment":[{"href":"https:\/\/muenster.org\/schanze\/wp-json\/wp\/v2\/media?parent=16"}],"curies":[{"name":"wp","href":"https:\/\/api.w.org\/{rel}","templated":true}]}}