{"id":17,"date":"2018-04-30T20:02:21","date_gmt":"2018-04-30T18:02:21","guid":{"rendered":"http:\/\/muenster.org\/schanze\/?page_id=17"},"modified":"2022-01-31T19:01:27","modified_gmt":"2022-01-31T18:01:27","slug":"publikationen","status":"publish","type":"page","link":"https:\/\/muenster.org\/schanze\/publikationen\/","title":{"rendered":"Publikationen"},"content":{"rendered":"\n<figure class=\"wp-block-image\"><img loading=\"lazy\" decoding=\"async\" width=\"843\" height=\"1024\" src=\"https:\/\/muenster.org\/schanze\/wp-content\/uploads\/2019\/11\/Bild-32-843x1024.jpg\" alt=\"\" class=\"wp-image-463\" srcset=\"https:\/\/muenster.org\/schanze\/wp-content\/uploads\/2019\/11\/Bild-32-843x1024.jpg 843w, https:\/\/muenster.org\/schanze\/wp-content\/uploads\/2019\/11\/Bild-32-247x300.jpg 247w, https:\/\/muenster.org\/schanze\/wp-content\/uploads\/2019\/11\/Bild-32-768x933.jpg 768w\" sizes=\"auto, (max-width: 843px) 100vw, 843px\" \/><\/figure>\n\n\n\n<h2 class=\"wp-block-heading\">Freie K\u00fcnstlergemeinschaft Schanze<br>100 Jahre Freie K\u00fcnstlergemeinschaft Schanze<br>Daedalus Verlag, M\u00fcnster 2019<br>ISBN 978-3-89126-100-2<br><\/h2>\n\n\n\n<p><\/p>\n\n\n\n<p><\/p>\n\n\n\n<figure class=\"wp-block-image\"><img loading=\"lazy\" decoding=\"async\" width=\"1024\" height=\"742\" src=\"https:\/\/muenster.org\/schanze\/wp-content\/uploads\/2019\/11\/Bild-33-1024x742.jpg\" alt=\"\" class=\"wp-image-464\" srcset=\"https:\/\/muenster.org\/schanze\/wp-content\/uploads\/2019\/11\/Bild-33-1024x742.jpg 1024w, https:\/\/muenster.org\/schanze\/wp-content\/uploads\/2019\/11\/Bild-33-300x218.jpg 300w, https:\/\/muenster.org\/schanze\/wp-content\/uploads\/2019\/11\/Bild-33-768x557.jpg 768w\" sizes=\"auto, (max-width: 1024px) 100vw, 1024px\" \/><\/figure>\n\n\n\n<h2 class=\"wp-block-heading\">Ulrich Karst, Ilse Wecker<br>Kunstszene M\u00fcnster<br>Tecklenborg Verlag, Steinfurt, 2017<br>ISBN 978-3-944327-50-1<br><\/h2>\n\n\n\n<p><\/p>\n\n\n\n<figure class=\"wp-block-image\"><img loading=\"lazy\" decoding=\"async\" width=\"730\" height=\"1024\" src=\"https:\/\/muenster.org\/schanze\/wp-content\/uploads\/2019\/11\/Bild-31-730x1024.jpg\" alt=\"\" class=\"wp-image-465\" srcset=\"https:\/\/muenster.org\/schanze\/wp-content\/uploads\/2019\/11\/Bild-31-730x1024.jpg 730w, https:\/\/muenster.org\/schanze\/wp-content\/uploads\/2019\/11\/Bild-31-214x300.jpg 214w, https:\/\/muenster.org\/schanze\/wp-content\/uploads\/2019\/11\/Bild-31-768x1078.jpg 768w, https:\/\/muenster.org\/schanze\/wp-content\/uploads\/2019\/11\/Bild-31.jpg 1259w\" sizes=\"auto, (max-width: 730px) 100vw, 730px\" \/><\/figure>\n\n\n\n<h2 class=\"wp-block-heading\">Miriam<br>Inmitten hier<br>sonderpunkt Verlag, Greven, 2018<br>ISBN 978-3-95407-90-9<br><\/h2>\n\n\n\n<p><\/p>\n\n\n\n<figure class=\"wp-block-image\"><img loading=\"lazy\" decoding=\"async\" width=\"747\" height=\"1024\" src=\"https:\/\/muenster.org\/schanze\/wp-content\/uploads\/2019\/11\/Bild-34-747x1024.jpg\" alt=\"\" class=\"wp-image-466\" srcset=\"https:\/\/muenster.org\/schanze\/wp-content\/uploads\/2019\/11\/Bild-34-747x1024.jpg 747w, https:\/\/muenster.org\/schanze\/wp-content\/uploads\/2019\/11\/Bild-34-219x300.jpg 219w, https:\/\/muenster.org\/schanze\/wp-content\/uploads\/2019\/11\/Bild-34-768x1053.jpg 768w, https:\/\/muenster.org\/schanze\/wp-content\/uploads\/2019\/11\/Bild-34.jpg 1035w\" sizes=\"auto, (max-width: 747px) 100vw, 747px\" \/><\/figure>\n\n\n\n<p><\/p>\n\n\n\n<figure class=\"wp-block-image\"><img loading=\"lazy\" decoding=\"async\" width=\"576\" height=\"1024\" src=\"https:\/\/muenster.org\/schanze\/wp-content\/uploads\/2019\/11\/Bild-35-576x1024.jpg\" alt=\"\" class=\"wp-image-467\" srcset=\"https:\/\/muenster.org\/schanze\/wp-content\/uploads\/2019\/11\/Bild-35-576x1024.jpg 576w, https:\/\/muenster.org\/schanze\/wp-content\/uploads\/2019\/11\/Bild-35-169x300.jpg 169w, https:\/\/muenster.org\/schanze\/wp-content\/uploads\/2019\/11\/Bild-35.jpg 731w\" sizes=\"auto, (max-width: 576px) 100vw, 576px\" \/><\/figure>\n\n\n\n<p><\/p>\n\n\n\n<figure class=\"wp-block-image\"><img loading=\"lazy\" decoding=\"async\" width=\"1024\" height=\"1020\" src=\"https:\/\/muenster.org\/schanze\/wp-content\/uploads\/2019\/11\/Bild-36-1024x1020.jpg\" alt=\"\" class=\"wp-image-468\" srcset=\"https:\/\/muenster.org\/schanze\/wp-content\/uploads\/2019\/11\/Bild-36-1024x1020.jpg 1024w, https:\/\/muenster.org\/schanze\/wp-content\/uploads\/2019\/11\/Bild-36-150x150.jpg 150w, https:\/\/muenster.org\/schanze\/wp-content\/uploads\/2019\/11\/Bild-36-300x300.jpg 300w, https:\/\/muenster.org\/schanze\/wp-content\/uploads\/2019\/11\/Bild-36-768x765.jpg 768w, https:\/\/muenster.org\/schanze\/wp-content\/uploads\/2019\/11\/Bild-36.jpg 1375w\" sizes=\"auto, (max-width: 1024px) 100vw, 1024px\" \/><\/figure>\n","protected":false},"excerpt":{"rendered":"<p>Freie K\u00fcnstlergemeinschaft Schanze100 Jahre Freie K\u00fcnstlergemeinschaft SchanzeDaedalus Verlag, M\u00fcnster 2019ISBN 978-3-89126-100-2 Ulrich Karst, Ilse WeckerKunstszene M\u00fcnsterTecklenborg Verlag, Steinfurt, 2017ISBN 978-3-944327-50-1 MiriamInmitten hiersonderpunkt Verlag, Greven, 2018ISBN 978-3-95407-90-9<\/p>\n","protected":false},"author":1,"featured_media":0,"parent":0,"menu_order":0,"comment_status":"closed","ping_status":"closed","template":"","meta":{"ngg_post_thumbnail":0,"footnotes":""},"class_list":["post-17","page","type-page","status-publish","hentry"],"_links":{"self":[{"href":"https:\/\/muenster.org\/schanze\/wp-json\/wp\/v2\/pages\/17","targetHints":{"allow":["GET"]}}],"collection":[{"href":"https:\/\/muenster.org\/schanze\/wp-json\/wp\/v2\/pages"}],"about":[{"href":"https:\/\/muenster.org\/schanze\/wp-json\/wp\/v2\/types\/page"}],"author":[{"embeddable":true,"href":"https:\/\/muenster.org\/schanze\/wp-json\/wp\/v2\/users\/1"}],"replies":[{"embeddable":true,"href":"https:\/\/muenster.org\/schanze\/wp-json\/wp\/v2\/comments?post=17"}],"version-history":[{"count":7,"href":"https:\/\/muenster.org\/schanze\/wp-json\/wp\/v2\/pages\/17\/revisions"}],"predecessor-version":[{"id":788,"href":"https:\/\/muenster.org\/schanze\/wp-json\/wp\/v2\/pages\/17\/revisions\/788"}],"wp:attachment":[{"href":"https:\/\/muenster.org\/schanze\/wp-json\/wp\/v2\/media?parent=17"}],"curies":[{"name":"wp","href":"https:\/\/api.w.org\/{rel}","templated":true}]}}