{"id":234,"date":"2018-07-08T23:47:51","date_gmt":"2018-07-08T21:47:51","guid":{"rendered":"http:\/\/muenster.org\/schanze\/?page_id=234"},"modified":"2021-10-27T12:59:13","modified_gmt":"2021-10-27T10:59:13","slug":"projekte-diverses","status":"publish","type":"page","link":"https:\/\/muenster.org\/schanze\/archiv\/projekte-diverses\/","title":{"rendered":"Projekte &#038; Diverses"},"content":{"rendered":"\n<h4 class=\"wp-block-heading\">GOLDRAUM M\u00dcNSTER Ein vorbildliches, \u00f6kologisch-nachhaltiges Projekt im Austausch  mit der Kunst. Unser neues Mitglied Margret H\u00fcbschen war daran  beteiligt:&nbsp; http:\/\/www.goldraum-muenster.de\/<\/h4>\n\n\n\n<p><\/p>\n\n\n\n<p>Auf der ehemaligen Bahnstrecke Horstmar Richtung Burgsteinfurt entstand in einer somnambul-rebellischen Aktion eine dem Spazierg\u00e4nger leicht zu erschlie\u00dfende Objektbest\u00fcckung mit vereinzelt expliziter Einladung zur Partizipation.<\/p>\n\n\n\n<figure class=\"wp-block-image\"><img loading=\"lazy\" decoding=\"async\" width=\"225\" height=\"300\" src=\"https:\/\/muenster.org\/schanze\/wp-content\/uploads\/2018\/07\/P6160218-e1530732405216-225x300.jpg\" alt=\"\" class=\"wp-image-161\" srcset=\"https:\/\/muenster.org\/schanze\/wp-content\/uploads\/2018\/07\/P6160218-e1530732405216-225x300.jpg 225w, https:\/\/muenster.org\/schanze\/wp-content\/uploads\/2018\/07\/P6160218-e1530732405216-768x1024.jpg 768w\" sizes=\"auto, (max-width: 225px) 100vw, 225px\" \/><\/figure>\n\n\n\n<div class=\"wp-block-image\"><figure class=\"alignright\"><img loading=\"lazy\" decoding=\"async\" width=\"225\" height=\"300\" src=\"https:\/\/muenster.org\/schanze\/wp-content\/uploads\/2018\/07\/P6160219-e1530732461707-225x300.jpg\" alt=\"\" class=\"wp-image-162\" srcset=\"https:\/\/muenster.org\/schanze\/wp-content\/uploads\/2018\/07\/P6160219-e1530732461707-225x300.jpg 225w, https:\/\/muenster.org\/schanze\/wp-content\/uploads\/2018\/07\/P6160219-e1530732461707-768x1024.jpg 768w\" sizes=\"auto, (max-width: 225px) 100vw, 225px\" \/><\/figure><\/div>\n\n\n\n<p>Von der Bev\u00f6lkerung als &#8222;Der Kantor&#8220; betitelt, steht diese Plastik von Heiko Pra\u00df am Anfang der ehemaligen Bahnstrecke am Ausgangspunkt Horstmar-Steinfurt, eine lebensgro\u00dfe Figur aus Textilien in Polyesterharz.<\/p>\n\n\n\n<figure class=\"wp-block-image\"><img loading=\"lazy\" decoding=\"async\" width=\"225\" height=\"300\" src=\"https:\/\/muenster.org\/schanze\/wp-content\/uploads\/2018\/07\/P6160221-e1530884101469-225x300.jpg\" alt=\"\" class=\"wp-image-165\" srcset=\"https:\/\/muenster.org\/schanze\/wp-content\/uploads\/2018\/07\/P6160221-e1530884101469-225x300.jpg 225w, https:\/\/muenster.org\/schanze\/wp-content\/uploads\/2018\/07\/P6160221-e1530884101469-768x1024.jpg 768w\" sizes=\"auto, (max-width: 225px) 100vw, 225px\" \/><\/figure>\n\n\n\n<p> Na, dann \u00b4mal losstiefeln&#8230;<\/p>\n\n\n\n<div class=\"wp-block-image\"><figure class=\"alignleft\"><img loading=\"lazy\" decoding=\"async\" width=\"225\" height=\"300\" src=\"https:\/\/muenster.org\/schanze\/wp-content\/uploads\/2018\/07\/P6160223-e1530884148998-225x300.jpg\" alt=\"\" class=\"wp-image-167\" srcset=\"https:\/\/muenster.org\/schanze\/wp-content\/uploads\/2018\/07\/P6160223-e1530884148998-225x300.jpg 225w, https:\/\/muenster.org\/schanze\/wp-content\/uploads\/2018\/07\/P6160223-e1530884148998-768x1024.jpg 768w\" sizes=\"auto, (max-width: 225px) 100vw, 225px\" \/><\/figure><\/div>\n\n\n\n<div class=\"wp-block-image\"><figure class=\"alignright\"><img loading=\"lazy\" decoding=\"async\" width=\"225\" height=\"300\" src=\"https:\/\/muenster.org\/schanze\/wp-content\/uploads\/2018\/07\/P6160224-e1530884165145-225x300.jpg\" alt=\"\" class=\"wp-image-168\" srcset=\"https:\/\/muenster.org\/schanze\/wp-content\/uploads\/2018\/07\/P6160224-e1530884165145-225x300.jpg 225w, https:\/\/muenster.org\/schanze\/wp-content\/uploads\/2018\/07\/P6160224-e1530884165145-768x1024.jpg 768w\" sizes=\"auto, (max-width: 225px) 100vw, 225px\" \/><\/figure><\/div>\n\n\n\n<div class=\"wp-block-image\"><figure class=\"alignleft\"><img loading=\"lazy\" decoding=\"async\" width=\"225\" height=\"300\" src=\"https:\/\/muenster.org\/schanze\/wp-content\/uploads\/2018\/07\/P6160226-e1530884196423-225x300.jpg\" alt=\"\" class=\"wp-image-169\" srcset=\"https:\/\/muenster.org\/schanze\/wp-content\/uploads\/2018\/07\/P6160226-e1530884196423-225x300.jpg 225w, https:\/\/muenster.org\/schanze\/wp-content\/uploads\/2018\/07\/P6160226-e1530884196423-768x1024.jpg 768w\" sizes=\"auto, (max-width: 225px) 100vw, 225px\" \/><\/figure><\/div>\n\n\n\n<p>Die turnende Bev\u00f6lkerung in den B\u00e4umen von Marlies D\u00f6king wurde auch mit Textilien in Polyesterharz gearbeitet.<\/p>\n\n\n\n<div class=\"wp-block-image\"><figure class=\"alignleft\"><img loading=\"lazy\" decoding=\"async\" width=\"225\" height=\"300\" src=\"https:\/\/muenster.org\/schanze\/wp-content\/uploads\/2018\/07\/P6160227-e1530884214631-225x300.jpg\" alt=\"\" class=\"wp-image-172\" srcset=\"https:\/\/muenster.org\/schanze\/wp-content\/uploads\/2018\/07\/P6160227-e1530884214631-225x300.jpg 225w, https:\/\/muenster.org\/schanze\/wp-content\/uploads\/2018\/07\/P6160227-e1530884214631-768x1024.jpg 768w\" sizes=\"auto, (max-width: 225px) 100vw, 225px\" \/><\/figure><\/div>\n\n\n\n<div class=\"wp-block-image\"><figure class=\"alignright\"><img loading=\"lazy\" decoding=\"async\" width=\"225\" height=\"300\" src=\"https:\/\/muenster.org\/schanze\/wp-content\/uploads\/2018\/07\/P6160236-e1530884310195-225x300.jpg\" alt=\"\" class=\"wp-image-180\" srcset=\"https:\/\/muenster.org\/schanze\/wp-content\/uploads\/2018\/07\/P6160236-e1530884310195-225x300.jpg 225w, https:\/\/muenster.org\/schanze\/wp-content\/uploads\/2018\/07\/P6160236-e1530884310195-768x1024.jpg 768w\" sizes=\"auto, (max-width: 225px) 100vw, 225px\" \/><\/figure><\/div>\n\n\n\n<p>W\u00e4hrend es sich etwas schwierig gestalten d\u00fcrfte, den Damen in den B\u00e4umen die Hand zu reichen, kann an dieser Stelle des rechts- und linksseitigen Gel\u00e4nders ein jeder und eine jede nach Herzenslust der Sprache seines Herzens mit einem beiliegenden Stift auf den dortigen Herzen etwas Herzliches schriftlich kundtun.<\/p>\n\n\n\n<div class=\"wp-block-image\"><figure class=\"aligncenter\"><img loading=\"lazy\" decoding=\"async\" width=\"225\" height=\"300\" src=\"https:\/\/muenster.org\/schanze\/wp-content\/uploads\/2018\/07\/P6160229-e1530885887288-225x300.jpg\" alt=\"\" class=\"wp-image-174\" srcset=\"https:\/\/muenster.org\/schanze\/wp-content\/uploads\/2018\/07\/P6160229-e1530885887288-225x300.jpg 225w, https:\/\/muenster.org\/schanze\/wp-content\/uploads\/2018\/07\/P6160229-e1530885887288-768x1024.jpg 768w\" sizes=\"auto, (max-width: 225px) 100vw, 225px\" \/><\/figure><\/div>\n\n\n\n<figure class=\"wp-block-image\"><img loading=\"lazy\" decoding=\"async\" width=\"300\" height=\"225\" src=\"https:\/\/muenster.org\/schanze\/wp-content\/uploads\/2018\/07\/P6160232-300x225.jpg\" alt=\"\" class=\"wp-image-176\" srcset=\"https:\/\/muenster.org\/schanze\/wp-content\/uploads\/2018\/07\/P6160232-300x225.jpg 300w, https:\/\/muenster.org\/schanze\/wp-content\/uploads\/2018\/07\/P6160232-768x576.jpg 768w, https:\/\/muenster.org\/schanze\/wp-content\/uploads\/2018\/07\/P6160232-1024x768.jpg 1024w\" sizes=\"auto, (max-width: 300px) 100vw, 300px\" \/><\/figure>\n\n\n\n<div class=\"wp-block-image\"><figure class=\"alignright\"><img loading=\"lazy\" decoding=\"async\" width=\"225\" height=\"300\" src=\"https:\/\/muenster.org\/schanze\/wp-content\/uploads\/2018\/07\/P6160234-e1530884268946-225x300.jpg\" alt=\"\" class=\"wp-image-178\" srcset=\"https:\/\/muenster.org\/schanze\/wp-content\/uploads\/2018\/07\/P6160234-e1530884268946-225x300.jpg 225w, https:\/\/muenster.org\/schanze\/wp-content\/uploads\/2018\/07\/P6160234-e1530884268946-768x1024.jpg 768w\" sizes=\"auto, (max-width: 225px) 100vw, 225px\" \/><\/figure><\/div>\n\n\n\n<div class=\"wp-block-image\"><figure class=\"alignright\"><img loading=\"lazy\" decoding=\"async\" width=\"225\" height=\"300\" src=\"https:\/\/muenster.org\/schanze\/wp-content\/uploads\/2018\/07\/P6160233-e1530884248142-225x300.jpg\" alt=\"\" class=\"wp-image-177\" srcset=\"https:\/\/muenster.org\/schanze\/wp-content\/uploads\/2018\/07\/P6160233-e1530884248142-225x300.jpg 225w, https:\/\/muenster.org\/schanze\/wp-content\/uploads\/2018\/07\/P6160233-e1530884248142-768x1024.jpg 768w\" sizes=\"auto, (max-width: 225px) 100vw, 225px\" \/><\/figure><\/div>\n\n\n\n<div class=\"wp-block-image\"><figure class=\"alignright\"><img loading=\"lazy\" decoding=\"async\" width=\"225\" height=\"300\" src=\"https:\/\/muenster.org\/schanze\/wp-content\/uploads\/2018\/07\/P6160235-e1530884293933-225x300.jpg\" alt=\"\" class=\"wp-image-179\" srcset=\"https:\/\/muenster.org\/schanze\/wp-content\/uploads\/2018\/07\/P6160235-e1530884293933-225x300.jpg 225w, https:\/\/muenster.org\/schanze\/wp-content\/uploads\/2018\/07\/P6160235-e1530884293933-768x1024.jpg 768w\" sizes=\"auto, (max-width: 225px) 100vw, 225px\" \/><\/figure><\/div>\n\n\n\n<p>Die Ohren und Nasen aus Glasfasermatten in Polyesterharz bzw. aus Holz von <strong>Andreas<\/strong> <strong>Laugesen<\/strong> waren urspr\u00fcnglich konzipiert, in einem d\u00fcsteren Nadelholzwald zu h\u00e4ngen, mussten aber ins Licht direkt an der Radbahn verr\u00fcckt werden.<\/p>\n\n\n\n<figure class=\"wp-block-image\"><img loading=\"lazy\" decoding=\"async\" width=\"225\" height=\"300\" src=\"https:\/\/muenster.org\/schanze\/wp-content\/uploads\/2018\/07\/P6160240-e1530884342533-225x300.jpg\" alt=\"\" class=\"wp-image-184\" srcset=\"https:\/\/muenster.org\/schanze\/wp-content\/uploads\/2018\/07\/P6160240-e1530884342533-225x300.jpg 225w, https:\/\/muenster.org\/schanze\/wp-content\/uploads\/2018\/07\/P6160240-e1530884342533-768x1024.jpg 768w\" sizes=\"auto, (max-width: 225px) 100vw, 225px\" \/><\/figure>\n\n\n\n<p>Hier eine dieser wunderbaren gelben Telefonzellen mit antiquarischem Wert, die immer wieder anonym oder seitens einer Schule in der N\u00e4he best\u00fcckt wird.<\/p>\n\n\n\n<div class=\"wp-block-image\"><figure class=\"alignright\"><img loading=\"lazy\" decoding=\"async\" width=\"225\" height=\"300\" src=\"https:\/\/muenster.org\/schanze\/wp-content\/uploads\/2018\/07\/P6160239-e1530884327545-225x300.jpg\" alt=\"\" class=\"wp-image-183\" srcset=\"https:\/\/muenster.org\/schanze\/wp-content\/uploads\/2018\/07\/P6160239-e1530884327545-225x300.jpg 225w, https:\/\/muenster.org\/schanze\/wp-content\/uploads\/2018\/07\/P6160239-e1530884327545-768x1024.jpg 768w\" sizes=\"auto, (max-width: 225px) 100vw, 225px\" \/><\/figure><\/div>\n\n\n\n<div class=\"wp-block-image\"><figure class=\"alignleft\"><img loading=\"lazy\" decoding=\"async\" width=\"300\" height=\"225\" src=\"https:\/\/muenster.org\/schanze\/wp-content\/uploads\/2018\/07\/P6160242-300x225.jpg\" alt=\"\" class=\"wp-image-186\" srcset=\"https:\/\/muenster.org\/schanze\/wp-content\/uploads\/2018\/07\/P6160242-300x225.jpg 300w, https:\/\/muenster.org\/schanze\/wp-content\/uploads\/2018\/07\/P6160242-768x576.jpg 768w, https:\/\/muenster.org\/schanze\/wp-content\/uploads\/2018\/07\/P6160242-1024x768.jpg 1024w\" sizes=\"auto, (max-width: 300px) 100vw, 300px\" \/><\/figure><\/div>\n\n\n\n<p>Mit der aus Wassern geretteten Rennschnecke von Heiko Pra\u00df kommt man dann in diesen modernen Zeiten aber doch schneller ins Gespr\u00e4ch.<\/p>\n\n\n\n<div class=\"wp-block-image\"><figure class=\"alignleft\"><img loading=\"lazy\" decoding=\"async\" width=\"300\" height=\"225\" src=\"https:\/\/muenster.org\/schanze\/wp-content\/uploads\/2018\/07\/P6160245-300x225.jpg\" alt=\"\" class=\"wp-image-189\" srcset=\"https:\/\/muenster.org\/schanze\/wp-content\/uploads\/2018\/07\/P6160245-300x225.jpg 300w, https:\/\/muenster.org\/schanze\/wp-content\/uploads\/2018\/07\/P6160245-768x576.jpg 768w, https:\/\/muenster.org\/schanze\/wp-content\/uploads\/2018\/07\/P6160245-1024x768.jpg 1024w\" sizes=\"auto, (max-width: 300px) 100vw, 300px\" \/><\/figure><\/div>\n\n\n\n<p>Ei ei ei.. so ein Spiegelei mit betonharter Bissqualit\u00e4t haben Sie vielleicht auch schon des \u00d6fteren an anderen Orten gesehen.<\/p>\n\n\n\n<div class=\"wp-block-image\"><figure class=\"aligncenter\"><img loading=\"lazy\" decoding=\"async\" width=\"225\" height=\"300\" src=\"https:\/\/muenster.org\/schanze\/wp-content\/uploads\/2018\/07\/P6160262-e1530884503512-225x300.jpg\" alt=\"\" class=\"wp-image-203\" srcset=\"https:\/\/muenster.org\/schanze\/wp-content\/uploads\/2018\/07\/P6160262-e1530884503512-225x300.jpg 225w, https:\/\/muenster.org\/schanze\/wp-content\/uploads\/2018\/07\/P6160262-e1530884503512-768x1024.jpg 768w\" sizes=\"auto, (max-width: 225px) 100vw, 225px\" \/><\/figure><\/div>\n\n\n\n<div class=\"wp-block-image\"><figure class=\"alignleft\"><img loading=\"lazy\" decoding=\"async\" width=\"225\" height=\"300\" src=\"https:\/\/muenster.org\/schanze\/wp-content\/uploads\/2018\/07\/P6160250-e1530884421285-225x300.jpg\" alt=\"\" class=\"wp-image-193\" srcset=\"https:\/\/muenster.org\/schanze\/wp-content\/uploads\/2018\/07\/P6160250-e1530884421285-225x300.jpg 225w, https:\/\/muenster.org\/schanze\/wp-content\/uploads\/2018\/07\/P6160250-e1530884421285-768x1024.jpg 768w\" sizes=\"auto, (max-width: 225px) 100vw, 225px\" \/><\/figure><\/div>\n\n\n\n<p>Da lassen Sie sich lieber von der &#8222;Streichelmaschine&#8220;,<\/p>\n\n\n\n<div class=\"wp-block-image\"><figure class=\"alignright\"><img loading=\"lazy\" decoding=\"async\" width=\"225\" height=\"300\" src=\"https:\/\/muenster.org\/schanze\/wp-content\/uploads\/2018\/07\/P6160247-e1530884391271-225x300.jpg\" alt=\"\" class=\"wp-image-191\" srcset=\"https:\/\/muenster.org\/schanze\/wp-content\/uploads\/2018\/07\/P6160247-e1530884391271-225x300.jpg 225w, https:\/\/muenster.org\/schanze\/wp-content\/uploads\/2018\/07\/P6160247-e1530884391271-768x1024.jpg 768w\" sizes=\"auto, (max-width: 225px) 100vw, 225px\" \/><\/figure><\/div>\n\n\n\n<p>ebenfalls von Marlies D\u00f6king,<br>verw\u00f6hnen und <\/p>\n\n\n\n<p>k\u00f6nnen dabei wom\u00f6glich der&nbsp;&nbsp;&nbsp; B\u00e4renr\u00fcckenschrubberei an B\u00e4umen nachsp\u00fcren.<\/p>\n\n\n\n<div class=\"wp-block-image\"><figure class=\"alignleft\"><img loading=\"lazy\" decoding=\"async\" width=\"300\" height=\"225\" src=\"https:\/\/muenster.org\/schanze\/wp-content\/uploads\/2018\/07\/P6160252-300x225.jpg\" alt=\"\" class=\"wp-image-195\" srcset=\"https:\/\/muenster.org\/schanze\/wp-content\/uploads\/2018\/07\/P6160252-300x225.jpg 300w, https:\/\/muenster.org\/schanze\/wp-content\/uploads\/2018\/07\/P6160252-768x576.jpg 768w, https:\/\/muenster.org\/schanze\/wp-content\/uploads\/2018\/07\/P6160252-1024x768.jpg 1024w\" sizes=\"auto, (max-width: 300px) 100vw, 300px\" \/><\/figure><\/div>\n\n\n\n<div class=\"wp-block-image\"><figure class=\"alignright\"><img loading=\"lazy\" decoding=\"async\" width=\"225\" height=\"300\" src=\"https:\/\/muenster.org\/schanze\/wp-content\/uploads\/2018\/07\/P6160254-e1530884436198-225x300.jpg\" alt=\"\" class=\"wp-image-196\" srcset=\"https:\/\/muenster.org\/schanze\/wp-content\/uploads\/2018\/07\/P6160254-e1530884436198-225x300.jpg 225w, https:\/\/muenster.org\/schanze\/wp-content\/uploads\/2018\/07\/P6160254-e1530884436198-768x1024.jpg 768w\" sizes=\"auto, (max-width: 225px) 100vw, 225px\" \/><\/figure><\/div>\n\n\n\n<p>Ein ganz anderer Genuss f\u00fcr die Sinne ist dieses in farbige Folie gefasste Gel\u00e4nder von <strong>Klaus<\/strong> <strong>Tesching<\/strong>.<\/p>\n\n\n\n<div class=\"wp-block-image\"><figure class=\"aligncenter\"><img loading=\"lazy\" decoding=\"async\" width=\"225\" height=\"300\" src=\"https:\/\/muenster.org\/schanze\/wp-content\/uploads\/2018\/07\/P6160255-e1530884449179-225x300.jpg\" alt=\"\" class=\"wp-image-197\" srcset=\"https:\/\/muenster.org\/schanze\/wp-content\/uploads\/2018\/07\/P6160255-e1530884449179-225x300.jpg 225w, https:\/\/muenster.org\/schanze\/wp-content\/uploads\/2018\/07\/P6160255-e1530884449179-768x1024.jpg 768w\" sizes=\"auto, (max-width: 225px) 100vw, 225px\" \/><\/figure><\/div>\n\n\n\n<p>&nbsp;<br>Und an dieser Haltestelle k\u00f6nnen Sie getrost halten- warten Sie am besten auf Andreas Laugesen, den K\u00fcnstler, denn:<\/p>\n\n\n\n<div class=\"wp-block-image\"><figure class=\"alignright\"><img loading=\"lazy\" decoding=\"async\" width=\"300\" height=\"225\" src=\"https:\/\/muenster.org\/schanze\/wp-content\/uploads\/2018\/07\/P6160257-300x225.jpg\" alt=\"\" class=\"wp-image-199\" srcset=\"https:\/\/muenster.org\/schanze\/wp-content\/uploads\/2018\/07\/P6160257-300x225.jpg 300w, https:\/\/muenster.org\/schanze\/wp-content\/uploads\/2018\/07\/P6160257-768x576.jpg 768w, https:\/\/muenster.org\/schanze\/wp-content\/uploads\/2018\/07\/P6160257-1024x768.jpg 1024w\" sizes=\"auto, (max-width: 300px) 100vw, 300px\" \/><\/figure><\/div>\n\n\n\n<p>Sie ahnen, worauf Sie da eigentlich warten? Nun, lassen Sie sich \u00fcberraschen, aber wo gibt es schon sonst die M\u00f6glichkeit, sich von einem Traumprinzen k\u00fcssen zu lassen?<\/p>\n\n\n\n<figure class=\"wp-block-image\"><img loading=\"lazy\" decoding=\"async\" width=\"225\" height=\"300\" src=\"https:\/\/muenster.org\/schanze\/wp-content\/uploads\/2018\/07\/P6160264-e1530734066502-225x300.jpg\" alt=\"\" class=\"wp-image-205\" srcset=\"https:\/\/muenster.org\/schanze\/wp-content\/uploads\/2018\/07\/P6160264-e1530734066502-225x300.jpg 225w, https:\/\/muenster.org\/schanze\/wp-content\/uploads\/2018\/07\/P6160264-e1530734066502-768x1024.jpg 768w\" sizes=\"auto, (max-width: 225px) 100vw, 225px\" \/><\/figure>\n\n\n\n<div class=\"wp-block-image\"><figure class=\"alignright\"><img loading=\"lazy\" decoding=\"async\" width=\"225\" height=\"300\" src=\"https:\/\/muenster.org\/schanze\/wp-content\/uploads\/2018\/07\/P6160263-e1530884516271-225x300.jpg\" alt=\"\" class=\"wp-image-204\" srcset=\"https:\/\/muenster.org\/schanze\/wp-content\/uploads\/2018\/07\/P6160263-e1530884516271-225x300.jpg 225w, https:\/\/muenster.org\/schanze\/wp-content\/uploads\/2018\/07\/P6160263-e1530884516271-768x1024.jpg 768w\" sizes=\"auto, (max-width: 225px) 100vw, 225px\" \/><\/figure><\/div>\n\n\n\n<p>Und hier sind wir wieder am Anfang, denn mit diesem Besteck und diesen Spiegeleiern nahm alles seinen Lauf&#8230;..<\/p>\n","protected":false},"excerpt":{"rendered":"<p>GOLDRAUM M\u00dcNSTER Ein vorbildliches, \u00f6kologisch-nachhaltiges Projekt im Austausch mit der Kunst. Unser neues Mitglied Margret H\u00fcbschen war daran beteiligt:&nbsp; http:\/\/www.goldraum-muenster.de\/ Auf der ehemaligen Bahnstrecke Horstmar Richtung Burgsteinfurt entstand in einer somnambul-rebellischen Aktion eine dem Spazierg\u00e4nger leicht zu erschlie\u00dfende Objektbest\u00fcckung mit vereinzelt expliziter Einladung zur Partizipation. Von der Bev\u00f6lkerung als &#8222;Der Kantor&#8220; betitelt, steht diese Plastik &hellip; <a href=\"https:\/\/muenster.org\/schanze\/archiv\/projekte-diverses\/\" class=\"more-link\"><span class=\"screen-reader-text\">Projekte &#038; Diverses<\/span> weiterlesen<\/a><\/p>\n","protected":false},"author":1,"featured_media":0,"parent":13,"menu_order":0,"comment_status":"closed","ping_status":"closed","template":"","meta":{"ngg_post_thumbnail":0,"footnotes":""},"class_list":["post-234","page","type-page","status-publish","hentry"],"_links":{"self":[{"href":"https:\/\/muenster.org\/schanze\/wp-json\/wp\/v2\/pages\/234","targetHints":{"allow":["GET"]}}],"collection":[{"href":"https:\/\/muenster.org\/schanze\/wp-json\/wp\/v2\/pages"}],"about":[{"href":"https:\/\/muenster.org\/schanze\/wp-json\/wp\/v2\/types\/page"}],"author":[{"embeddable":true,"href":"https:\/\/muenster.org\/schanze\/wp-json\/wp\/v2\/users\/1"}],"replies":[{"embeddable":true,"href":"https:\/\/muenster.org\/schanze\/wp-json\/wp\/v2\/comments?post=234"}],"version-history":[{"count":6,"href":"https:\/\/muenster.org\/schanze\/wp-json\/wp\/v2\/pages\/234\/revisions"}],"predecessor-version":[{"id":778,"href":"https:\/\/muenster.org\/schanze\/wp-json\/wp\/v2\/pages\/234\/revisions\/778"}],"up":[{"embeddable":true,"href":"https:\/\/muenster.org\/schanze\/wp-json\/wp\/v2\/pages\/13"}],"wp:attachment":[{"href":"https:\/\/muenster.org\/schanze\/wp-json\/wp\/v2\/media?parent=234"}],"curies":[{"name":"wp","href":"https:\/\/api.w.org\/{rel}","templated":true}]}}