{"id":377,"date":"2019-11-10T12:10:45","date_gmt":"2019-11-10T11:10:45","guid":{"rendered":"http:\/\/muenster.org\/schanze\/?page_id=377"},"modified":"2024-01-27T17:58:11","modified_gmt":"2024-01-27T16:58:11","slug":"natascha-fix","status":"publish","type":"page","link":"https:\/\/muenster.org\/schanze\/aktuelles\/aktuelle\/natascha-fix\/","title":{"rendered":"Natascha Fix"},"content":{"rendered":"<div id=\"cc-m-7434163711\" class=\"j-module n j-hgrid \">\n<div class=\"cc-m-hgrid-column\">\n<div id=\"cc-matrix-1877196611\">\n<div id=\"cc-m-7434163811\" class=\"j-module n j-text \">\n<h3><a href=\"https:\/\/muenster.org\/schanze\/aktuelles\/aktuelle\/natascha-fix\/nat\/\" rel=\"attachment wp-att-986\"><img loading=\"lazy\" decoding=\"async\" class=\"size-medium wp-image-986 alignleft\" src=\"https:\/\/muenster.org\/schanze\/wp-content\/uploads\/2024\/01\/nat-300x259.jpg\" alt=\"\" width=\"300\" height=\"259\" srcset=\"https:\/\/muenster.org\/schanze\/wp-content\/uploads\/2024\/01\/nat-300x259.jpg 300w, https:\/\/muenster.org\/schanze\/wp-content\/uploads\/2024\/01\/nat-1024x882.jpg 1024w, https:\/\/muenster.org\/schanze\/wp-content\/uploads\/2024\/01\/nat-768x662.jpg 768w, https:\/\/muenster.org\/schanze\/wp-content\/uploads\/2024\/01\/nat-1536x1324.jpg 1536w, https:\/\/muenster.org\/schanze\/wp-content\/uploads\/2024\/01\/nat.jpg 1620w\" sizes=\"auto, (max-width: 300px) 100vw, 300px\" \/><\/a><\/h3>\n<h3>Illustratorin<\/h3>\n<p><strong>27.11.1986<\/strong><\/p>\n<p>in D\u00fcsseldorf geboren.<\/p>\n<figure class=\"cc-imagewrapper cc-m-image-align-1\"><img decoding=\"async\" id=\"cc-m-imagesubtitle-image-7434163911\" class=\"alignright\" src=\"https:\/\/image.jimcdn.com\/app\/cms\/image\/transf\/dimension=446x10000:format=jpg\/path\/s4d3d63deb9d62fb2\/image\/id59d7ee910549e9a\/version\/1552591614\/image.jpg\" sizes=\"(min-width: 446px) 446px, 100vw\" srcset=\"https:\/\/image.jimcdn.com\/app\/cms\/image\/transf\/dimension=320x10000:format=jpg\/path\/s4d3d63deb9d62fb2\/image\/id59d7ee910549e9a\/version\/1552591614\/image.jpg 320w, https:\/\/image.jimcdn.com\/app\/cms\/image\/transf\/dimension=446x10000:format=jpg\/path\/s4d3d63deb9d62fb2\/image\/id59d7ee910549e9a\/version\/1552591614\/image.jpg 446w, https:\/\/image.jimcdn.com\/app\/cms\/image\/transf\/dimension=640x10000:format=jpg\/path\/s4d3d63deb9d62fb2\/image\/id59d7ee910549e9a\/version\/1552591614\/image.jpg 640w, https:\/\/image.jimcdn.com\/app\/cms\/image\/transf\/dimension=892x10000:format=jpg\/path\/s4d3d63deb9d62fb2\/image\/id59d7ee910549e9a\/version\/1552591614\/image.jpg 892w\" alt=\"\" data-src-width=\"1014\" data-src-height=\"636\" data-src=\"https:\/\/image.jimcdn.com\/app\/cms\/image\/transf\/dimension=446x10000:format=jpg\/path\/s4d3d63deb9d62fb2\/image\/id59d7ee910549e9a\/version\/1552591614\/image.jpg\" data-image-id=\"4822043611\"><\/figure>\n<p><b>Lebt und arbeitet in M\u00fcnster<\/b><\/p>\n<p>als Illustratorin und K\u00fcnstlerin<\/p>\n<p>Seit 2018 Mitglied in der Schanze<\/p>\n<p><a href=\"https:\/\/natascha-fix.jimdofree.com\/\">https:\/\/natascha-fix.jimdofree.com\/<\/a><\/p>\n<p><strong>KONTAKT<\/strong><\/p>\n<p><strong>natascha.fix@googlemail.com<\/strong><\/p>\n<\/div>\n<\/div>\n<\/div>\n<div class=\"cc-m-hgrid-separator\" data-display=\"cms-only\">\n<div>\n<div class=\"jtpl-content content-options cc-content-parent\">\n<div class=\"jtpl-content__inner cc-content-parent\">\n<div id=\"content_area\" data-container=\"content\">\n<div id=\"cc-matrix-1873295511\">\n<div id=\"cc-m-7434663711\" class=\"j-module n j-hgrid \">\n<div class=\"cc-m-hgrid-column\">\n<div id=\"cc-matrix-1877365611\">\n<div id=\"cc-m-7437282011\" class=\"j-module n j-spacing \">\n<div class=\"cc-m-spacer\">&nbsp;<\/div>\n<\/div>\n<div id=\"cc-m-7434665011\" class=\"j-module n j-text \">\n<p>&#8222;Am 27.11.1986 wurde Natascha Fix in D\u00fcsseldorf geboren. Mit Flei\u00df, Geduld und Leidenschaft widmete Sie sich der Kunst. Von der Realschule in Neuenkirchen ging es nach der Erfolgreichen Mappenpr\u00fcfung nach M\u00fcnster zur Adolph-Kolping Schule, Als Klassenbeste erwarb Sie ihr Fachabitur mit der zus\u00e4tzlichen Ausbildung zur Gestaltungstechnischen Assistentin. Im Jahr 2006 ging es kurz in die Niederlande zur AKI. Danach studierte Natascha Fix in M\u00fcnster an der FH f\u00fcr Design, dort schaffte Sie mit einer Sonderehrung den Bachelor of Arts.&nbsp;<\/p>\n<p>Natascha Fix arbeitet grunds\u00e4tzlich analog und benutzt den Rechner nur noch zur kleinen Nachbearbeitung oder zum Layouten. Lieblingstechniken sind: Aquarell, Holzschnitt, Collage, Acryl, Kreiden, und am aller liebsten kombiniert sie alles miteinander.&nbsp;<\/p>\n<p>Angefangen hat sie im Studium mit dem Gestalten von Kinderb\u00fcchern, jetzt hat es sich so entwickelt, dass Sie Ihre selbstverfassten Gedichte Illustriert oder sehr frei und k\u00fcnstlerisch arbeitet.&nbsp;<\/p>\n<p>In ihren Gedichten und Bildern verarbeitet sie Erlebtes, Gedachtes, Erkanntes und Gesehenes. Teilweise sind ihre Bilder sehr verst\u00f6rend, sexuell angehaucht, oder einfach nur d\u00fcster, aber mit einer gewissen Tiefe.&#8220; (Natascha Fix)<\/p>\n<\/div>\n<\/div>\n<\/div>\n<div class=\"cc-m-hgrid-separator\" data-display=\"cms-only\">\n<div>&nbsp;<\/div>\n<\/div>\n<div class=\"cc-m-hgrid-column last\">\n<div id=\"cc-matrix-1878275911\">&nbsp;<\/div>\n<\/div>\n<div class=\"cc-m-hgrid-overlay\" data-display=\"cms-only\">&nbsp;<\/div>\n<\/div>\n<\/div>\n<\/div>\n<\/div>\n<\/div>\n<footer class=\"jtpl-section-aside sidebar-options\">\n<div class=\"jtpl-section-aside__inner\">\n<div data-container=\"sidebar\">\n<div id=\"cc-matrix-1873283211\">\n<div id=\"cc-m-7423233111\" class=\"j-module n j-spacing \">\n<div class=\"cc-m-spacer\">&nbsp;<\/div>\n<\/div>\n<\/div>\n<\/div>\n<\/div>\n<\/footer>\n<\/div>\n<\/div>\n<div class=\"cc-m-hgrid-column last\">\n<div id=\"cc-matrix-1877196711\">\n<div id=\"cc-m-7434163911\" class=\"j-module n j-imageSubtitle \">\n<div class=\"cc-clear\">&nbsp;<\/div>\n<\/div>\n<\/div>\n<\/div>\n<div class=\"cc-m-hgrid-overlay\" data-display=\"cms-only\">&nbsp;<\/div>\n<\/div>\n<div id=\"cc-m-7434164011\" class=\"j-module n j-spacing \">\n<div class=\"cc-m-spacer\">&nbsp;<\/div>\n<\/div>\n","protected":false},"excerpt":{"rendered":"<p>Illustratorin 27.11.1986 in D\u00fcsseldorf geboren. Lebt und arbeitet in M\u00fcnster als Illustratorin und K\u00fcnstlerin Seit 2018 Mitglied in der Schanze https:\/\/natascha-fix.jimdofree.com\/ KONTAKT natascha.fix@googlemail.com &nbsp; &#8222;Am 27.11.1986 wurde Natascha Fix in D\u00fcsseldorf geboren. Mit Flei\u00df, Geduld und Leidenschaft widmete Sie sich der Kunst. Von der Realschule in Neuenkirchen ging es nach der Erfolgreichen Mappenpr\u00fcfung nach M\u00fcnster &hellip; <a href=\"https:\/\/muenster.org\/schanze\/aktuelles\/aktuelle\/natascha-fix\/\" class=\"more-link\"><span class=\"screen-reader-text\">Natascha Fix<\/span> weiterlesen<\/a><\/p>\n","protected":false},"author":1,"featured_media":0,"parent":42,"menu_order":0,"comment_status":"closed","ping_status":"closed","template":"","meta":{"ngg_post_thumbnail":0,"footnotes":""},"class_list":["post-377","page","type-page","status-publish","hentry"],"_links":{"self":[{"href":"https:\/\/muenster.org\/schanze\/wp-json\/wp\/v2\/pages\/377","targetHints":{"allow":["GET"]}}],"collection":[{"href":"https:\/\/muenster.org\/schanze\/wp-json\/wp\/v2\/pages"}],"about":[{"href":"https:\/\/muenster.org\/schanze\/wp-json\/wp\/v2\/types\/page"}],"author":[{"embeddable":true,"href":"https:\/\/muenster.org\/schanze\/wp-json\/wp\/v2\/users\/1"}],"replies":[{"embeddable":true,"href":"https:\/\/muenster.org\/schanze\/wp-json\/wp\/v2\/comments?post=377"}],"version-history":[{"count":12,"href":"https:\/\/muenster.org\/schanze\/wp-json\/wp\/v2\/pages\/377\/revisions"}],"predecessor-version":[{"id":987,"href":"https:\/\/muenster.org\/schanze\/wp-json\/wp\/v2\/pages\/377\/revisions\/987"}],"up":[{"embeddable":true,"href":"https:\/\/muenster.org\/schanze\/wp-json\/wp\/v2\/pages\/42"}],"wp:attachment":[{"href":"https:\/\/muenster.org\/schanze\/wp-json\/wp\/v2\/media?parent=377"}],"curies":[{"name":"wp","href":"https:\/\/api.w.org\/{rel}","templated":true}]}}