{"id":388,"date":"2019-11-11T15:11:34","date_gmt":"2019-11-11T14:11:34","guid":{"rendered":"http:\/\/muenster.org\/schanze\/?page_id=388"},"modified":"2024-01-27T18:00:33","modified_gmt":"2024-01-27T17:00:33","slug":"michael-hassels","status":"publish","type":"page","link":"https:\/\/muenster.org\/schanze\/michael-hassels\/","title":{"rendered":"Michael Hassels"},"content":{"rendered":"<h3>Zeichner &amp; Grafiker<\/h3>\n<p><strong><a href=\"https:\/\/muenster.org\/schanze\/ausstellungen\/mifi-port\/\" rel=\"attachment wp-att-287\"><img loading=\"lazy\" decoding=\"async\" class=\"size-medium wp-image-287 alignleft\" src=\"https:\/\/muenster.org\/schanze\/wp-content\/uploads\/2018\/10\/mifi-port-240x300.jpg\" alt=\"\" width=\"240\" height=\"300\" srcset=\"https:\/\/muenster.org\/schanze\/wp-content\/uploads\/2018\/10\/mifi-port-240x300.jpg 240w, https:\/\/muenster.org\/schanze\/wp-content\/uploads\/2018\/10\/mifi-port-768x960.jpg 768w, https:\/\/muenster.org\/schanze\/wp-content\/uploads\/2018\/10\/mifi-port-819x1024.jpg 819w, https:\/\/muenster.org\/schanze\/wp-content\/uploads\/2018\/10\/mifi-port.jpg 1181w\" sizes=\"auto, (max-width: 240px) 100vw, 240px\" \/><\/a><\/strong><\/p>\n<p>&nbsp;<\/p>\n<p>&nbsp;<\/p>\n<p>&nbsp;<\/p>\n<p>&nbsp; &nbsp; &nbsp; &nbsp;&nbsp;<\/p>\n<p>\u00a9 Foto: Ilse Wecker&nbsp;<\/p>\n<p><a href=\"https:\/\/michadesign.jimdo.com\/\"><br>https:\/\/michadesign.jimdofree.com\/<\/a><\/p>\n<div class=\"cc-m-hgrid-column\">\n<div id=\"cc-matrix-1877198511\">\n<div id=\"cc-m-7434171411\" class=\"j-module n j-text \">\n<p><strong>28.05.1951<\/strong><\/p>\n<p>in Seesen am Harz geboren<\/p>\n<p><strong>Lebt und arbeitet in M\u00fcnster<\/strong><\/p>\n<p><strong>KONTAKT<\/strong><\/p>\n<p>michael.hassels@t-online.de<\/p>\n<p><a href=\"https:\/\/muenster.org\/schanze\/michael-hassels\/fuer-monsieur-k-2\/\" rel=\"attachment wp-att-969\"><img loading=\"lazy\" decoding=\"async\" class=\"size-medium wp-image-969 alignleft\" src=\"https:\/\/muenster.org\/schanze\/wp-content\/uploads\/2023\/12\/Fuer-Monsieur-K-1-300x133.jpeg\" alt=\"\" width=\"300\" height=\"133\" srcset=\"https:\/\/muenster.org\/schanze\/wp-content\/uploads\/2023\/12\/Fuer-Monsieur-K-1-300x133.jpeg 300w, https:\/\/muenster.org\/schanze\/wp-content\/uploads\/2023\/12\/Fuer-Monsieur-K-1-1024x455.jpeg 1024w, https:\/\/muenster.org\/schanze\/wp-content\/uploads\/2023\/12\/Fuer-Monsieur-K-1-768x342.jpeg 768w, https:\/\/muenster.org\/schanze\/wp-content\/uploads\/2023\/12\/Fuer-Monsieur-K-1-1536x683.jpeg 1536w, https:\/\/muenster.org\/schanze\/wp-content\/uploads\/2023\/12\/Fuer-Monsieur-K-1-2048x911.jpeg 2048w\" sizes=\"auto, (max-width: 300px) 100vw, 300px\" \/><\/a><\/p>\n<p>F\u00fcr Monsieur K., Pigment und Acryl auf Fotokarton, 70 cm x 150 cm<\/p>\n<\/div>\n<\/div>\n<\/div>\n<p>&nbsp;<\/p>\n<p>&nbsp;<\/p>\n<div class=\"cc-m-hgrid-column last\">\n<div id=\"cc-matrix-1877198611\">\n<div id=\"cc-m-7435251411\" class=\"j-module n j-spacing \">\n<div class=\"cc-m-spacer\"><a href=\"https:\/\/muenster.org\/schanze\/michael-hassels\/latein-2\/\" rel=\"attachment wp-att-965\"><img loading=\"lazy\" decoding=\"async\" class=\"alignright size-full wp-image-965\" src=\"https:\/\/muenster.org\/schanze\/wp-content\/uploads\/2023\/12\/latein-2.jpg\" alt=\"\" width=\"7913\" height=\"7677\"><\/a><\/div>\n<\/div>\n<div id=\"cc-m-7435234211\" class=\"j-module n j-imageSubtitle \">&nbsp;<\/div>\n<\/div>\n<\/div>\n<div class=\"cc-m-hgrid-overlay\" data-display=\"cms-only\">&nbsp;<\/div>\n\n\n<p>Latein 2, Tusche und \u00d6lkreide auf Papier, 6 x A4, 2020<\/p>\n\n\n\n<p><\/p>\n\n\n\n<figure class=\"wp-block-image size-large\"><img loading=\"lazy\" decoding=\"async\" width=\"1024\" height=\"505\" src=\"https:\/\/muenster.org\/schanze\/wp-content\/uploads\/2023\/12\/Scratch-1024x505.jpg\" alt=\"\" class=\"wp-image-966\" srcset=\"https:\/\/muenster.org\/schanze\/wp-content\/uploads\/2023\/12\/Scratch-1024x505.jpg 1024w, https:\/\/muenster.org\/schanze\/wp-content\/uploads\/2023\/12\/Scratch-300x148.jpg 300w, https:\/\/muenster.org\/schanze\/wp-content\/uploads\/2023\/12\/Scratch-768x379.jpg 768w, https:\/\/muenster.org\/schanze\/wp-content\/uploads\/2023\/12\/Scratch-1536x757.jpg 1536w, https:\/\/muenster.org\/schanze\/wp-content\/uploads\/2023\/12\/Scratch-2048x1010.jpg 2048w\" sizes=\"auto, (max-width: 1024px) 100vw, 1024px\" \/><\/figure>\n\n\n\n<p>Scratch, Kohle auf Papier, 70 cm x 150 cm, 2019            <\/p>\n\n\n\n<p><\/p>\n\n\n\n<p><\/p>\n\n\n\n<figure class=\"wp-block-image size-full\"><img loading=\"lazy\" decoding=\"async\" width=\"640\" height=\"480\" src=\"https:\/\/muenster.org\/schanze\/wp-content\/uploads\/2023\/12\/Got-no-moneyfor-Scully.jpg\" alt=\"\" class=\"wp-image-967\" srcset=\"https:\/\/muenster.org\/schanze\/wp-content\/uploads\/2023\/12\/Got-no-moneyfor-Scully.jpg 640w, https:\/\/muenster.org\/schanze\/wp-content\/uploads\/2023\/12\/Got-no-moneyfor-Scully-300x225.jpg 300w\" sizes=\"auto, (max-width: 640px) 100vw, 640px\" \/><\/figure>\n\n\n\n<p>Got no money for Scully, Acryl und farbiges Klebeband auf Karton, 70 cm x 150 cm, 2023<\/p>\n\n\n\n<p><\/p>\n\n\n\n<figure class=\"wp-block-image size-full\"><img loading=\"lazy\" decoding=\"async\" width=\"619\" height=\"299\" src=\"https:\/\/muenster.org\/schanze\/wp-content\/uploads\/2023\/12\/Natural-History.jpg\" alt=\"\" class=\"wp-image-968\" srcset=\"https:\/\/muenster.org\/schanze\/wp-content\/uploads\/2023\/12\/Natural-History.jpg 619w, https:\/\/muenster.org\/schanze\/wp-content\/uploads\/2023\/12\/Natural-History-300x145.jpg 300w\" sizes=\"auto, (max-width: 619px) 100vw, 619px\" \/><\/figure>\n\n\n\n<p>Natural History, Pigmente, Blei und \u00d6lkreide auf Fotokarton, 70 cm x 150 cm, 1995<\/p>\n","protected":false},"excerpt":{"rendered":"<p>Zeichner &amp; Grafiker &nbsp; &nbsp; &nbsp; &nbsp; &nbsp; &nbsp; &nbsp;&nbsp; \u00a9 Foto: Ilse Wecker&nbsp; https:\/\/michadesign.jimdofree.com\/ 28.05.1951 in Seesen am Harz geboren Lebt und arbeitet in M\u00fcnster KONTAKT michael.hassels@t-online.de F\u00fcr Monsieur K., Pigment und Acryl auf Fotokarton, 70 cm x 150 cm &nbsp; &nbsp; &nbsp; &nbsp; Latein 2, Tusche und \u00d6lkreide auf Papier, 6 x A4, &hellip; <a href=\"https:\/\/muenster.org\/schanze\/michael-hassels\/\" class=\"more-link\"><span class=\"screen-reader-text\">Michael Hassels<\/span> weiterlesen<\/a><\/p>\n","protected":false},"author":1,"featured_media":0,"parent":0,"menu_order":0,"comment_status":"closed","ping_status":"closed","template":"","meta":{"ngg_post_thumbnail":0,"footnotes":""},"class_list":["post-388","page","type-page","status-publish","hentry"],"_links":{"self":[{"href":"https:\/\/muenster.org\/schanze\/wp-json\/wp\/v2\/pages\/388","targetHints":{"allow":["GET"]}}],"collection":[{"href":"https:\/\/muenster.org\/schanze\/wp-json\/wp\/v2\/pages"}],"about":[{"href":"https:\/\/muenster.org\/schanze\/wp-json\/wp\/v2\/types\/page"}],"author":[{"embeddable":true,"href":"https:\/\/muenster.org\/schanze\/wp-json\/wp\/v2\/users\/1"}],"replies":[{"embeddable":true,"href":"https:\/\/muenster.org\/schanze\/wp-json\/wp\/v2\/comments?post=388"}],"version-history":[{"count":14,"href":"https:\/\/muenster.org\/schanze\/wp-json\/wp\/v2\/pages\/388\/revisions"}],"predecessor-version":[{"id":988,"href":"https:\/\/muenster.org\/schanze\/wp-json\/wp\/v2\/pages\/388\/revisions\/988"}],"wp:attachment":[{"href":"https:\/\/muenster.org\/schanze\/wp-json\/wp\/v2\/media?parent=388"}],"curies":[{"name":"wp","href":"https:\/\/api.w.org\/{rel}","templated":true}]}}