{"id":393,"date":"2019-11-11T15:13:57","date_gmt":"2019-11-11T14:13:57","guid":{"rendered":"http:\/\/muenster.org\/schanze\/?page_id=393"},"modified":"2019-12-22T14:01:00","modified_gmt":"2019-12-22T13:01:00","slug":"peter-kaiser","status":"publish","type":"page","link":"https:\/\/muenster.org\/schanze\/peter-kaiser\/","title":{"rendered":"Peter Kaiser"},"content":{"rendered":"<h3>Designer, Fotograf &amp; Installationsk\u00fcnstler<\/h3>\n<p>Seit 2011 Dozent an der Fachhochschule f\u00fcr Design (M\u00fcnster School of Design).<\/p>\n<p>Zudem t\u00e4tig als P\u00e4dagoge im Landesprogramm NRW \u201eKultur und Schule\u201c. In diesem Zusammenhang m\u00f6chten wir gerne auf folgende externe Links diesbez\u00fcglich aufmerksam machen:<br \/>\n<a href=\"http:\/\/kunst-trifft-kohl.de\/kirsten-kaiser\/\">http:\/\/kunst-trifft-kohl.de\/kirsten-kaiser\/<\/a><br \/>\n<a href=\"https:\/\/kultur-und-schule.de\/de_DE\/kuenstler\/peter-kaiser.28040\">https:\/\/kultur-und-schule.de\/de_DE\/kuenstler\/peter-kaiser.28040<\/a><\/p>\n","protected":false},"excerpt":{"rendered":"<p>Designer, Fotograf &amp; Installationsk\u00fcnstler Seit 2011 Dozent an der Fachhochschule f\u00fcr Design (M\u00fcnster School of Design). Zudem t\u00e4tig als P\u00e4dagoge im Landesprogramm NRW \u201eKultur und Schule\u201c. In diesem Zusammenhang m\u00f6chten wir gerne auf folgende externe Links diesbez\u00fcglich aufmerksam machen: http:\/\/kunst-trifft-kohl.de\/kirsten-kaiser\/ https:\/\/kultur-und-schule.de\/de_DE\/kuenstler\/peter-kaiser.28040<\/p>\n","protected":false},"author":1,"featured_media":0,"parent":0,"menu_order":0,"comment_status":"closed","ping_status":"closed","template":"","meta":{"ngg_post_thumbnail":0,"footnotes":""},"class_list":["post-393","page","type-page","status-publish","hentry"],"_links":{"self":[{"href":"https:\/\/muenster.org\/schanze\/wp-json\/wp\/v2\/pages\/393","targetHints":{"allow":["GET"]}}],"collection":[{"href":"https:\/\/muenster.org\/schanze\/wp-json\/wp\/v2\/pages"}],"about":[{"href":"https:\/\/muenster.org\/schanze\/wp-json\/wp\/v2\/types\/page"}],"author":[{"embeddable":true,"href":"https:\/\/muenster.org\/schanze\/wp-json\/wp\/v2\/users\/1"}],"replies":[{"embeddable":true,"href":"https:\/\/muenster.org\/schanze\/wp-json\/wp\/v2\/comments?post=393"}],"version-history":[{"count":7,"href":"https:\/\/muenster.org\/schanze\/wp-json\/wp\/v2\/pages\/393\/revisions"}],"predecessor-version":[{"id":582,"href":"https:\/\/muenster.org\/schanze\/wp-json\/wp\/v2\/pages\/393\/revisions\/582"}],"wp:attachment":[{"href":"https:\/\/muenster.org\/schanze\/wp-json\/wp\/v2\/media?parent=393"}],"curies":[{"name":"wp","href":"https:\/\/api.w.org\/{rel}","templated":true}]}}