{"id":401,"date":"2019-11-11T15:30:01","date_gmt":"2019-11-11T14:30:01","guid":{"rendered":"http:\/\/muenster.org\/schanze\/?page_id=401"},"modified":"2024-04-28T19:07:43","modified_gmt":"2024-04-28T17:07:43","slug":"prof-dr-erwin-josef-speckmann","status":"publish","type":"page","link":"https:\/\/muenster.org\/schanze\/prof-dr-erwin-josef-speckmann\/","title":{"rendered":"Prof. Dr. Erwin Josef Speckmann"},"content":{"rendered":"<div class=\"jtpl-content content-options cc-content-parent\">\n<div class=\"jtpl-content__inner cc-content-parent\">\n<div id=\"content_area\" data-container=\"content\">\n<div id=\"cc-matrix-1877197411\">\n<div id=\"cc-m-7434176311\" class=\"j-module n j-hgrid \">\n<div class=\"cc-m-hgrid-column\">\n<div id=\"cc-matrix-1877200911\">\n<div id=\"cc-m-7434176411\" class=\"j-module n j-text \">\n<h3 class=\"cc-imagewrapper cc-m-image-align-1\">Skulptur &amp; Malerei<\/h3>\n<h3 class=\"cc-imagewrapper cc-m-image-align-1\"><a href=\"https:\/\/muenster.org\/schanze\/prof-dr-erwin-josef-speckmann\/ejs_photo_2023\/\" rel=\"attachment wp-att-874\"><img loading=\"lazy\" decoding=\"async\" class=\"size-medium wp-image-874 alignleft\" src=\"https:\/\/muenster.org\/schanze\/wp-content\/uploads\/2023\/05\/EJS_Photo_2023-169x300.jpg\" alt=\"\" width=\"169\" height=\"300\" srcset=\"https:\/\/muenster.org\/schanze\/wp-content\/uploads\/2023\/05\/EJS_Photo_2023-169x300.jpg 169w, https:\/\/muenster.org\/schanze\/wp-content\/uploads\/2023\/05\/EJS_Photo_2023-576x1024.jpg 576w, https:\/\/muenster.org\/schanze\/wp-content\/uploads\/2023\/05\/EJS_Photo_2023-768x1365.jpg 768w, https:\/\/muenster.org\/schanze\/wp-content\/uploads\/2023\/05\/EJS_Photo_2023-864x1536.jpg 864w, https:\/\/muenster.org\/schanze\/wp-content\/uploads\/2023\/05\/EJS_Photo_2023-1152x2048.jpg 1152w, https:\/\/muenster.org\/schanze\/wp-content\/uploads\/2023\/05\/EJS_Photo_2023-scaled.jpg 1440w\" sizes=\"auto, (max-width: 169px) 100vw, 169px\" \/><\/a><\/h3>\n<p>&nbsp;<\/p>\n<p>&nbsp;<\/p>\n<p>&nbsp;<\/p>\n<p>&nbsp;<\/p>\n<p>&nbsp;<\/p>\n<p>&nbsp;<\/p>\n<p>1939 in M\u00fcnster geboren<\/p>\n<p>1950 &#8211; 1959 K\u00fcnstlerische Ausbildung bei Franz Homoet<\/p>\n<p>1959 &#8211; 1965 Studium der Medizin in M\u00fcnster und Wien<\/p>\n<p>1986 Lehrstuhl f\u00fcr Neurophysiologie, Universit\u00e4t M\u00fcnster<\/p>\n<p>seit 2003 Lehrauftrag an der Kunstakademie M\u00fcnster<\/p>\n<p>2005 Emeritierung; Fortsetzung der wissenschaftlichen Arbeit<\/p>\n<p>seit 2008 Mitglied der Freien K\u00fcnstlergemeinschaft Schanze e. V. M\u00fcnster<\/p>\n<p><strong>Lebt und arbeitet in M\u00fcnste<\/strong>r<\/p>\n<p>&nbsp;<\/p>\n<p>WEITERE INFOS<\/p>\n<p><a title=\"https:\/\/de.wikipedia.org\/wiki\/Erwin-Josef_Speckmann\" href=\"https:\/\/de.wikipedia.org\/wiki\/Erwin-Josef_Speckmann\" target=\"_blank\" rel=\"noopener noreferrer\"><strong>https:\/\/de.wikipedia.org\/wiki\/Erwin-Josef_Speckmann<\/strong><\/a><\/p>\n<p><a title=\"https:\/\/en.wikipedia.org\/wiki\/Erwin-Josef_Speckmann\" href=\"https:\/\/en.wikipedia.org\/wiki\/Erwin-Josef_Speckmann\" target=\"_blank\" rel=\"noopener noreferrer\"><strong>https:\/\/en.wikipedia.org\/wiki\/Erwin-Josef_Speckmann<\/strong><\/a><\/p>\n<p><a title=\"http:\/\/www.extraktekunst.de\" href=\"http:\/\/www.extraktekunst.de\" target=\"_blank\" rel=\"noopener noreferrer\"><strong>http:\/\/www.extraktekunst.de<\/strong><\/a><\/p>\n<p><strong>e-mail: speckma@uni-muenster.de<\/strong><\/p>\n<\/div>\n<\/div>\n<\/div>\n<\/div>\n<div id=\"cc-m-7436794911\" class=\"j-module n j-hgrid \">\n<div class=\"cc-m-hgrid-column\">\n<div id=\"cc-matrix-1878273711\">\n<div id=\"cc-m-7437272111\" class=\"j-module n j-text \">\n<p>Erwin-Josef Speckmann (EJS) fasst seine k\u00fcnstlerischen Arbeiten, die auf das&nbsp;Wesentliche, den Kern, die Idee des Wiederzugebenden gerichtet sind, als&nbsp;\u201eExtrakte Kunst\u201d zusammen (www.extraktekunst.de).<\/p>\n<p>Das k\u00fcnstlerische \u0152uvre von EJS enth\u00e4lt Skulptur und Malerei. In der Malerei&nbsp;sind zu den konventionellen Materialien, wie Leinwand und Karton als Malgr\u00fcnde und \u00d6l- und Gouache-Farben zur bildnerischen Gestaltung, Papiere&nbsp;und Tuschen unterschiedlicher Herkunft hinzugekommen.&nbsp;<\/p>\n<\/div>\n<\/div>\n<\/div>\n<div class=\"cc-m-hgrid-separator\" data-display=\"cms-only\">\n<div>&nbsp;<\/div>\n<\/div>\n<div class=\"cc-m-hgrid-column last\">\n<div id=\"cc-matrix-1878117811\">&nbsp;<\/div>\n<\/div>\n<div class=\"cc-m-hgrid-overlay\" data-display=\"cms-only\">&nbsp;<\/div>\n<\/div>\n<\/div>\n<\/div>\n<\/div>\n<\/div>\n<footer class=\"jtpl-section-aside sidebar-options\">\n<div class=\"jtpl-section-aside__inner\">\n<div data-container=\"sidebar\">\n<div id=\"cc-matrix-1873283211\">\n<div id=\"cc-m-7423233111\" class=\"j-module n j-spacing \">\n<div class=\"cc-m-spacer\">&nbsp;<\/div>\n<\/div>\n<\/div>\n<\/div>\n<\/div>\n<\/footer>\n","protected":false},"excerpt":{"rendered":"<p>Skulptur &amp; Malerei &nbsp; &nbsp; &nbsp; &nbsp; &nbsp; &nbsp; 1939 in M\u00fcnster geboren 1950 &#8211; 1959 K\u00fcnstlerische Ausbildung bei Franz Homoet 1959 &#8211; 1965 Studium der Medizin in M\u00fcnster und Wien 1986 Lehrstuhl f\u00fcr Neurophysiologie, Universit\u00e4t M\u00fcnster seit 2003 Lehrauftrag an der Kunstakademie M\u00fcnster 2005 Emeritierung; Fortsetzung der wissenschaftlichen Arbeit seit 2008 Mitglied der Freien &hellip; <a href=\"https:\/\/muenster.org\/schanze\/prof-dr-erwin-josef-speckmann\/\" class=\"more-link\"><span class=\"screen-reader-text\">Prof. Dr. Erwin Josef Speckmann<\/span> weiterlesen<\/a><\/p>\n","protected":false},"author":1,"featured_media":0,"parent":0,"menu_order":0,"comment_status":"closed","ping_status":"closed","template":"","meta":{"ngg_post_thumbnail":0,"footnotes":""},"class_list":["post-401","page","type-page","status-publish","hentry"],"_links":{"self":[{"href":"https:\/\/muenster.org\/schanze\/wp-json\/wp\/v2\/pages\/401","targetHints":{"allow":["GET"]}}],"collection":[{"href":"https:\/\/muenster.org\/schanze\/wp-json\/wp\/v2\/pages"}],"about":[{"href":"https:\/\/muenster.org\/schanze\/wp-json\/wp\/v2\/types\/page"}],"author":[{"embeddable":true,"href":"https:\/\/muenster.org\/schanze\/wp-json\/wp\/v2\/users\/1"}],"replies":[{"embeddable":true,"href":"https:\/\/muenster.org\/schanze\/wp-json\/wp\/v2\/comments?post=401"}],"version-history":[{"count":8,"href":"https:\/\/muenster.org\/schanze\/wp-json\/wp\/v2\/pages\/401\/revisions"}],"predecessor-version":[{"id":1075,"href":"https:\/\/muenster.org\/schanze\/wp-json\/wp\/v2\/pages\/401\/revisions\/1075"}],"wp:attachment":[{"href":"https:\/\/muenster.org\/schanze\/wp-json\/wp\/v2\/media?parent=401"}],"curies":[{"name":"wp","href":"https:\/\/api.w.org\/{rel}","templated":true}]}}