{"id":43,"date":"2018-04-30T20:06:05","date_gmt":"2018-04-30T18:06:05","guid":{"rendered":"http:\/\/muenster.org\/schanze\/?page_id=43"},"modified":"2023-09-19T19:39:42","modified_gmt":"2023-09-19T17:39:42","slug":"ehemalige","status":"publish","type":"page","link":"https:\/\/muenster.org\/schanze\/ehemalige\/","title":{"rendered":"Ehemalige"},"content":{"rendered":"\n<p>Ehemalige K\u00fcnstlerinnen und K\u00fcnstler der Freien K\u00fcnstlergemeinschaft Schanze e.V.<br><br>Diese Liste erhebt keinen Anspruch auf Vollst\u00e4ndigkeit und enth\u00e4lt  recherchierte Daten v.a. aus den Katalogen der Schanze.<\/p>\n\n\n\n<p>(* geb. + gest., Eintrittsjahr (und\nAustritt) in Schanze) Stand 2019<\/p>\n\n\n\n<p><strong>Peter Abbing <\/strong>(Maler,\nGrafiker) 1981<\/p>\n\n\n\n<p><strong>P.D. Althaus <\/strong>(Schriftsteller,\nDichter) 1920<\/p>\n\n\n\n<p><strong>Alex von\nAssaulenko<\/strong> (Maler) *25.7.1913 L\u00fcbny, Ru\u00dfland<\/p>\n\n\n\n<p><strong>Ernst Bahn <\/strong>(Maler,\nGrafiker, Bildhauer) * 9.8.1901 Bonn, 1922 <\/p>\n\n\n\n<p><strong>Siegfried Becker <\/strong>(Maler,\nKunsterzieher) * 1953, 1981-2010<\/p>\n\n\n\n<p><strong>Heinrich Benteler<\/strong>&nbsp; (Architekt) *10.11.1892 M\u00fcnster, 1921<\/p>\n\n\n\n<p><strong>Prof. Bernhard\nBleeker&nbsp; <\/strong>(Maler) 1923<\/p>\n\n\n\n<p><strong>Prof. Hermann Bleeker\n<\/strong>(Medailleur, Bildhauer)*1889 M\u00fcnster, &nbsp;1923<\/p>\n\n\n\n<p><strong>Berthold B\u00f6ckmann <\/strong>(Maler,\nGrafiker, Bildhauer) *25.2.1952 +4.9.2012, 1976<\/p>\n\n\n\n<p><strong>Hilm B\u00f6ckmann <\/strong>(Maler,\nGrafiker) *27.11.1932, 1963-1994, Gr\u00fcnder der Neuen Gruppe M\u00fcnster M60<\/p>\n\n\n\n<p><strong>Hermann B\u00f6ning <\/strong>(Maler,\nBildhauer) *1959 Hilkerode, 1958<\/p>\n\n\n\n<p><strong>Stefan Bonhoff <\/strong>(Maler)\n*1952 M\u00fcnster, 1987<\/p>\n\n\n\n<p><strong>Hubertus Brouwer <\/strong>(Maler)\n1985<\/p>\n\n\n\n<p><strong>Ernst Theodor van\nBriel <\/strong>(Maler, Grafiker, Bildhauer) *4.10.1904 Kleve +Telgte, 1965<\/p>\n\n\n\n<p><strong>Bernhard Br\u00f6ker <\/strong>(Maler,\nGraphiker) *22.12.1883 M\u00fcnster +04.02.1969, 1919<\/p>\n\n\n\n<p><strong>Helga Brockp\u00e4hler <\/strong>(Malerin,\nGrafikerin) *06.12.1936 Meppen, ca. 1998-2005<\/p>\n\n\n\n<p><strong>Leo(nhard) Burgholz <\/strong>(Maler,\nGrafiker) *3.11.1892 Warendorf +01.09.1960, 1928, 1939\/ 1941, 1945-1953 Kanzler\nder Schanze<\/p>\n\n\n\n<p><strong>Prof. (Georg)\nBurmester&nbsp; <\/strong>(Maler)<\/p>\n\n\n\n<p><strong>Carl Busch&nbsp; <\/strong>(Maler, Graphiker, B\u00fchnenbildner)\n*27.06.1905 M\u00fcnster +1973, 1929<\/p>\n\n\n\n<p><strong>Rolf Busch-Matthiesen\n<\/strong>(Maler, Graphiker, Kunsterzieher) *13.03.1934 M\u00fcnster + 2017 M\u00fcnster,\n1975-1982 Kanzler der Schanze<\/p>\n\n\n\n<p><strong>Florenz Busch&nbsp; <\/strong>(Maler), *1933, 1986, 1988-1992 Kanzler\nder Schanze<\/p>\n\n\n\n<p><strong>Klaus Bushoff &nbsp;<\/strong>( Maler, Graphiker&nbsp; ) *15.05.1937 M\u00fcnster, 1962<\/p>\n\n\n\n<p><strong>Ludwig Butt<\/strong><\/p>\n\n\n\n<p><strong>Ludwig D. Chastinet <\/strong>(Maler,\nGraphiker)Kritiker, als K\u00fcnstler\n1946 ausgestellt, im Krieg gefallen<\/p>\n\n\n\n<p><strong>Gilla Cardaun <\/strong>(Objektk\u00fcnstlerin)<\/p>\n\n\n\n<p><strong>Bettina Dellwig <\/strong>&nbsp;(Malerin) *03.04.1959 Unna + Dez. 2016\nM\u00fchlheim\/ Ruhr<\/p>\n\n\n\n<p><strong>Carl Diening&nbsp; <\/strong>(Architekt) *18.07.1901 M\u00fcnster, + gefallen\n27.02.1945 bei Fredeburg\/ Sauerland<\/p>\n\n\n\n<p><strong>Kurt Diening &nbsp;<\/strong>(Architekt) *31.08.1907 M\u00fcnster, 1934<\/p>\n\n\n\n<p><strong>Gabriele\nDietrich-Mintenbeck <\/strong>(freie Graphikerin) *19.08.1947<\/p>\n\n\n\n<p><strong>Oskar Kurt D\u00f6brich <\/strong>(Maler,\nGraphiker, Kunsterzieher)*17.05.1911 Metz<\/p>\n\n\n\n<p><strong>Norbert Dolezich <\/strong>(Schlosser,\nGraphiker, Maler, Kunsterzieher) *1906 Bielschowitz\/ Oberschlesien<\/p>\n\n\n\n<p><strong>Hans-Georg\nDornhege&nbsp; <\/strong>(Maler) *1938 M\u00fcnster, 1980\n<\/p>\n\n\n\n<p><strong>Carlo D\u00fcrselen&nbsp; <\/strong>(Metallbildhauer) *29.10.1926 M\u00fcnster,\n1968<\/p>\n\n\n\n<p><strong>Josef D\u00fcrselen <\/strong>(Buchbinder,\nLehrer) *10.07.1900 M\u00fcnster, 1923<\/p>\n\n\n\n<p><strong>Etti Drerup <\/strong>(Textilk\u00fcnstlerin)\n*17.03.1920 Rheine<\/p>\n\n\n\n<p><strong>Karl Drerup<\/strong> (Maler,\nHandwerk und Kunstgewerbe) *26.08.1904 Borghorst, 1977&nbsp; <\/p>\n\n\n\n<p><strong>Klaus Ebert<\/strong> (Maler,\nKunsterzieher) *1949 M\u00fcnster + 2004 M\u00fcnster, 1977, 1982-1988\/\n1992-2001\/2003-2003 Kanzler der Schanze<\/p>\n\n\n\n<p><strong>Jutta Engelage<\/strong> (Fotografin) *1960 N\u00fcrnberg<\/p>\n\n\n\n<p><strong>Karl-Heinz Engstfeld <\/strong>&nbsp;&nbsp;(Kunsterzieher)\n*1923&nbsp; D\u00fcsseldorf, 1976 <\/p>\n\n\n\n<p><strong>Ruth\nEngstfeld-Schremper<\/strong> &nbsp;(Malerin und\nGraphikerin) *24.11.1921 Dortmund, 1956<\/p>\n\n\n\n<p><strong>Ludwig Fassbaender<\/strong>\n( Musiker und Maler) *02.03.1894 St. Johannn a.S.<\/p>\n\n\n\n<p><strong>Lorenz Fehige <\/strong>&nbsp;(Architekt) *04.08.1914 M\u00fcnster (Tischler,\nArchitekt), 1949<\/p>\n\n\n\n<p><strong>Eugen Fernholz&nbsp; <\/strong>(Landschafts- und Portr\u00e4tmaler)\n*28.09.1874 M\u00fcnster &nbsp;+19.12.1935 M\u00fcnster<\/p>\n\n\n\n<p><strong>Lucia Waniek-Foerster\n<\/strong>(Malerin, Kunsterzieherin)*1937,\n1983<\/p>\n\n\n\n<p><strong>Wolfgang Fr\u00e4ger <\/strong>&nbsp;(Graphiker, Bildhauer) *06.08.1923 Bergkamen\n+1983 B\u00f6nen, 1968<\/p>\n\n\n\n<p><strong>Heinrich Friedrichs <\/strong>(Bildhauer)\n* Warendorf&nbsp;&nbsp; <\/p>\n\n\n\n<p><strong>Bernhard Gewers <\/strong>(Bildhauer)\n*27.04.1927 Vreden +18.02.2012, 1965<\/p>\n\n\n\n<p><strong>Marisa Girard <\/strong>(Performerin\nund Malerin)<\/p>\n\n\n\n<p><strong>Wilhelm G\u00f6tting <\/strong>(Goldschmied,\nPortr\u00e4t- und Landschaftsmaler) *02.02.1901 Menden\/ Kreis Iserlohn<\/p>\n\n\n\n<p><strong>Helmut Gockel <\/strong>(Maler) *04.10.1915 M\u00fcnster, 1952, + 28.05.2003<\/p>\n\n\n\n<p><strong>Lothar Graff &nbsp;<\/strong>(freier Maler und Graphiker) *28.09.1914\nLeer\/ Ostfriesland +21.12.1978, &nbsp;1949<\/p>\n\n\n\n<p><strong>Luise Graff-Lederer<\/strong>\n(Malerin, Kunsterzieherin) *17.05.1916 Donauw\u00f6rth, 1949<\/p>\n\n\n\n<p><strong>Paul Griesser <\/strong>&nbsp;(Architekt)<\/p>\n\n\n\n<p><strong>Anke Gollub<\/strong>\n(Installations-\/Objektk\u00fcnstlerin) *1968 Altenburg\/ Th\u00fcringen<\/p>\n\n\n\n<p><strong>Uli Grohmann <\/strong>(Mail-Artist) *1955 Recklinghausen, 2015-2016 Kanzler der Schanze. +2023 M\u00fcnster<\/p>\n\n\n\n<p><strong>Fritz Grotzky&nbsp; <\/strong>(Maler) *24.03.1903 Hamburg-Bahlstedt<\/p>\n\n\n\n<p><strong>Prof. Franz\nGuntermann<\/strong>&nbsp; Leiter Bildhauerklasse\nf\u00fcr Handwerk und Kunstgewerbe<\/p>\n\n\n\n<p><strong>Prof. Friedrich\nGuntermann<\/strong><\/p>\n\n\n\n<p><strong>Josef Hagedorn &nbsp;<\/strong>(Maler, (Gebrauchs-)Graphiker) *14.09.1913\nGelmer\/ Westfalen, 1937<\/p>\n\n\n\n<p><strong>Bert Emil Hartwig <\/strong>(Maler)\n*20.07.1907 Sinsen bei Recklinghausen +07.02.1996, 1934<br>\n<br>\n<strong>Ernst Hase <\/strong>&nbsp;(Landschafts- und Portr\u00e4tmaler) *26.09.1889 M\u00fcnster\/\nWestfalen &nbsp;+29.09.1968, 1922, 1932-1933\nKanzler der Schanze<\/p>\n\n\n\n<p><strong>Karl Hauenherm &nbsp;<\/strong>(Maler) *11.08.1898 Rheine &nbsp;+17.08.1924 M\u00fcnster, 1923<\/p>\n\n\n\n<p><strong>Werner Heine <\/strong>(Maler,\nGraphiker) *09.03.1922 M\u00fcnster<\/p>\n\n\n\n<p><strong>Max Heinisch<\/strong><\/p>\n\n\n\n<p><strong>Susanne Hegmann <\/strong>(Malerin)*1957\nEssen , 1984<\/p>\n\n\n\n<p><strong>Thomas Hering &nbsp;<\/strong>(freie und angewandte Malerei) *19.01.1939\nFrauendorf Kreis Randow<\/p>\n\n\n\n<p><strong>Ernst Hermanns (sen)<\/strong>\n(Maler, Graphiker) *06.10.1889 Solingen- Wald, Mitgr\u00fcnder der Schanze<\/p>\n\n\n\n<p><strong>Ernst Hermanns (jun) <\/strong>)\n(Bildhauer) *08.12.1914 M\u00fcnster&nbsp;\n+28.11.2000 Bad Aibling, Mitbegr\u00fcnder der Gruppe \u201eJunger Westen\u201c<\/p>\n\n\n\n<p><strong>Prof. Reinhard\nHerrmann <\/strong>(Graphiker, Illustrator, Hochschullehrer) *07.09.1923 M\u00fcnster\n+2002, 1955<\/p>\n\n\n\n<p><strong>Bernd Hinzelmann <\/strong>(Bildhauer,\nMaler) *1953 Raesfeld, 1981 <\/p>\n\n\n\n<p><strong>Theo H\u00f6lscher&nbsp; <\/strong>(Maler) *25.11.1895 M\u00fcnster\/ Westfalen +08.09.1966,\n1927, 1947 Mitgr\u00fcnder und Mitglied des \u201eWestdeutschen K\u00fcnstlerbundes\u201c Hagen<\/p>\n\n\n\n<p><strong>Franz Homoet <\/strong>(Maler) *25.08.1896, Greven, Haus Ostenfelde, +05.03.1971&nbsp; <\/p>\n\n\n\n<p><strong>Karl Kolter&nbsp; ten Hoonte<\/strong>&nbsp; <\/p>\n\n\n\n<p><strong>Ingrid Hullegie<\/strong> (Malerin)\n*1950, 1980<\/p>\n\n\n\n<p><strong>Paul H\u00fclsmann <\/strong>(Graphiker,\nMaler) *21.02.1924 Limbergen&nbsp; +2015\nRecklinghausen, 1954<\/p>\n\n\n\n<p><strong>Wilhelm Imkamp <\/strong>(Maler)\n*09.03.1906 M\u00fcnster, +01.11.1990 Stuttgart<\/p>\n\n\n\n<p><strong>Rolf-Michael Jancak <\/strong>(Graphiker,\nMaler) *1949 Kettwig, 1978-2018 <\/p>\n\n\n\n<p><strong>Hubert Janning&nbsp; <\/strong>(Bildhauer)*15.04.1929 Beerlage, 1964<\/p>\n\n\n\n<p><strong>Ingrid Janning <\/strong>(Bildhauerin) *1932 Stuttgart, 1977<\/p>\n\n\n\n<p><strong>Joos Jaspert <\/strong>&nbsp;(Maler,\nTextilk\u00fcnstler) *21.12.1891 Sendenhorst, &nbsp;+15.02.1939 M\u00fcnster, Gr\u00fcndung Werkstatt f\u00fcr Westfalenstoffe<\/p>\n\n\n\n<p><strong>Theo Junglas<\/strong> &nbsp;(Maler, Glasmaler) *03.03.1893 +1964, 1938 Gr\u00fcndung K\u00fcnstlersiedlung Angelmodde<\/p>\n\n\n\n<p><strong>Hermann Kissenk\u00f6tter&nbsp; <\/strong>(Bildhauer)\n*21.06.1897 +04.05.1957, 1927<\/p>\n\n\n\n<p><strong>Alfred Kitzig<\/strong> (Maler, Graphiker) *09.07.1902 Ahlen, +15.10.1964<\/p>\n\n\n\n<p><strong>Franz Stephan Klopietz &nbsp;<\/strong>(Maler,\nKunsterzieher) *26.12.1908 Wien, 1947<\/p>\n\n\n\n<p><strong>Herta von Klot <\/strong>(Keramikerin, Plastikerin) *1916 Recklinghausen<\/p>\n\n\n\n<p><strong>Walter Kl\u00f6ckner <\/strong>(Maler, Graphiker, Kunsterzieher) *15.01.1901\nFrankfurt am Main +18.05.1973, 1962<strong><br>\n<br>\nHedwig Kl\u00f6ckner-Triebe <\/strong>(Textilk\u00fcnstlerin, Kunsterzieherin) *18.02.1908\nK\u00f6ln, 1962<\/p>\n\n\n\n<p><strong>Herta von Klot <\/strong>(freie Keramikerin) *1916 Recklinghausen<\/p>\n\n\n\n<p><strong>Heribert Kl\u00fcner &nbsp;<\/strong>(Graphiker,\nKunsterzieher) *1929 <\/p>\n\n\n\n<p><strong>Jolanda Knauer <\/strong>(Fotografin, Plastikerin) *10.07.1932 Wien, 1970<\/p>\n\n\n\n<p><strong>Koschitz<\/strong><\/p>\n\n\n\n<p><strong>Dr. Franz-Josef Kosel <\/strong>(Maler, Graphiker, Kunsthistoriker,\nKunsterzieher) *1951 Ahlen +Aug. 2018<\/p>\n\n\n\n<p><strong>Andrea K\u00f6ster <\/strong><\/p>\n\n\n\n<p><strong>Hans Kraft <\/strong>(Maler, Gebrauchsgraphiker, Kunsterzieher)*02.05.1895 Paderborn, 1929<strong><br>\n<br>\nBernhard Krampe <\/strong>(Kirchliche Kunst, Paramentik)*15.08.1903 M\u00fcnster +31.12.1964\nM\u00fcnster, 1948<br>\n<br>\n<strong>Hans Kranefeld &nbsp;<\/strong>(Maler, Graphiker) *03.02.1914 Buer<\/p>\n\n\n\n<p><strong>G\u00fcnther Krewerth <\/strong>(Maler, Graphiker) *15.08.1921 M\u00fcnster +11.04.1988,\n1948<\/p>\n\n\n\n<p><strong>Kr\u00fcger <\/strong>(Theaterdirektor) 1920<\/p>\n\n\n\n<p><strong>Willi Landsknecht <\/strong>(Maler, Graphiker, Musiker, Objektk\u00fcnstler) *20.06.1955, 2001-2003 Kanzler der Schanze <\/p>\n\n\n\n<p><strong>Andreas Laugesen<\/strong> (Bildhauer) *1954 in Buchholz\/ Kreis Harburg<\/p>\n\n\n\n<p><strong>Friedrich-Wilhelm Liel <\/strong>&nbsp;(Maler)\n*24.01.1878 R\u00f6mersberg +26.03.1960 Burgsteinfurt, Mitgr\u00fcnder der Schanze,\n1919-1930 Kanzler der Schanze <br>\n<br>\n<strong>Ulrich Ludewig <\/strong>(Maler, Graphiker, Bildhauer,\nFotograf) *1951 Gronau\/ Westfalen<\/p>\n\n\n\n<p><strong>Waldemar Mallek&nbsp; <\/strong>(Maler,\nGraphiker, Heraldiker) *27.10.1906 M\u00fcnster<\/p>\n\n\n\n<p><strong>Albert Mazzotti <\/strong>(Bildhauer) *25.01.1882 M\u00fcnster &nbsp;+14.02.1951 M\u00fcnster<\/p>\n\n\n\n<p><strong>Egbert von der Mehr <\/strong>&nbsp;(Grafik-Designer, Kunsterzieher) *27.08.1942\nK\u00f6ln-Lindenthal +10.06.1998 M\u00fcnster, 1968<\/p>\n\n\n\n<p><strong>Hanns-Hubertus Graf\nvon Merveldt &nbsp;<\/strong>(Maler)<strong>&nbsp; *<\/strong>24.03.1901\nCoesfeld<strong>&nbsp;\n<\/strong>&nbsp;+06.10.1969 Hamburg<\/p>\n\n\n\n<p><strong>Egon Meyer <\/strong><\/p>\n\n\n\n<p><strong>Bernd Miesch<\/strong> (Maler)\n*25.08.1905 M\u00fcnster +1965<\/p>\n\n\n\n<p><strong>Lorenz\nM\u00fcller-Morenius <\/strong>&nbsp;(Maler, Graphiker)\n*15.01.1944 Strehlen\/ Schlesien, 1968&nbsp;&nbsp;&nbsp;&nbsp;&nbsp;&nbsp;&nbsp;&nbsp;&nbsp;&nbsp;&nbsp;&nbsp;&nbsp;&nbsp;&nbsp;&nbsp;&nbsp;&nbsp;&nbsp;&nbsp;&nbsp;&nbsp;&nbsp;&nbsp;&nbsp;&nbsp; &nbsp;&nbsp;&nbsp;&nbsp;&nbsp;&nbsp;&nbsp;&nbsp;&nbsp;&nbsp;<\/p>\n\n\n\n<p><strong>Gertrud M\u00fcller<\/strong> (Bildhauerin)\n*1956 Dinklage, 1984<\/p>\n\n\n\n<p><strong>Hugo Mumme<\/strong> (Maler,\nKunsterzieher)&nbsp; *08.12.1898 D\u00fcsseldorf,\n*+1980 Lippstadt, 1933<\/p>\n\n\n\n<p><strong>Friedrich Wilhelm Mundinger<\/strong>\n&nbsp;(Maler) *1893 Offenburg\/ Baden&nbsp; <\/p>\n\n\n\n<p><strong>Hajo Mu\u00dfenbrock<\/strong> (Maler,\nFotograf) 1985<\/p>\n\n\n\n<p><strong>Jobst-Hans Muths <\/strong>(Architekt)\n*31.05.1906 M\u00fcnster +23.02.1973 Middelburg\/ Holland<\/p>\n\n\n\n<p><strong>Rudolf Neugebauer<\/strong>&nbsp; (Maler) 1919<\/p>\n\n\n\n<p><strong>Hans-Ludwig Oeser <\/strong>(Dichter,\nSchriftsteller) 1920<\/p>\n\n\n\n<p><strong>Hans Ostermann <\/strong>(Architekt)\n*07.06.1898 Iserlohn +22.06.1990 M\u00fcnster, 1930<\/p>\n\n\n\n<p><strong>Heinz Overmann <\/strong>(Architekt)\n*09.05.1914 M\u00fcnster<\/p>\n\n\n\n<p><strong>Wilhelm Palmes<\/strong> (freier\nKunstmaler) *19.02.1903&nbsp; +01.12.1982,\nwahscheinlich 1945-1961<\/p>\n\n\n\n<p><strong>Hans (August Rudolf)\nPape <\/strong>(Maler, Graphiker) *01.10.1894 Hamburg , 1925, Leiter der graphischen\nAbteilung der Werkkunstschule M\u00fcnster<\/p>\n\n\n\n<p><strong>Paul Paulsen <\/strong>(Graphiker)<\/p>\n\n\n\n<p><strong>Mechthild Pehle-Brahms\n<\/strong>(Textilgestalterin und Grafikerin) *18.03.1942 Stuttgart,&nbsp; 1968-1983<\/p>\n\n\n\n<p><strong>Bruno Pelz <\/strong>&nbsp;(Graphiker)*1930, &nbsp;1986&nbsp;&nbsp; &nbsp;<\/p>\n\n\n\n<p><strong>Bernhard Peppinghege<\/strong>\n(Maler) *15.02.1893 +1966, 1939-1945 Kanzler der Schanze<\/p>\n\n\n\n<p><strong>Hans Petershof <\/strong>(Bildhauer)<\/p>\n\n\n\n<p><strong>Leonhard Pieper &nbsp;<\/strong>(Maler) *16.11.1912 Recklinghausen<strong>, &nbsp;<\/strong>vermisst\nin Russland 1943<\/p>\n\n\n\n<p><strong>Vinzenz Pieper <\/strong>(Maler)\n*16.07.1903 M\u00fcnster, K\u00fcnstlersiedlung Angelmodde<\/p>\n\n\n\n<p><strong>Hans-Wolf von\nPonickau <\/strong>(Maler) *11.09.1899 Frankfurt am Main<strong>&nbsp; &nbsp;<\/strong>+11.07.1958 M\u00fcnster, 1953-1958 Kanzler der\nSchanze<\/p>\n\n\n\n<p><strong>Wilhelm Renfordt <\/strong>(Maler,\nKunsterzieher) *07.05.1889\nAltona +04.08.1950 Osnabr\u00fcck<br>\n&nbsp;<br>\n<strong>Aloys R\u00f6hr <\/strong>(Bildhauer)\n*18.12.1887 M\u00fcnster&nbsp; +01.03.1953\nAlbersloh<\/p>\n\n\n\n<p><strong>Hans Roselieb <\/strong>(Dichter,\nSchriftsteller ) 1920<\/p>\n\n\n\n<p><strong>Stefan Rosendahl <\/strong>(Bildhauer)\n*1970 M\u00fcnster<\/p>\n\n\n\n<p><strong>Werner R\u00fcckemann <\/strong>(Bildhauer)\n*1950 Regensburg, 1986<\/p>\n\n\n\n<p><strong>Edmund Scharf <\/strong>&nbsp;(Architekt) *31.08.1896 Elberfeld &nbsp;+12.09.1983 M\u00fcnster<\/p>\n\n\n\n<p><strong>Dr. Hermann Schauhoff\n<\/strong><\/p>\n\n\n\n<p><strong>Arnold Schlick <\/strong>(Bildhauer)\n*25.07.1896 Neubuckow\/ Mecklenburg +07.12.1978<\/p>\n\n\n\n<p><strong>Anneliese\nSchmidt-Sch\u00f6ttler<\/strong> (Bildhauerin)*26.03.1920 +13.06.2011<\/p>\n\n\n\n<p><strong>Elisabeth Schmitz<\/strong>\n&nbsp;(Malerin, Kunsterzieherin) *22.01.1886\nKerstenholz&nbsp; &nbsp;+17.11.1954 D\u00fcsseldorf<\/p>\n\n\n\n<p><strong>Karl Schrage <\/strong>(Gold-und\nSilberschmied) *24.07.1904 Opladen, Direktor der Werkkunstschule M\u00fcnster,\nDirektor der Werkkunstschule Wuppertal<\/p>\n\n\n\n<p><strong>Emil Schumacher <\/strong>(Maler)\n*29.08.1912 Hagen +04.10.1999 San Jos\u00e9, Ibiza<\/p>\n\n\n\n<p><strong>Uwe Sch\u00fcllenbach <\/strong>(Maler)<\/p>\n\n\n\n<p><strong>Axel Schul\u00df<\/strong> (Konzeptk\u00fcnstler,\nMusiker, Schriftsteller) *18.01.1952 +15.01.2009<\/p>\n\n\n\n<p><strong>Hilde Sch\u00fcrk-Frisch <\/strong>(Bildhauerin)\n*23.06.1915 +25.03.2008, 1946<\/p>\n\n\n\n<p><strong>Kurt Schwippert <\/strong>(Bildhauer)<\/p>\n\n\n\n<p><strong>Fritz Sonntag<\/strong> (Maler,\nKunsterzieher) *05.11.1901 Stettin<\/p>\n\n\n\n<p><strong>Juris Soikans&nbsp; <\/strong>(Maler, Graphiker) *12.04.1920 Ludza\n(Lettland)<\/p>\n\n\n\n<p><strong>Bernhard Sprute<\/strong> (Maler)\n*1949 Detmold<\/p>\n\n\n\n<p><strong>Paul Steinberg<\/strong> <\/p>\n\n\n\n<p><strong>Edith\nSteinberg-Mannefeld <\/strong>(Bildhauerin) *01.06.1926 +08.10.2013, 1964<\/p>\n\n\n\n<p><strong>Albert Stuwe<\/strong> &nbsp;(Maler, Graphiker) *16.03.1921 Ennigerloh<\/p>\n\n\n\n<p><strong>Tassilo Sturm <\/strong>(Installationsk\u00fcnstler)\n*1970 Unna<\/p>\n\n\n\n<p><strong>Theo Sudbrack <\/strong>&nbsp;(Gebrauchsgraphiker) *17.08.1907 Bad Essen, Bezirk Osnabr\u00fcck, 1936-1939 und 1961-1975 Kanzler der Schanze<\/p>\n\n\n\n<p><strong>Klaus Tesching<\/strong> (Malerei, Installationsk\u00fcnstler) *1951 Gladbeck, Kanzler der Schanze 2003-2015<\/p>\n\n\n\n<p><strong>Erna Teufel &nbsp;<\/strong>(Gold-und Silberschmiedin) *03.09.1910\nM\u00fcnster, 1950-1983<\/p>\n\n\n\n<p><strong>Alf Teufel &nbsp;<\/strong>(Gold-und Silberschmied)<\/p>\n\n\n\n<p><strong>Adolf Thiele <\/strong>(Dichter)<\/p>\n\n\n\n<p><strong>Bernhard T\u00f6nies<\/strong> &nbsp;(Architekt) *19.07.1906 Borghorst&nbsp; +1965<\/p>\n\n\n\n<p><strong>Bodo Treichler <\/strong>(Bildhauer)*1943\nK\u00f6then\/Anhalt &nbsp;+12.03.2015 M\u00fcnster<\/p>\n\n\n\n<p><strong>Thomas Unger <\/strong>(Objektdesigner), *1950 Nordwalde, 1984, +2023 Senden<\/p>\n\n\n\n<p><strong>Julius Viertmann <\/strong>(Bildhauer),*31.08.1923\nSelm, 1956<\/p>\n\n\n\n<p><strong>Anton Vormann <\/strong>(Maler,\nGraphiker, Dichter) *24.11.1901 M\u00fcnster<br>\n<strong><br>\nAndrea Vorster <\/strong>(Malerin, Kunstlehrerin) *17.11.1956 Essen<\/p>\n\n\n\n<p><strong>Paul Waldow <\/strong>(Bildhauer)\n*19.09.1889 M\u00fcnster, 1933-1936 Kanzler der Schanze<\/p>\n\n\n\n<p><strong>Josef Wedewer &nbsp;<\/strong>(Maler) *24.03.1896 L\u00fcdinghausen<\/p>\n\n\n\n<p><strong>Alexander Wei\u00df&nbsp; <\/strong>(Graphiker)<\/p>\n\n\n\n<p><strong>Paul Werth <\/strong>(Maler),\n01.04.1912 Soest, 1954<\/p>\n\n\n\n<p><strong>Wessing <\/strong>(Tanzlehrerin),\n1920<\/p>\n\n\n\n<p><strong>Paul\nWesterfr\u00f6lke&nbsp; <\/strong>(Maler, Graphiker)\n*24.02.1886 G\u00fctersloh, 1934<\/p>\n\n\n\n<p><strong>Franz Wethmar <\/strong>(Architekt)\n*06.01.1895 M\u00fcnster, 1924, 1958-1961 Kanzler der Schanze<\/p>\n\n\n\n<p><strong>Prof. Hannes\nWienhausen&nbsp; <\/strong>(Maler)<\/p>\n\n\n\n<p><strong>Clemens Wieschebrink<\/strong>&nbsp;&nbsp; (Maler) *15.08.1900 M\u00fcnster, 1942<\/p>\n\n\n\n<p><strong>G\u00fcnter Wintgens <\/strong>(Installationsk\u00fcnstler,\nMaler, Graphiker), *1951 Duisburg<\/p>\n\n\n\n<p><strong>Werner Witthuhn <\/strong>(Maler,\nGraphiker, Kunsterzieher) *04.12.1926 Riesenbeck +01.06.1981 Rheine<\/p>\n\n\n\n<p><strong>Wolfgang Wittk\u00e4mper &nbsp;<\/strong>(Maler), * 1950 Herne, 1978<\/p>\n\n\n\n<p><strong>W\u00f6rmann <\/strong>(Architekt)<\/p>\n\n\n\n<p><strong>Wilhelm Wucherpfennig\n<\/strong>(Architekt)<\/p>\n\n\n\n<p><strong>Alfred Ziethlow&nbsp;&nbsp; <\/strong>http:\/\/www.diegalerie-struessmann.de\/kue\/ziethlow.htm<\/p>\n\n\n\n<p><strong>Burkhard Zimmer <\/strong>(Objektk\u00fcnstler) 1984<\/p>\n\n\n\n<p><strong>Matthias Z\u00f6lle<\/strong> (Photograph) *1959 Essen, 2010 Kanzler der Schanze, Lehrt\u00e4tigkeit<\/p>\n","protected":false},"excerpt":{"rendered":"<p>Ehemalige K\u00fcnstlerinnen und K\u00fcnstler der Freien K\u00fcnstlergemeinschaft Schanze e.V. Diese Liste erhebt keinen Anspruch auf Vollst\u00e4ndigkeit und enth\u00e4lt recherchierte Daten v.a. aus den Katalogen der Schanze. (* geb. + gest., Eintrittsjahr (und Austritt) in Schanze) Stand 2019 Peter Abbing (Maler, Grafiker) 1981 P.D. Althaus (Schriftsteller, Dichter) 1920 Alex von Assaulenko (Maler) *25.7.1913 L\u00fcbny, Ru\u00dfland Ernst &hellip; <a href=\"https:\/\/muenster.org\/schanze\/ehemalige\/\" class=\"more-link\"><span class=\"screen-reader-text\">Ehemalige<\/span> weiterlesen<\/a><\/p>\n","protected":false},"author":1,"featured_media":0,"parent":0,"menu_order":0,"comment_status":"closed","ping_status":"closed","template":"","meta":{"ngg_post_thumbnail":0,"footnotes":""},"class_list":["post-43","page","type-page","status-publish","hentry"],"_links":{"self":[{"href":"https:\/\/muenster.org\/schanze\/wp-json\/wp\/v2\/pages\/43","targetHints":{"allow":["GET"]}}],"collection":[{"href":"https:\/\/muenster.org\/schanze\/wp-json\/wp\/v2\/pages"}],"about":[{"href":"https:\/\/muenster.org\/schanze\/wp-json\/wp\/v2\/types\/page"}],"author":[{"embeddable":true,"href":"https:\/\/muenster.org\/schanze\/wp-json\/wp\/v2\/users\/1"}],"replies":[{"embeddable":true,"href":"https:\/\/muenster.org\/schanze\/wp-json\/wp\/v2\/comments?post=43"}],"version-history":[{"count":7,"href":"https:\/\/muenster.org\/schanze\/wp-json\/wp\/v2\/pages\/43\/revisions"}],"predecessor-version":[{"id":900,"href":"https:\/\/muenster.org\/schanze\/wp-json\/wp\/v2\/pages\/43\/revisions\/900"}],"wp:attachment":[{"href":"https:\/\/muenster.org\/schanze\/wp-json\/wp\/v2\/media?parent=43"}],"curies":[{"name":"wp","href":"https:\/\/api.w.org\/{rel}","templated":true}]}}