{"id":44,"date":"2018-04-30T20:06:05","date_gmt":"2018-04-30T18:06:05","guid":{"rendered":"http:\/\/muenster.org\/schanze\/?page_id=44"},"modified":"2020-03-26T09:30:58","modified_gmt":"2020-03-26T08:30:58","slug":"ausstellungen-2","status":"publish","type":"page","link":"https:\/\/muenster.org\/schanze\/ausstellungen-2\/","title":{"rendered":"2018"},"content":{"rendered":"<blockquote><p><a href=\"https:\/\/muenster.org\/schanze\/ausstellungen\/schanze-comes-2018\/\" rel=\"attachment wp-att-288\"><img loading=\"lazy\" decoding=\"async\" class=\"wp-image-288  aligncenter\" src=\"https:\/\/muenster.org\/schanze\/wp-content\/uploads\/2018\/10\/Schanze-comes-2018-e1538929817301-1024x718.jpg\" alt=\"\" width=\"660\" height=\"463\" srcset=\"https:\/\/muenster.org\/schanze\/wp-content\/uploads\/2018\/10\/Schanze-comes-2018-e1538929817301-1024x718.jpg 1024w, https:\/\/muenster.org\/schanze\/wp-content\/uploads\/2018\/10\/Schanze-comes-2018-e1538929817301-300x210.jpg 300w, https:\/\/muenster.org\/schanze\/wp-content\/uploads\/2018\/10\/Schanze-comes-2018-e1538929817301-768x538.jpg 768w, https:\/\/muenster.org\/schanze\/wp-content\/uploads\/2018\/10\/Schanze-comes-2018-e1538929817301.jpg 1618w\" sizes=\"auto, (max-width: 660px) 100vw, 660px\" \/><span style=\"color: #8435c4;\"><span style=\"color: #3979cc;\">Verkaufsausstellung<\/span> <\/span><\/a><\/p><\/blockquote>\n<p>Malerei, Graphik und Druckgraphik, Glaskunst, Collage, Skulptur, Objekt, Photographie, ein K\u00fcnstlerbuch und Ausschnitte an Konzeptkunst<br \/>\n<strong>Design<\/strong> Einladungskarte: <strong>Natascha Fix<br \/>\nBegr\u00fc\u00dfung <\/strong>Helmut K\u00f6nig<strong><br \/>\nKlavier<br \/>\nRede <\/strong>Miriam <strong>(Kanzlerin der SCHANZE)<\/strong><\/p>\n<p>&nbsp;<\/p>\n<p>01. September &#8211; 27. Oktober<\/p>\n<p>Die Schanze freut sich au\u00dferordentlich, auf folgende Ausstellung aufmerksam machen zu k\u00f6nnen:<\/p>\n<p><img loading=\"lazy\" decoding=\"async\" class=\" wp-image-269 alignleft\" src=\"https:\/\/muenster.org\/schanze\/wp-content\/uploads\/2018\/09\/Bernd-Miesch-Galerie-Frye-300x212.jpg\" alt=\"\" width=\"284\" height=\"201\" srcset=\"https:\/\/muenster.org\/schanze\/wp-content\/uploads\/2018\/09\/Bernd-Miesch-Galerie-Frye-300x212.jpg 300w, https:\/\/muenster.org\/schanze\/wp-content\/uploads\/2018\/09\/Bernd-Miesch-Galerie-Frye-768x543.jpg 768w, https:\/\/muenster.org\/schanze\/wp-content\/uploads\/2018\/09\/Bernd-Miesch-Galerie-Frye-1024x725.jpg 1024w, https:\/\/muenster.org\/schanze\/wp-content\/uploads\/2018\/09\/Bernd-Miesch-Galerie-Frye.jpg 1642w\" sizes=\"auto, (max-width: 284px) 100vw, 284px\" \/><\/p>\n<p><img loading=\"lazy\" decoding=\"async\" class=\"alignright wp-image-270\" src=\"https:\/\/muenster.org\/schanze\/wp-content\/uploads\/2018\/09\/Bernd-Miesch-Galerie-Frye-R\u00fcckseite-300x213.jpg\" alt=\"\" width=\"278\" height=\"197\" srcset=\"https:\/\/muenster.org\/schanze\/wp-content\/uploads\/2018\/09\/Bernd-Miesch-Galerie-Frye-R\u00fcckseite-300x213.jpg 300w, https:\/\/muenster.org\/schanze\/wp-content\/uploads\/2018\/09\/Bernd-Miesch-Galerie-Frye-R\u00fcckseite-768x545.jpg 768w, https:\/\/muenster.org\/schanze\/wp-content\/uploads\/2018\/09\/Bernd-Miesch-Galerie-Frye-R\u00fcckseite-1024x727.jpg 1024w, https:\/\/muenster.org\/schanze\/wp-content\/uploads\/2018\/09\/Bernd-Miesch-Galerie-Frye-R\u00fcckseite.jpg 1654w\" sizes=\"auto, (max-width: 278px) 100vw, 278px\" \/><\/p>\n<p>&nbsp;<\/p>\n<p>&nbsp;<\/p>\n<p>&nbsp;<\/p>\n<p>&nbsp;<\/p>\n<p>&nbsp;<\/p>\n<p>02. September &#8211; 26. Oktober<\/p>\n<p><img loading=\"lazy\" decoding=\"async\" class=\"size-medium wp-image-248\" src=\"https:\/\/muenster.org\/schanze\/wp-content\/uploads\/2018\/08\/Duster-Frau-288x300.jpg\" alt=\"\" width=\"288\" height=\"300\" srcset=\"https:\/\/muenster.org\/schanze\/wp-content\/uploads\/2018\/08\/Duster-Frau-288x300.jpg 288w, https:\/\/muenster.org\/schanze\/wp-content\/uploads\/2018\/08\/Duster-Frau-768x801.jpg 768w, https:\/\/muenster.org\/schanze\/wp-content\/uploads\/2018\/08\/Duster-Frau-982x1024.jpg 982w\" sizes=\"auto, (max-width: 288px) 100vw, 288px\" \/><\/p>\n<p><strong>Miriam &#8222;Geheime Heimat&#8220;<\/strong><\/p>\n<p>Druckgraphik, Lyrik und Malerei<\/p>\n<p>Torhaus- Galerie<br \/>\nAltes Torhaus<br \/>\nNeutor 2<br \/>\n48143 M\u00fcnster<\/p>\n<p><strong>Er\u00f6ffnung: So, 2. September um 11 Uhr<\/strong><br \/>\nBegr\u00fc\u00dfung: Frau Beate Vilhjamsson, B\u00fcrgermeisterin, M\u00fcnster<br \/>\nGeleitworte: Frau Ursula Warnke, Vorsitzende des Stadtheimatbundes,<br \/>\nEinf\u00fchrung: Dr. Annette Georgi<\/p>\n<p>\u00d6ffnungszeiten:&nbsp;&nbsp; <strong>Mo &#8211; Fr 10.30 Uhr &#8211; 12.30 Uhr<\/strong> + <strong>Mi 16 &#8211; 19 Uhr<\/strong><\/p>\n<p>&nbsp;<\/p>\n<p>18. August &#8211; 02. September<\/p>\n<p><img loading=\"lazy\" decoding=\"async\" class=\"size-medium wp-image-243 alignleft\" src=\"https:\/\/muenster.org\/schanze\/wp-content\/uploads\/2018\/08\/Einladung-Christine-Kucinski-300x137.jpg\" alt=\"\" width=\"300\" height=\"137\" srcset=\"https:\/\/muenster.org\/schanze\/wp-content\/uploads\/2018\/08\/Einladung-Christine-Kucinski-300x137.jpg 300w, https:\/\/muenster.org\/schanze\/wp-content\/uploads\/2018\/08\/Einladung-Christine-Kucinski-768x352.jpg 768w, https:\/\/muenster.org\/schanze\/wp-content\/uploads\/2018\/08\/Einladung-Christine-Kucinski-1024x469.jpg 1024w\" sizes=\"auto, (max-width: 300px) 100vw, 300px\" \/><\/p>\n<p>&#8222;<strong>lichtweisen<\/strong>&#8220;<br \/>\nChristine Kucinski stellt zusammen mit den Fotografen Steffi Herrmann und Chris Tettke in der Orangerie M\u00fcnster aus. Schlo\u00dfgarten 3.<\/p>\n<p>&nbsp;<\/p>\n<p><strong>Er\u00f6ffnung: Sa, 18. August um 11 Uhr<br \/>\n<\/strong><\/p>\n<p><img loading=\"lazy\" decoding=\"async\" class=\"size-medium wp-image-244 alignleft\" src=\"https:\/\/muenster.org\/schanze\/wp-content\/uploads\/2018\/08\/Farbspiel-Mundgeblasene-Scheibe-mit-gefustem-Glas-300x169.jpg\" alt=\"\" width=\"300\" height=\"169\" srcset=\"https:\/\/muenster.org\/schanze\/wp-content\/uploads\/2018\/08\/Farbspiel-Mundgeblasene-Scheibe-mit-gefustem-Glas-300x169.jpg 300w, https:\/\/muenster.org\/schanze\/wp-content\/uploads\/2018\/08\/Farbspiel-Mundgeblasene-Scheibe-mit-gefustem-Glas-768x432.jpg 768w, https:\/\/muenster.org\/schanze\/wp-content\/uploads\/2018\/08\/Farbspiel-Mundgeblasene-Scheibe-mit-gefustem-Glas-1024x575.jpg 1024w\" sizes=\"auto, (max-width: 300px) 100vw, 300px\" \/><\/p>\n<p>\u00d6ffnungszeiten:<\/p>\n<p>Samstag +&nbsp; Sonntag&nbsp; 11 &#8211; 18 Uhr<br \/>\nMittwoch &#8211; Freitag&nbsp;&nbsp; 13 &#8211; 18 Uhr<\/p>\n<p>&nbsp;<\/p>\n<p>&nbsp;<\/p>\n<p><img loading=\"lazy\" decoding=\"async\" class=\"alignright size-medium wp-image-247\" src=\"https:\/\/muenster.org\/schanze\/wp-content\/uploads\/2018\/08\/Einladung_Retrospektive_Bettina_Dellwig-e1534426247120-300x227.jpeg\" alt=\"\" width=\"300\" height=\"227\" srcset=\"https:\/\/muenster.org\/schanze\/wp-content\/uploads\/2018\/08\/Einladung_Retrospektive_Bettina_Dellwig-e1534426247120-300x227.jpeg 300w, https:\/\/muenster.org\/schanze\/wp-content\/uploads\/2018\/08\/Einladung_Retrospektive_Bettina_Dellwig-e1534426247120-768x580.jpeg 768w, https:\/\/muenster.org\/schanze\/wp-content\/uploads\/2018\/08\/Einladung_Retrospektive_Bettina_Dellwig-e1534426247120-1024x774.jpeg 1024w, https:\/\/muenster.org\/schanze\/wp-content\/uploads\/2018\/08\/Einladung_Retrospektive_Bettina_Dellwig-e1534426247120.jpeg 1597w\" sizes=\"auto, (max-width: 300px) 100vw, 300px\" \/>28. Juli &#8211; 12. August<\/p>\n<p><strong>&#8222;Bettina Dellwig (1959-2016)- eine Retrospektive&#8220;<\/strong><br \/>\nLeben und Werk<br \/>\nOrangerie M\u00fcnster im Botanischen Garten, Schlo\u00dfgarten 3.<\/p>\n<p><span style=\"color: #8435c4;\">Pers\u00f6nliche Rede zu Leben, Briefen &amp; k\u00fcnstlerischem Werdegang, kulinarische K\u00f6stlichkeiten &amp; Buch<\/span><\/p>\n<p><strong>Jan Homeyer<\/strong><\/p>\n<p>&nbsp;<\/p>\n<p>Ab dem 22. Juni<\/p>\n<p>&#8222;<strong>Fliegerei<\/strong>&#8220; &#8211; Erhard Wilde mit Salom\u00e9 Berger und Malte van de Water<\/p>\n<p><img loading=\"lazy\" decoding=\"async\" class=\"size-medium wp-image-209 aligncenter\" src=\"https:\/\/muenster.org\/schanze\/wp-content\/uploads\/2018\/07\/Bild-11-e1530882444682-160x300.jpg\" alt=\"\" width=\"160\" height=\"300\" srcset=\"https:\/\/muenster.org\/schanze\/wp-content\/uploads\/2018\/07\/Bild-11-e1530882444682-160x300.jpg 160w, https:\/\/muenster.org\/schanze\/wp-content\/uploads\/2018\/07\/Bild-11-e1530882444682-768x1443.jpg 768w, https:\/\/muenster.org\/schanze\/wp-content\/uploads\/2018\/07\/Bild-11-e1530882444682-545x1024.jpg 545w, https:\/\/muenster.org\/schanze\/wp-content\/uploads\/2018\/07\/Bild-11-e1530882444682.jpg 1098w\" sizes=\"auto, (max-width: 160px) 100vw, 160px\" \/><\/p>\n<p><strong>Er\u00f6ffnung:&nbsp; Fr, 22. Juni um 19.30 Uhr<br \/>\n<\/strong>Einf\u00fchrung: Dr. Stephan Trescher<\/p>\n<p>Galerie Hovestadt&nbsp;&nbsp;&nbsp;&nbsp;&nbsp;<br \/>\nStockum 7&nbsp;&nbsp;&nbsp;&nbsp;&nbsp;&nbsp;&nbsp;&nbsp;&nbsp;&nbsp;&nbsp;&nbsp;&nbsp;&nbsp;&nbsp;&nbsp;&nbsp;&nbsp;&nbsp;&nbsp;&nbsp;&nbsp;&nbsp;&nbsp;&nbsp;&nbsp;&nbsp;&nbsp;&nbsp;&nbsp;&nbsp;&nbsp;&nbsp;&nbsp;&nbsp;&nbsp;&nbsp;&nbsp;&nbsp;&nbsp;&nbsp;&nbsp;&nbsp;&nbsp;&nbsp;&nbsp;&nbsp;&nbsp;&nbsp;<br \/>\n48301 Nottuln<\/p>\n<p>\u00d6ffnungszeiten: <strong>Mi &#8211; Fr 15 &#8211; 18 Uhr<\/strong> + <strong>Sa 13 &#8211; 17 Uhr<\/strong> und nach Vereinbarung<\/p>\n<p>Die Dauer dieser Ausstellung, die am 22. Juni er\u00f6ffnet wurde, liegt derzeit noch im Geheimen.<\/p>\n<p>Wir m\u00f6chten jedoch freundlich auch auf die Internetpr\u00e4senz der jungen K\u00fcnstlerin<strong> Salom\u00e9 Berger<\/strong>: &nbsp; <a href=\"http:\/\/salomeberger.com\/\" target=\"_blank\" rel=\"noopener noreferrer\">http:\/\/salomeberger.com <\/a>und des jungen K\u00fcnstlers <strong>Malte van de Water<\/strong>:&nbsp;&nbsp; <a href=\"https:\/\/www.maltevandewater.de\/\" target=\"_blank\" rel=\"noopener noreferrer\">http:\/\/maltevandewater.de<br \/>\n<\/a>aufmerksam machen.<\/p>\n<p>&nbsp;<\/p>\n<p>10. Juni &#8211; 30. September<\/p>\n<p>Beteiligung bei <strong>&#8222;Kunst am Rand&#8220; <\/strong>in M\u00fcnster-Kinderhaus<br \/>\nmit Kirsten und Peter Kaiser, Andreas Laugesen und Miriam unter insgesamt 39 K\u00fcnstlern an vier Orten:<\/p>\n<p>SC Westfalia Kinderhaus, Bernd-Feldhaus-Platz 1<br \/>\nWaldschule Kinderhaus, Gro\u00dfe Wiese 14<br \/>\nPfarrhaus, Kristiansandstra\u00dfe 70<br \/>\nGut Kinderhaus, Am Max-Klemens-Kanal 19<\/p>\n<p><strong>Er\u00f6ffnung<\/strong> mit anschlie\u00dfendem Rundgang unter Leitung von Dr. Annette Georgi am Sonntag, <strong>10. Juni um 14 Uhr<\/strong>, SC Westfalia Kinderhaus<\/p>\n<p><strong>Kuratorenf\u00fchrung<\/strong> mit Jochen Koeniger am<strong> 15. Juli um 14 Uhr<\/strong> am Treffpunkt SC Westfalia Kinderhaus, Bernd-Feldhaus-Platz 1.<\/p>\n<figure id=\"attachment_152\" aria-describedby=\"caption-attachment-152\" style=\"width: 300px\" class=\"wp-caption alignnone\"><img loading=\"lazy\" decoding=\"async\" class=\"size-medium wp-image-152\" src=\"https:\/\/muenster.org\/schanze\/wp-content\/uploads\/2018\/07\/P6120214-300x225.jpg\" alt=\"\" width=\"300\" height=\"225\" srcset=\"https:\/\/muenster.org\/schanze\/wp-content\/uploads\/2018\/07\/P6120214-300x225.jpg 300w, https:\/\/muenster.org\/schanze\/wp-content\/uploads\/2018\/07\/P6120214-768x576.jpg 768w, https:\/\/muenster.org\/schanze\/wp-content\/uploads\/2018\/07\/P6120214-1024x768.jpg 1024w\" sizes=\"auto, (max-width: 300px) 100vw, 300px\" \/><figcaption id=\"caption-attachment-152\" class=\"wp-caption-text\">&nbsp;&nbsp;&nbsp;&nbsp;&nbsp;&nbsp;&nbsp;&nbsp;&nbsp;&nbsp;&nbsp;&nbsp;&nbsp;&nbsp;&nbsp;&nbsp;&nbsp;&nbsp;&nbsp;&nbsp;&nbsp;&nbsp;&nbsp;&nbsp;&nbsp;&nbsp;&nbsp;&nbsp;&nbsp;&nbsp;&nbsp;&nbsp;&nbsp;&nbsp;&nbsp;&nbsp;&nbsp;&nbsp;&nbsp;&nbsp;&nbsp;&nbsp;&nbsp;&nbsp;&nbsp;&nbsp;&nbsp;&nbsp;&nbsp;&nbsp;&nbsp;&nbsp;&nbsp;&nbsp;&nbsp;&nbsp;&nbsp;&nbsp;&nbsp;&nbsp;&nbsp;&nbsp;&nbsp;&nbsp;&nbsp; Kindertraum-Nomadenraum (Miriam)<\/figcaption><\/figure>\n<figure id=\"attachment_153\" aria-describedby=\"caption-attachment-153\" style=\"width: 225px\" class=\"wp-caption alignnone\"><img loading=\"lazy\" decoding=\"async\" class=\"size-medium wp-image-153\" src=\"https:\/\/muenster.org\/schanze\/wp-content\/uploads\/2018\/07\/P6270277-e1530725677536-225x300.jpg\" alt=\"\" width=\"225\" height=\"300\" srcset=\"https:\/\/muenster.org\/schanze\/wp-content\/uploads\/2018\/07\/P6270277-e1530725677536-225x300.jpg 225w, https:\/\/muenster.org\/schanze\/wp-content\/uploads\/2018\/07\/P6270277-e1530725677536-768x1024.jpg 768w\" sizes=\"auto, (max-width: 225px) 100vw, 225px\" \/><figcaption id=\"caption-attachment-153\" class=\"wp-caption-text\">&nbsp;&nbsp;&nbsp;&nbsp;&nbsp;&nbsp;&nbsp;&nbsp;&nbsp;&nbsp;&nbsp;&nbsp;&nbsp;&nbsp;&nbsp;&nbsp;&nbsp;&nbsp;&nbsp;&nbsp;&nbsp;&nbsp;&nbsp;&nbsp;&nbsp;&nbsp;&nbsp;&nbsp;&nbsp;&nbsp;&nbsp;&nbsp;&nbsp;&nbsp;&nbsp;&nbsp;&nbsp;&nbsp;&nbsp;&nbsp;&nbsp;&nbsp;&nbsp;&nbsp;&nbsp;&nbsp;&nbsp;&nbsp;&nbsp;&nbsp;&nbsp;&nbsp; Room in Space &nbsp; &nbsp; &nbsp; &nbsp; &nbsp; &nbsp; &nbsp; &nbsp; &nbsp;&nbsp;&nbsp;&nbsp;&nbsp;&nbsp;&nbsp;&nbsp;&nbsp;&nbsp;&nbsp;&nbsp;&nbsp;&nbsp;&nbsp;&nbsp;&nbsp; (Andreas Laugesen)<\/figcaption><\/figure>\n<figure id=\"attachment_154\" aria-describedby=\"caption-attachment-154\" style=\"width: 225px\" class=\"wp-caption alignnone\"><img loading=\"lazy\" decoding=\"async\" class=\"size-medium wp-image-154\" src=\"https:\/\/muenster.org\/schanze\/wp-content\/uploads\/2018\/07\/P6270275-e1530725654652-225x300.jpg\" alt=\"\" width=\"225\" height=\"300\" srcset=\"https:\/\/muenster.org\/schanze\/wp-content\/uploads\/2018\/07\/P6270275-e1530725654652-225x300.jpg 225w, https:\/\/muenster.org\/schanze\/wp-content\/uploads\/2018\/07\/P6270275-e1530725654652-768x1024.jpg 768w\" sizes=\"auto, (max-width: 225px) 100vw, 225px\" \/><figcaption id=\"caption-attachment-154\" class=\"wp-caption-text\">&nbsp;&nbsp;&nbsp;&nbsp;&nbsp;&nbsp;&nbsp;&nbsp;&nbsp;&nbsp;&nbsp;&nbsp;&nbsp;&nbsp;&nbsp;&nbsp;&nbsp;&nbsp;&nbsp;&nbsp;&nbsp;&nbsp;&nbsp;&nbsp;&nbsp;&nbsp;&nbsp;&nbsp;&nbsp;&nbsp;&nbsp;&nbsp;&nbsp;&nbsp;&nbsp;&nbsp;&nbsp;&nbsp;&nbsp;&nbsp;&nbsp;&nbsp;&nbsp;&nbsp;&nbsp;&nbsp;&nbsp;&nbsp;&nbsp;&nbsp;&nbsp;&nbsp; Room in Space &nbsp; &nbsp; &nbsp; &nbsp; &nbsp; &nbsp; &nbsp; &nbsp; &nbsp;&nbsp; (Andreas Laugesen)<\/figcaption><\/figure>\n<p>Informationen zu Kunst am Rand unter der Internetseite:<br \/>\n<a href=\"http:\/\/www.kunstamrand.de\/\">http:\/\/www.kunstamrand.de\/<\/a><\/p>\n<p>&nbsp;<\/p>\n<p>11. M\u00e4rz &#8211; 10. Juni (verl\u00e4ngert \u00fcber die Sommerferien)<\/p>\n<p><strong>Klaus Tesching &#8222;Geoff Watson Serie &amp; Anderes&#8220;<\/strong><br \/>\nMalerei<br \/>\n<strong>Konzept: <\/strong>Andreas Laugesen<br \/>\n<strong>Rede &amp; Autobiographisches: <\/strong>Klaus Tesching (Beuys-Sch\u00fcler)<br \/>\nGalerie K\u00f6nig, Kesslerweg 21, 48155 M\u00fcnster<br \/>\nMo-Do 10-14 Uhr<br \/>\nFr&nbsp;&nbsp;&nbsp;&nbsp;&nbsp;&nbsp;&nbsp;&nbsp; 10-13 Uhr&nbsp; und <em>nach Vereinbarung<\/em><strong><em><br \/>\n<\/em><\/strong><em><br \/>\n<\/em><\/p>\n<p>15. April &#8211; 10. Juni<\/p>\n<p>&nbsp;<\/p>\n<p><img loading=\"lazy\" decoding=\"async\" class=\"size-medium wp-image-157\" src=\"https:\/\/muenster.org\/schanze\/wp-content\/uploads\/2018\/07\/Halt-finden-210x300.jpg\" alt=\"\" width=\"210\" height=\"300\" srcset=\"https:\/\/muenster.org\/schanze\/wp-content\/uploads\/2018\/07\/Halt-finden-210x300.jpg 210w, https:\/\/muenster.org\/schanze\/wp-content\/uploads\/2018\/07\/Halt-finden-768x1097.jpg 768w, https:\/\/muenster.org\/schanze\/wp-content\/uploads\/2018\/07\/Halt-finden-717x1024.jpg 717w\" sizes=\"auto, (max-width: 210px) 100vw, 210px\" \/><\/p>\n<p><strong>Miriam &#8222;Halt finden&#8220;<\/strong><br \/>\nMalerei &amp; Lyrik<br \/>\n<strong>Begr\u00fc\u00dfungsworte:<\/strong> Bernhard Lauk\u00f6tter, k\u00fcnstl. Leiter<br \/>\n<strong>Rede &amp; F\u00fchrung<\/strong> durch die Ausstellung: Miriam<br \/>\nDormitorium Asbeck, Stiftsstra\u00dfe 20, 48739 Legden-Asbeck<br \/>\nSa+So 14.30-17.30 Uhr<br \/>\nund <em>nach Vereinbarung<\/em> unter 0251-20819368.<\/p>\n<p>&nbsp;<\/p>\n<p>25. M\u00e4rz ab 18 Uhr<\/p>\n<p><img loading=\"lazy\" decoding=\"async\" class=\"size-medium wp-image-254 alignleft\" src=\"https:\/\/muenster.org\/schanze\/wp-content\/uploads\/2018\/08\/ARTLECTURES-e1534429453693-300x218.jpeg\" alt=\"\" width=\"300\" height=\"218\" srcset=\"https:\/\/muenster.org\/schanze\/wp-content\/uploads\/2018\/08\/ARTLECTURES-e1534429453693-300x218.jpeg 300w, https:\/\/muenster.org\/schanze\/wp-content\/uploads\/2018\/08\/ARTLECTURES-e1534429453693-768x558.jpeg 768w, https:\/\/muenster.org\/schanze\/wp-content\/uploads\/2018\/08\/ARTLECTURES-e1534429453693-1024x745.jpeg 1024w\" sizes=\"auto, (max-width: 300px) 100vw, 300px\" \/><\/p>\n<p>ARTLEcTures &#8222;<strong>Kunst im Kopf<\/strong>&#8220; mit <strong>Prof. Erwin-Josef Speckmann<\/strong><\/p>\n<p>&nbsp;<\/p>\n<p>&nbsp;<\/p>\n<p>&nbsp;<\/p>\n<p>&nbsp;<\/p>\n<p>2. M\u00e4rz &#8211; 4. M\u00e4rz<\/p>\n<p>Die Schanze am Stand 4 auf der<strong> 31. deutsch-niederl\u00e4ndischen Grafikb\u00f6rse<\/strong><\/p>\n<p><img loading=\"lazy\" decoding=\"async\" class=\"size-medium wp-image-255\" src=\"https:\/\/muenster.org\/schanze\/wp-content\/uploads\/2018\/08\/GB2018-225x300.jpg\" alt=\"\" width=\"225\" height=\"300\" srcset=\"https:\/\/muenster.org\/schanze\/wp-content\/uploads\/2018\/08\/GB2018-225x300.jpg 225w, https:\/\/muenster.org\/schanze\/wp-content\/uploads\/2018\/08\/GB2018-768x1024.jpg 768w\" sizes=\"auto, (max-width: 225px) 100vw, 225px\" \/><\/p>\n<p><img loading=\"lazy\" decoding=\"async\" class=\"size-medium wp-image-256 alignright\" src=\"https:\/\/muenster.org\/schanze\/wp-content\/uploads\/2018\/08\/GB2018_2-300x225.jpg\" alt=\"\" width=\"300\" height=\"225\" srcset=\"https:\/\/muenster.org\/schanze\/wp-content\/uploads\/2018\/08\/GB2018_2-300x225.jpg 300w, https:\/\/muenster.org\/schanze\/wp-content\/uploads\/2018\/08\/GB2018_2-768x576.jpg 768w, https:\/\/muenster.org\/schanze\/wp-content\/uploads\/2018\/08\/GB2018_2-1024x768.jpg 1024w\" sizes=\"auto, (max-width: 300px) 100vw, 300px\" \/><\/p>\n<p><img loading=\"lazy\" decoding=\"async\" class=\"size-medium wp-image-257 alignright\" src=\"https:\/\/muenster.org\/schanze\/wp-content\/uploads\/2018\/08\/GB2018_3-225x300.jpg\" alt=\"\" width=\"225\" height=\"300\" srcset=\"https:\/\/muenster.org\/schanze\/wp-content\/uploads\/2018\/08\/GB2018_3-225x300.jpg 225w, https:\/\/muenster.org\/schanze\/wp-content\/uploads\/2018\/08\/GB2018_3-768x1024.jpg 768w\" sizes=\"auto, (max-width: 225px) 100vw, 225px\" \/><\/p>\n<p><img loading=\"lazy\" decoding=\"async\" class=\"size-medium wp-image-258 alignleft\" src=\"https:\/\/muenster.org\/schanze\/wp-content\/uploads\/2018\/08\/GB2018_4-225x300.jpg\" alt=\"\" width=\"225\" height=\"300\" srcset=\"https:\/\/muenster.org\/schanze\/wp-content\/uploads\/2018\/08\/GB2018_4-225x300.jpg 225w, https:\/\/muenster.org\/schanze\/wp-content\/uploads\/2018\/08\/GB2018_4-768x1024.jpg 768w\" sizes=\"auto, (max-width: 225px) 100vw, 225px\" \/><\/p>\n<p><img loading=\"lazy\" decoding=\"async\" class=\"size-medium wp-image-259 alignright\" src=\"https:\/\/muenster.org\/schanze\/wp-content\/uploads\/2018\/08\/GB2018_5-225x300.jpg\" alt=\"\" width=\"225\" height=\"300\" srcset=\"https:\/\/muenster.org\/schanze\/wp-content\/uploads\/2018\/08\/GB2018_5-225x300.jpg 225w, https:\/\/muenster.org\/schanze\/wp-content\/uploads\/2018\/08\/GB2018_5-768x1024.jpg 768w\" sizes=\"auto, (max-width: 225px) 100vw, 225px\" \/><\/p>\n<p>&nbsp;<\/p>\n<p>&nbsp;<\/p>\n<p>&nbsp;<\/p>\n<p>&nbsp;<\/p>\n<p>&nbsp;<\/p>\n<p>&nbsp;<\/p>\n<p>&nbsp;<\/p>\n<p>&nbsp;<\/p>\n<p>&nbsp;<\/p>\n<p>&nbsp;<\/p>\n<p>&nbsp;<\/p>\n<blockquote><p>Copyrights Fotos: VG BildKunst&nbsp; vgl.: <a href=\"https:\/\/www.bildkunst.de\/index.html\">https:\/\/www.bildkunst.de\/index.html<\/a><\/p><\/blockquote>\n<p>&nbsp;<\/p>\n<p>15. Januar &#8211; 02. Februar<\/p>\n<p><strong>Miriam &#8222;Musik der Manege&#8220;<\/strong><\/p>\n<p><img loading=\"lazy\" decoding=\"async\" class=\"size-medium wp-image-263\" src=\"https:\/\/muenster.org\/schanze\/wp-content\/uploads\/2018\/08\/Schlangenakrobat-212x300.jpg\" alt=\"\" width=\"212\" height=\"300\" srcset=\"https:\/\/muenster.org\/schanze\/wp-content\/uploads\/2018\/08\/Schlangenakrobat-212x300.jpg 212w, https:\/\/muenster.org\/schanze\/wp-content\/uploads\/2018\/08\/Schlangenakrobat-768x1089.jpg 768w, https:\/\/muenster.org\/schanze\/wp-content\/uploads\/2018\/08\/Schlangenakrobat-722x1024.jpg 722w\" sizes=\"auto, (max-width: 212px) 100vw, 212px\" \/><\/p>\n<p>Er\u00f6ffnung: Mo, 15. Januar um 18 Uhr<br \/>\n<strong>Einf\u00fchrung:<\/strong> Dr. Stephan Trescher<br \/>\n<strong>Durchf\u00fchrung:<\/strong> Thomas Hoffmann, Kunstmanager<br \/>\n<strong>Dankesworte &amp; Begr\u00fc\u00dfung:<\/strong> Miriam<\/p>\n<p>\u00d6ffnungszeiten: Mo &#8211; Fr&nbsp;&nbsp; 8 &#8211; 16 Uhr<\/p>\n","protected":false},"excerpt":{"rendered":"<p>Verkaufsausstellung Malerei, Graphik und Druckgraphik, Glaskunst, Collage, Skulptur, Objekt, Photographie, ein K\u00fcnstlerbuch und Ausschnitte an Konzeptkunst Design Einladungskarte: Natascha Fix Begr\u00fc\u00dfung Helmut K\u00f6nig Klavier Rede Miriam (Kanzlerin der SCHANZE) &nbsp; 01. September &#8211; 27. Oktober Die Schanze freut sich au\u00dferordentlich, auf folgende Ausstellung aufmerksam machen zu k\u00f6nnen: &nbsp; &nbsp; &nbsp; &nbsp; &nbsp; 02. September &#8211; &hellip; <a href=\"https:\/\/muenster.org\/schanze\/ausstellungen-2\/\" class=\"more-link\"><span class=\"screen-reader-text\">2018<\/span> weiterlesen<\/a><\/p>\n","protected":false},"author":1,"featured_media":0,"parent":0,"menu_order":0,"comment_status":"closed","ping_status":"closed","template":"","meta":{"ngg_post_thumbnail":0,"footnotes":""},"class_list":["post-44","page","type-page","status-publish","hentry"],"_links":{"self":[{"href":"https:\/\/muenster.org\/schanze\/wp-json\/wp\/v2\/pages\/44","targetHints":{"allow":["GET"]}}],"collection":[{"href":"https:\/\/muenster.org\/schanze\/wp-json\/wp\/v2\/pages"}],"about":[{"href":"https:\/\/muenster.org\/schanze\/wp-json\/wp\/v2\/types\/page"}],"author":[{"embeddable":true,"href":"https:\/\/muenster.org\/schanze\/wp-json\/wp\/v2\/users\/1"}],"replies":[{"embeddable":true,"href":"https:\/\/muenster.org\/schanze\/wp-json\/wp\/v2\/comments?post=44"}],"version-history":[{"count":4,"href":"https:\/\/muenster.org\/schanze\/wp-json\/wp\/v2\/pages\/44\/revisions"}],"predecessor-version":[{"id":704,"href":"https:\/\/muenster.org\/schanze\/wp-json\/wp\/v2\/pages\/44\/revisions\/704"}],"wp:attachment":[{"href":"https:\/\/muenster.org\/schanze\/wp-json\/wp\/v2\/media?parent=44"}],"curies":[{"name":"wp","href":"https:\/\/api.w.org\/{rel}","templated":true}]}}