{"id":585,"date":"2019-12-24T12:03:44","date_gmt":"2019-12-24T11:03:44","guid":{"rendered":"http:\/\/muenster.org\/schanze\/?page_id=585"},"modified":"2020-03-26T09:32:05","modified_gmt":"2020-03-26T08:32:05","slug":"2019-2","status":"publish","type":"page","link":"https:\/\/muenster.org\/schanze\/2019-2\/","title":{"rendered":"2019"},"content":{"rendered":"\n<div class=\"wp-block-media-text alignwide\"><figure class=\"wp-block-media-text__media\"><img loading=\"lazy\" decoding=\"async\" width=\"538\" height=\"1024\" src=\"https:\/\/muenster.org\/schanze\/wp-content\/uploads\/2019\/11\/Bild-30-1-538x1024.jpg\" alt=\"\" class=\"wp-image-363\" srcset=\"https:\/\/muenster.org\/schanze\/wp-content\/uploads\/2019\/11\/Bild-30-1-538x1024.jpg 538w, https:\/\/muenster.org\/schanze\/wp-content\/uploads\/2019\/11\/Bild-30-1-158x300.jpg 158w, https:\/\/muenster.org\/schanze\/wp-content\/uploads\/2019\/11\/Bild-30-1-768x1462.jpg 768w, https:\/\/muenster.org\/schanze\/wp-content\/uploads\/2019\/11\/Bild-30-1.jpg 1466w\" sizes=\"auto, (max-width: 538px) 100vw, 538px\" \/><\/figure><div class=\"wp-block-media-text__content\">\n<p class=\"has-large-font-size\"><\/p>\n\n\n\n<p><\/p>\n\n\n\n<h4 class=\"wp-block-heading\">Ausstellung<br>Stadtmuseum M\u00fcnster<\/h4>\n\n\n\n<p>12. November 2019 bis 19. April 2020<\/p>\n<\/div><\/div>\n\n\n<p><strong>Begr\u00fc\u00dfung<\/strong>: Markus Lewe, Oberb\u00fcrgemeister der Stadt M\u00fcnster<br><strong>&#8222;Gemeinsam f\u00fcr die Kunst- Die Anf\u00e4nge der Freien K\u00fcnstlergemeinschaft Schanze&#8220;<\/strong><br>Dr. Bernd Thier, Stadtmuseum M\u00fcnster<br><strong>Er\u00f6ffnung<\/strong>: Dr. Barbara Romm\u00e9, Direktorin des Stadtmuseums M\u00fcnster<\/p>\n<p><em>Der Schauspieler Carsten Bender liest Ausz\u00fcge aus der historischen Chronik der Freien K\u00fcnstlergemeinschaft Schanze.<\/em><\/p>\n\n\n<p><\/p>\n\n\n\n<div class=\"wp-block-media-text alignwide\"><figure class=\"wp-block-media-text__media\"><img loading=\"lazy\" decoding=\"async\" width=\"1024\" height=\"768\" src=\"https:\/\/muenster.org\/schanze\/wp-content\/uploads\/2019\/11\/PB091512-1024x768.jpg\" alt=\"\" class=\"wp-image-366\" srcset=\"https:\/\/muenster.org\/schanze\/wp-content\/uploads\/2019\/11\/PB091512-1024x768.jpg 1024w, https:\/\/muenster.org\/schanze\/wp-content\/uploads\/2019\/11\/PB091512-300x225.jpg 300w, https:\/\/muenster.org\/schanze\/wp-content\/uploads\/2019\/11\/PB091512-768x576.jpg 768w\" sizes=\"auto, (max-width: 1024px) 100vw, 1024px\" \/><\/figure><div class=\"wp-block-media-text__content\">\n<p class=\"has-large-font-size\">Zeitkapsel <\/p>\n\n\n\n<p>Beteiligung mehrerer Schanze-K\u00fcnstlerinnen und -K\u00fcnstler an der  Ausstellung einer Zeitkapsel nach dem Konzept von Andreas Laugesen sowie  Vorstellung des neuen Schanze-Mitglieds Philipp Pohl. <\/p>\n\n\n\n<p><\/p>\n<\/div><\/div>\n\n\n<p><strong>17. November bis 20. Dezember<\/strong><\/p>\n<p><strong>Er\u00f6ffnung<\/strong> am Sonntag, 17. November um 11 Uhr<br><strong>Begr\u00fc\u00dfung: <\/strong>Frau Ursula Warnke, Vorsitzende des Stadtheimatbundes<br><strong>Einf\u00fchrung<\/strong>: Dr. Annette Georgi<\/p>\n\n\n<h4 class=\"wp-block-heading\"><\/h4>\n\n\n\n<p><strong>01. November bis 18. Dezember<\/strong><br><br><strong>Dr. Christine Kucinski<\/strong> bei der <strong>BurgArt 2019<\/strong> in L\u00fcdinghausen<\/p>\n\n\n\n<blockquote class=\"wp-block-quote is-layout-flow wp-block-quote-is-layout-flow\"><p><\/p><\/blockquote>\n\n\n\n<figure class=\"wp-block-image\"><img loading=\"lazy\" decoding=\"async\" width=\"1024\" height=\"744\" src=\"https:\/\/muenster.org\/schanze\/wp-content\/uploads\/2019\/11\/Bild-23-1024x744.jpg\" alt=\"\" class=\"wp-image-361\"\/><\/figure>\n\n\n\n<h4 class=\"wp-block-heading\">\u00d6ffentlicher Empfang f\u00fcr geladene und interessierte G\u00e4ste<\/h4>\n\n\n\n<p><strong>08. Oktober bis 16. November<\/strong><br><br>&#8222;100 Jahre Schanze &#8211; Geschichte aus der Innensicht&#8220;<\/p>\n\n\n<p>Er\u00f6ffnung am Dienstag, 08. Oktober um 18 Uhr<br><strong>Raumkonzept:<\/strong> Andreas Laugesen, freischaffender Bildhauer &amp; K\u00fcnstler<br><strong>Begr\u00fc\u00dfung:<\/strong> B\u00fcrgermeisterin&nbsp; Frau&nbsp; Beate Vilhjamsson<br><strong>Einf\u00fchrung:<\/strong> Klaus Tesching, freier Kurator und Sammler<br><strong>Kuratoren:<\/strong> Andreas Laugesen und Klaus Tesching<\/p>\n\n\n<h4 class=\"wp-block-heading\"><\/h4>\n\n\n\n<p><strong>07. September bis 26. Oktober<\/strong><br><br>&#8222;Zum 50j\u00e4hrigen Todestag von Hanns Hubertus Graf von Merveldt&#8220; in der Galerie Frye und Sohn<\/p>\n\n\n\n<h4 class=\"wp-block-heading\">Er\u00f6ffnung zur Nacht der Museen &amp; Galerien<\/h4>\n\n\n\n<p><strong>06. September bis 06. Oktober<\/strong><br><br>&#8222;Schanze. gegenw\u00e4rtig&#8220; im Kirchenfoyer M\u00fcnster<br>Begr\u00fc\u00dfung: Rupert K\u00f6nig, Leiter des Kirchenfoyers<br>Einf\u00fchrung: Prof. Erwin-Josef Speckmann<br>Kurator: Rupert K\u00f6nig<\/p>\n\n\n\n<h4 class=\"wp-block-heading\"><\/h4>\n\n\n\n<p><strong>06. September<\/strong><br><br>Lange Nacht der Museen und Galerien<br>Lichtinstallation und Skulpturen auf dem Lambertikirchplatz<br>vgl. Zeitungsartikel <\/p>\n\n\n\n<h4 class=\"wp-block-heading\"><\/h4>\n\n\n\n<p> <strong>04. September bis 14. September<\/strong><br><br>Ausstellung aktueller und historischer Arbeiten von Schanze-K\u00fcnstlerinnen und &#8211; K\u00fcnstlern in den Schaufenstern der Kaufleute am Prinzipalmarkt<br><strong>Initiiert durch Andreas Gattinger von der Galerie Ostendorff.<span data-mce-style=\"color: #454545;\" style=\"color: rgb(69, 69, 69);\"><\/span><\/strong><span data-mce-style=\"color: #878787;\" style=\"color: #878787;\"><span data-mce-style=\"color: #454545;\" style=\"color: rgb(69, 69, 69);\"><\/span><\/span><br><br><\/p>\n\n\n\n<p><\/p>\n\n\n\n<figure class=\"wp-block-image\"><img loading=\"lazy\" decoding=\"async\" width=\"1024\" height=\"603\" src=\"https:\/\/muenster.org\/schanze\/wp-content\/uploads\/2019\/12\/Bild-1024x603.jpg\" alt=\"\" class=\"wp-image-589\" srcset=\"https:\/\/muenster.org\/schanze\/wp-content\/uploads\/2019\/12\/Bild-1024x603.jpg 1024w, https:\/\/muenster.org\/schanze\/wp-content\/uploads\/2019\/12\/Bild-300x177.jpg 300w, https:\/\/muenster.org\/schanze\/wp-content\/uploads\/2019\/12\/Bild-768x452.jpg 768w\" sizes=\"auto, (max-width: 1024px) 100vw, 1024px\" \/><figcaption>&#8222;\u00fcber&#8220; &#8211; Ausstellung des Westf\u00e4lischen K\u00fcnstlerbundes Dortmund e.V. mit Philipp Pohl<\/figcaption><\/figure>\n\n\n\n<h3 class=\"wp-block-heading\">&#8222;Kunst ist im Kopf und sonst nirgendwo&#8220;<\/h3>\n\n\n\n<h4 class=\"wp-block-heading\">27. April bis 01. Juni<br>Erwin-Josef Speckmann zum 80. Geburtstag<\/h4>\n\n\n<p>Kunstkontor Dr. Doris M\u00f6llers, Rosenplatz 8, 48143 M\u00fcnster<br>&#8222;100 Jahre Freie K\u00fcnstlergemeinschaft Schanze&#8220;<br>&#8222;80 Jahre Erwin-Josef Speckmann&#8220;<br>&#8222;20 Jahre Kunstkontor&#8220;<\/p>\n<p>Vernissage am 27. April ab 16 Uhr<\/p>\n\n\n<figure class=\"wp-block-image is-resized\"><img loading=\"lazy\" decoding=\"async\" src=\"https:\/\/muenster.org\/schanze\/wp-content\/uploads\/2019\/11\/Bild-29-744x1024.jpg\" alt=\"\" class=\"wp-image-359\" width=\"640\" height=\"880\" srcset=\"https:\/\/muenster.org\/schanze\/wp-content\/uploads\/2019\/11\/Bild-29-744x1024.jpg 744w, https:\/\/muenster.org\/schanze\/wp-content\/uploads\/2019\/11\/Bild-29-218x300.jpg 218w, https:\/\/muenster.org\/schanze\/wp-content\/uploads\/2019\/11\/Bild-29-768x1057.jpg 768w\" sizes=\"auto, (max-width: 640px) 100vw, 640px\" \/><figcaption><strong>Er\u00f6ffnung <\/strong>am Sonntag, 07. April um 11 Uhr<br><strong>Einf\u00fchrung<\/strong>: Dr. Annette Georgi<\/figcaption><\/figure>\n\n\n\n<p><\/p>\n\n\n\n<div class=\"wp-block-media-text alignwide\"><figure class=\"wp-block-media-text__media\"><img loading=\"lazy\" decoding=\"async\" width=\"741\" height=\"1024\" src=\"https:\/\/muenster.org\/schanze\/wp-content\/uploads\/2019\/11\/Bild-28-1-741x1024.jpg\" alt=\"\" class=\"wp-image-358\" srcset=\"https:\/\/muenster.org\/schanze\/wp-content\/uploads\/2019\/11\/Bild-28-1-741x1024.jpg 741w, https:\/\/muenster.org\/schanze\/wp-content\/uploads\/2019\/11\/Bild-28-1-217x300.jpg 217w, https:\/\/muenster.org\/schanze\/wp-content\/uploads\/2019\/11\/Bild-28-1-768x1061.jpg 768w\" sizes=\"auto, (max-width: 741px) 100vw, 741px\" \/><\/figure><div class=\"wp-block-media-text__content\">\n<p class=\"has-large-font-size\">Lakonischer Realismus<\/p>\n\n\n\n<p><\/p>\n\n\n\n<p>von Dieter van Offern<\/p>\n<\/div><\/div>\n\n\n\n<h4 class=\"wp-block-heading\">08. April bis 30. April<br>in der Bezirksregierung M\u00fcnster<br><\/h4>\n\n\n<p><strong>Vernissage<\/strong> am 05. April um 17.30 Uhr<br><strong>Begr\u00fc\u00dfung<\/strong>: Dr. Ansgar Scheipers, Regierungsvizepr\u00e4sident<br><strong>Einf\u00fchrung<\/strong>: Dr. Annette Georgi, Kunsthistorikerin<\/p>\n<p>ge\u00f6ffnet Montag bis Freitag von 8 Uhr bis 16 Uhr<\/p>\n\n\n<h3 class=\"wp-block-heading\"><\/h3>\n\n\n\n<h3 class=\"wp-block-heading\">MEDITATION-VERGESSEN-ERINNERN<\/h3>\n\n\n\n<figure class=\"wp-block-image is-resized\"><img loading=\"lazy\" decoding=\"async\" src=\"https:\/\/muenster.org\/schanze\/wp-content\/uploads\/2019\/11\/Franz-HItze-Haus-731x1024.jpeg\" alt=\"\" class=\"wp-image-355\" width=\"585\" height=\"819\" srcset=\"https:\/\/muenster.org\/schanze\/wp-content\/uploads\/2019\/11\/Franz-HItze-Haus-731x1024.jpeg 731w, https:\/\/muenster.org\/schanze\/wp-content\/uploads\/2019\/11\/Franz-HItze-Haus-214x300.jpeg 214w, https:\/\/muenster.org\/schanze\/wp-content\/uploads\/2019\/11\/Franz-HItze-Haus-768x1076.jpeg 768w\" sizes=\"auto, (max-width: 585px) 100vw, 585px\" \/><figcaption>Copyrights: Ilse Wecker<\/figcaption><\/figure>\n\n\n\n<h4 class=\"wp-block-heading\">SCHANZE &#8211; Jubil\u00e4ums &#8211; Auftaktausstellung <br>in der kath.-soz. Akademie Franz-Hitze-Haus<br>1. April bis 16. Juni<\/h4>\n\n\n<p><strong>Begr\u00fc\u00dfung: <\/strong>Antonius Kerkhoff, Leiter der Akademie Franz-Hitze-Haus<strong><br>Einf\u00fchrung<\/strong>: Prof. Dr. Klaus Anderbr\u00fcgge, Universit\u00e4tskanzler a.D., Ms<br><strong>Musik<\/strong>: Gudula Rosa, Blockfl\u00f6te<\/p>\n\n\n<h4 class=\"wp-block-heading\">Begleitveranstaltung &#8222;Kunst- eine Vorschule des Betens&#8220;<br>23. Mai &#8211; 18.30 bis 21 Uhr<\/h4>\n\n\n<p>Betrachtungen aus Hirnforschung und k\u00fcnstlerischer Praxis<\/p>\n<p>Forum mit Prof. Dr. Erwin-Josef Speckmann, Mediziner, Universit\u00e4t M\u00fcnster, Dozent an der Kunstakademie M\u00fcnster<\/p>\n\n\n<p><\/p>\n\n\n\n<h4 class=\"wp-block-heading\">Ilse Wecker und J\u00fcrgen Kl\u00fcck<br>ZWEI POSITIONEN DER FOTOGRAFIE<\/h4>\n\n\n\n<p><strong>17. Februar bis Ende M\u00e4rz<\/strong><br><br><strong>Begr\u00fc\u00dfung:<\/strong> Helmut K\u00f6nig, Inhaber der Galerie-R\u00e4umlichkeiten<br><strong>Musik:<\/strong><br><strong>Einf\u00fchrung: <\/strong>Dr. Annette Georgi<br>GALERIE K\u00d6NIG, Kesslerweg 22, 48165 M\u00fcnster<br>Mo bis Do: 10 &#8211; 14 Uhr <br>Fr:   10 &#8211; 13 Uhr<br>http:\/\/www.galeriekoenigmuenster.de\/<\/p>\n\n\n\n<figure class=\"wp-block-image is-resized\"><img loading=\"lazy\" decoding=\"async\" src=\"https:\/\/muenster.org\/schanze\/wp-content\/uploads\/2019\/02\/J\u00fcrgen-1-1024x728.jpeg\" alt=\"\" class=\"wp-image-348\" width=\"326\" height=\"232\" srcset=\"https:\/\/muenster.org\/schanze\/wp-content\/uploads\/2019\/02\/J\u00fcrgen-1-1024x728.jpeg 1024w, https:\/\/muenster.org\/schanze\/wp-content\/uploads\/2019\/02\/J\u00fcrgen-1-300x213.jpeg 300w, https:\/\/muenster.org\/schanze\/wp-content\/uploads\/2019\/02\/J\u00fcrgen-1-768x546.jpeg 768w, https:\/\/muenster.org\/schanze\/wp-content\/uploads\/2019\/02\/J\u00fcrgen-1.jpeg 1758w\" sizes=\"auto, (max-width: 326px) 100vw, 326px\" \/><\/figure>\n\n\n\n<div class=\"wp-block-image\"><figure class=\"alignright is-resized\"><img loading=\"lazy\" decoding=\"async\" src=\"https:\/\/muenster.org\/schanze\/wp-content\/uploads\/2019\/02\/Ilse-1-1024x710.jpeg\" alt=\"\" class=\"wp-image-347\" width=\"316\" height=\"218\" srcset=\"https:\/\/muenster.org\/schanze\/wp-content\/uploads\/2019\/02\/Ilse-1-1024x710.jpeg 1024w, https:\/\/muenster.org\/schanze\/wp-content\/uploads\/2019\/02\/Ilse-1-300x208.jpeg 300w, https:\/\/muenster.org\/schanze\/wp-content\/uploads\/2019\/02\/Ilse-1-768x533.jpeg 768w, https:\/\/muenster.org\/schanze\/wp-content\/uploads\/2019\/02\/Ilse-1.jpeg 1745w\" sizes=\"auto, (max-width: 316px) 100vw, 316px\" \/><\/figure><\/div>\n\n\n\n<h2 class=\"wp-block-heading\"><\/h2>\n","protected":false},"excerpt":{"rendered":"<p>AusstellungStadtmuseum M\u00fcnster 12. November 2019 bis 19. April 2020 Begr\u00fc\u00dfung: Markus Lewe, Oberb\u00fcrgemeister der Stadt M\u00fcnster&#8222;Gemeinsam f\u00fcr die Kunst- Die Anf\u00e4nge der Freien K\u00fcnstlergemeinschaft Schanze&#8220;Dr. Bernd Thier, Stadtmuseum M\u00fcnsterEr\u00f6ffnung: Dr. Barbara Romm\u00e9, Direktorin des Stadtmuseums M\u00fcnster Der Schauspieler Carsten Bender liest Ausz\u00fcge aus der historischen Chronik der Freien K\u00fcnstlergemeinschaft Schanze. Zeitkapsel Beteiligung mehrerer Schanze-K\u00fcnstlerinnen und &hellip; <a href=\"https:\/\/muenster.org\/schanze\/2019-2\/\" class=\"more-link\"><span class=\"screen-reader-text\">2019<\/span> weiterlesen<\/a><\/p>\n","protected":false},"author":1,"featured_media":0,"parent":0,"menu_order":0,"comment_status":"closed","ping_status":"closed","template":"","meta":{"ngg_post_thumbnail":0,"footnotes":""},"class_list":["post-585","page","type-page","status-publish","hentry"],"_links":{"self":[{"href":"https:\/\/muenster.org\/schanze\/wp-json\/wp\/v2\/pages\/585","targetHints":{"allow":["GET"]}}],"collection":[{"href":"https:\/\/muenster.org\/schanze\/wp-json\/wp\/v2\/pages"}],"about":[{"href":"https:\/\/muenster.org\/schanze\/wp-json\/wp\/v2\/types\/page"}],"author":[{"embeddable":true,"href":"https:\/\/muenster.org\/schanze\/wp-json\/wp\/v2\/users\/1"}],"replies":[{"embeddable":true,"href":"https:\/\/muenster.org\/schanze\/wp-json\/wp\/v2\/comments?post=585"}],"version-history":[{"count":7,"href":"https:\/\/muenster.org\/schanze\/wp-json\/wp\/v2\/pages\/585\/revisions"}],"predecessor-version":[{"id":705,"href":"https:\/\/muenster.org\/schanze\/wp-json\/wp\/v2\/pages\/585\/revisions\/705"}],"wp:attachment":[{"href":"https:\/\/muenster.org\/schanze\/wp-json\/wp\/v2\/media?parent=585"}],"curies":[{"name":"wp","href":"https:\/\/api.w.org\/{rel}","templated":true}]}}