{"id":8,"date":"2018-04-30T20:02:19","date_gmt":"2018-04-30T18:02:19","guid":{"rendered":"http:\/\/muenster.org\/schanze\/?page_id=8"},"modified":"2025-06-04T23:54:00","modified_gmt":"2025-06-04T21:54:00","slug":"home","status":"publish","type":"page","link":"https:\/\/muenster.org\/schanze\/","title":{"rendered":"Willkommen !"},"content":{"rendered":"<div id=\"cc-m-11859603912\" class=\"j-module n j-header \">\n<p><a href=\"https:\/\/muenster.org\/schanze\/home\/logo-ohne-hintergrund\/\" rel=\"attachment wp-att-842\"><img loading=\"lazy\" decoding=\"async\" class=\"size-medium wp-image-842 aligncenter\" src=\"https:\/\/muenster.org\/schanze\/wp-content\/uploads\/2023\/03\/LOGO-ohne-hintergrund-300x232.jpg\" alt=\"\" width=\"300\" height=\"232\" srcset=\"https:\/\/muenster.org\/schanze\/wp-content\/uploads\/2023\/03\/LOGO-ohne-hintergrund-300x232.jpg 300w, https:\/\/muenster.org\/schanze\/wp-content\/uploads\/2023\/03\/LOGO-ohne-hintergrund-1024x792.jpg 1024w, https:\/\/muenster.org\/schanze\/wp-content\/uploads\/2023\/03\/LOGO-ohne-hintergrund-768x594.jpg 768w, https:\/\/muenster.org\/schanze\/wp-content\/uploads\/2023\/03\/LOGO-ohne-hintergrund.jpg 1059w\" sizes=\"auto, (max-width: 300px) 100vw, 300px\" \/><\/a><\/p>\n<h3>Unsere K\u00fcnstlergemeinschaft ist inzwischen schon 106 Jahre.<\/h3>\n<p>Herzlich willkommen und viel Spa\u00df beim St\u00f6bern.<\/p>\n<\/div>\n<div id=\"cc-m-11859604112\" class=\"j-module n j-text \">\n<p><a href=\"https:\/\/muenster.org\/schanze\/home\/100jahre_schanze\/\" rel=\"attachment wp-att-325\"><img loading=\"lazy\" decoding=\"async\" class=\"alignright  wp-image-325\" src=\"https:\/\/muenster.org\/schanze\/wp-content\/uploads\/2019\/01\/100jahre_schanze.jpg\" alt=\"\" width=\"192\" height=\"132\"><\/a><\/p>\n<\/div>\n<p>&nbsp;<\/p>\n","protected":false},"excerpt":{"rendered":"<p>Unsere K\u00fcnstlergemeinschaft ist inzwischen schon 106 Jahre. Herzlich willkommen und viel Spa\u00df beim St\u00f6bern. &nbsp;<\/p>\n","protected":false},"author":1,"featured_media":0,"parent":0,"menu_order":0,"comment_status":"closed","ping_status":"closed","template":"","meta":{"ngg_post_thumbnail":0,"footnotes":""},"class_list":["post-8","page","type-page","status-publish","hentry"],"_links":{"self":[{"href":"https:\/\/muenster.org\/schanze\/wp-json\/wp\/v2\/pages\/8","targetHints":{"allow":["GET"]}}],"collection":[{"href":"https:\/\/muenster.org\/schanze\/wp-json\/wp\/v2\/pages"}],"about":[{"href":"https:\/\/muenster.org\/schanze\/wp-json\/wp\/v2\/types\/page"}],"author":[{"embeddable":true,"href":"https:\/\/muenster.org\/schanze\/wp-json\/wp\/v2\/users\/1"}],"replies":[{"embeddable":true,"href":"https:\/\/muenster.org\/schanze\/wp-json\/wp\/v2\/comments?post=8"}],"version-history":[{"count":28,"href":"https:\/\/muenster.org\/schanze\/wp-json\/wp\/v2\/pages\/8\/revisions"}],"predecessor-version":[{"id":1165,"href":"https:\/\/muenster.org\/schanze\/wp-json\/wp\/v2\/pages\/8\/revisions\/1165"}],"wp:attachment":[{"href":"https:\/\/muenster.org\/schanze\/wp-json\/wp\/v2\/media?parent=8"}],"curies":[{"name":"wp","href":"https:\/\/api.w.org\/{rel}","templated":true}]}}