{"id":41,"date":"2021-03-07T16:41:44","date_gmt":"2021-03-07T15:41:44","guid":{"rendered":"https:\/\/muenster.org\/semikolon\/?page_id=41"},"modified":"2024-08-14T10:45:28","modified_gmt":"2024-08-14T08:45:28","slug":"veranstaltungen","status":"publish","type":"page","link":"https:\/\/muenster.org\/semikolon\/veranstaltungen\/","title":{"rendered":"Veranstaltungen"},"content":{"rendered":"\n<p>&#8230; und andere H\u00f6hepunkte aus den letzten Jahren bei Sem;kolon werden hier kurz vorgestellt. Denn Sem;kolon plant und f\u00fchrt Lesungen, Aktionen und weitere Veranstaltungen durch. <\/p>\n\n\n\n<p>Zuletzt gab es bei Semikolon:<\/p>\n\n\n\n<h3 class=\"wp-block-heading\">Ein Novum: Der erste Preis in der langen Geschichte Sem;kolons<\/h3>\n\n\n\n<p>&#8230; wurde am 13. Juni 2024 von Lutz (einem langj\u00e4hrigen Sem;kolon-Mitglied) gestiftet und feierlich verliehen. Im Rahmen eines Sem;kolon-Treffens im Spooky&#8217;s durften alle, die einen Text zum Thema &#8222;Die gro\u00dfen Alten&#8220; geschrieben hatten, am Wettbewerb um den Preis teilnehmen. Lutz als Jurist lie\u00df es sich nicht nehmen, vorab pr\u00e4zise Vergaberichtlinien zu erstellen, die es allen Teilnehmenden rechtlich sicher erm\u00f6glichten, ihren Beitrag zu verfassen und m\u00f6gliche strittige Punkte im Vorfeld zu kl\u00e4ren \ud83d\ude09<\/p>\n\n\n\n<p> Zu gewinnen gab es eine exklusive Sem;kolon-Tasse, die nat\u00fcrlich hei\u00df begehrt war und das Niveau der verlesenen sechs Geschichten in ungeahnte H\u00f6hen schnellen lie\u00df. Alle Geschichten waren einzigartig, originell und auf jeden Fall preisw\u00fcrdig &#8211; aber gewinnen konnte nur eine &#8230; Die preisw\u00fcrdigste aller Geschichten wurde von allen Anwesenden, au\u00dfer dem Preisstifter, in geheimer Wahl gew\u00e4hlt &#8211; und obwohl alle angaben, dass ihnen die Entscheidung schwer fiel, gewann am Ende mit gro\u00dfer Mehrheit der Text von Martin Jr., der vieles hatte, nur keinen originellen Titel (Er hie\u00df: &#8222;Die gro\u00dfen Alten&#8220;).<\/p>\n\n\n\n<p>Am Ende waren sich alle einig: Eine tolle Aktion, die sch\u00f6ne Geschichten hervorgebracht hat, aber auch einiges an H\u00f6rdisziplin (vor allen von den immer wieder auftauchenden ungebetenen G\u00e4sten) erforderte. Gerne wiederholbar, aber vielleicht nicht mehr in diesem Jahr &#8230; daf\u00fcr reden wir bei Sem;kolon einfach zu gerne \u00fcber die gerade geh\u00f6rten Geschichten, was aber beim Wettbewerb aus Fairnessgr\u00fcnden nicht ging. <\/p>\n\n\n\n<p><strong>Herzlichen Gl\u00fcckwunsch<\/strong> an Martin jr, der <strong>Gewinner des 1. Preises in der langen Geschichte von Sem;kolon<\/strong>! M\u00f6ge ihm literarischer Ruhm auch in anderen Kreisen auf dem Fu\u00dfe folgen! <\/p>\n\n\n\n<figure class=\"wp-block-image size-large\"><img loading=\"lazy\" decoding=\"async\" width=\"912\" height=\"1024\" src=\"https:\/\/muenster.org\/semikolon\/wp-content\/uploads\/2024\/08\/semikolon-preis-autorengruppe-sieger-martin-912x1024.jpg\" alt=\"\" class=\"wp-image-333\" srcset=\"https:\/\/muenster.org\/semikolon\/wp-content\/uploads\/2024\/08\/semikolon-preis-autorengruppe-sieger-martin-912x1024.jpg 912w, https:\/\/muenster.org\/semikolon\/wp-content\/uploads\/2024\/08\/semikolon-preis-autorengruppe-sieger-martin-267x300.jpg 267w, https:\/\/muenster.org\/semikolon\/wp-content\/uploads\/2024\/08\/semikolon-preis-autorengruppe-sieger-martin-768x862.jpg 768w, https:\/\/muenster.org\/semikolon\/wp-content\/uploads\/2024\/08\/semikolon-preis-autorengruppe-sieger-martin-1368x1536.jpg 1368w, https:\/\/muenster.org\/semikolon\/wp-content\/uploads\/2024\/08\/semikolon-preis-autorengruppe-sieger-martin-1824x2048.jpg 1824w, https:\/\/muenster.org\/semikolon\/wp-content\/uploads\/2024\/08\/semikolon-preis-autorengruppe-sieger-martin-1200x1347.jpg 1200w, https:\/\/muenster.org\/semikolon\/wp-content\/uploads\/2024\/08\/semikolon-preis-autorengruppe-sieger-martin-1980x2223.jpg 1980w\" sizes=\"auto, (max-width: 912px) 100vw, 912px\" \/><figcaption class=\"wp-element-caption\">So sehen Sieger aus: Martin jr. mit der exklusiven Sem;kolon-Tasse im Spooky&#8217;s.<\/figcaption><\/figure>\n\n\n\n<h3 class=\"wp-block-heading has-text-align-center\">Zeltlesung im <a href=\"https:\/\/www.kulturquartier-muenster.de\/\" target=\"_blank\" rel=\"noreferrer noopener\">Kulturquartier<\/a> 2019<\/h3>\n\n\n\n<figure class=\"wp-block-image size-large\"><img loading=\"lazy\" decoding=\"async\" width=\"1000\" height=\"666\" src=\"https:\/\/muenster.org\/semikolon\/wp-content\/uploads\/2021\/04\/semikolon-zeltlesung.jpg\" alt=\"\" class=\"wp-image-118\" srcset=\"https:\/\/muenster.org\/semikolon\/wp-content\/uploads\/2021\/04\/semikolon-zeltlesung.jpg 1000w, https:\/\/muenster.org\/semikolon\/wp-content\/uploads\/2021\/04\/semikolon-zeltlesung-300x200.jpg 300w, https:\/\/muenster.org\/semikolon\/wp-content\/uploads\/2021\/04\/semikolon-zeltlesung-768x511.jpg 768w\" sizes=\"auto, (max-width: 1000px) 100vw, 1000px\" \/><figcaption class=\"wp-element-caption\">Vor dieser malerisch-bemalten Kulisse durften wir im Zirkuszelt lesen. Mit dabei waren unter anderem Gabi (links, von hinten), Katja (Mitte) und J\u00fcrgen (im Vordergrund) &#8211; hier beim Soundcheck.<\/figcaption><\/figure>\n\n\n\n<h3 class=\"wp-block-heading has-text-align-center\">Lesung im Spec-Ops 2016<\/h3>\n\n\n\n<figure class=\"wp-block-gallery has-nested-images columns-default is-cropped wp-block-gallery-1 is-layout-flex wp-block-gallery-is-layout-flex\">\n<figure class=\"wp-block-image size-large\"><a href=\"https:\/\/muenster.org\/semikolon\/wp-content\/uploads\/2021\/04\/semikolon-lesung-spec-ops4-1.jpg\" data-lbwps-width=\"1600\" data-lbwps-height=\"1059\" data-lbwps-srcsmall=\"https:\/\/muenster.org\/semikolon\/wp-content\/uploads\/2021\/04\/semikolon-lesung-spec-ops4-1-300x199.jpg\"><img loading=\"lazy\" decoding=\"async\" width=\"1024\" height=\"678\" data-id=\"176\" src=\"https:\/\/muenster.org\/semikolon\/wp-content\/uploads\/2021\/04\/semikolon-lesung-spec-ops4-1-1024x678.jpg\" alt=\"\" class=\"wp-image-176\" srcset=\"https:\/\/muenster.org\/semikolon\/wp-content\/uploads\/2021\/04\/semikolon-lesung-spec-ops4-1-1024x678.jpg 1024w, https:\/\/muenster.org\/semikolon\/wp-content\/uploads\/2021\/04\/semikolon-lesung-spec-ops4-1-300x199.jpg 300w, https:\/\/muenster.org\/semikolon\/wp-content\/uploads\/2021\/04\/semikolon-lesung-spec-ops4-1-768x508.jpg 768w, https:\/\/muenster.org\/semikolon\/wp-content\/uploads\/2021\/04\/semikolon-lesung-spec-ops4-1-1536x1017.jpg 1536w, https:\/\/muenster.org\/semikolon\/wp-content\/uploads\/2021\/04\/semikolon-lesung-spec-ops4-1-1200x794.jpg 1200w, https:\/\/muenster.org\/semikolon\/wp-content\/uploads\/2021\/04\/semikolon-lesung-spec-ops4-1.jpg 1600w\" sizes=\"auto, (max-width: 1024px) 100vw, 1024px\" \/><\/a><\/figure>\n\n\n\n<figure class=\"wp-block-image size-large\"><a href=\"https:\/\/muenster.org\/semikolon\/wp-content\/uploads\/2021\/04\/semikolon-lesung-spec-ops38.jpg\" data-lbwps-width=\"1600\" data-lbwps-height=\"1059\" data-lbwps-srcsmall=\"https:\/\/muenster.org\/semikolon\/wp-content\/uploads\/2021\/04\/semikolon-lesung-spec-ops38-300x199.jpg\"><img loading=\"lazy\" decoding=\"async\" width=\"1024\" height=\"678\" data-id=\"128\" src=\"https:\/\/muenster.org\/semikolon\/wp-content\/uploads\/2021\/04\/semikolon-lesung-spec-ops38-1024x678.jpg\" alt=\"\" class=\"wp-image-128\" srcset=\"https:\/\/muenster.org\/semikolon\/wp-content\/uploads\/2021\/04\/semikolon-lesung-spec-ops38-1024x678.jpg 1024w, https:\/\/muenster.org\/semikolon\/wp-content\/uploads\/2021\/04\/semikolon-lesung-spec-ops38-300x199.jpg 300w, https:\/\/muenster.org\/semikolon\/wp-content\/uploads\/2021\/04\/semikolon-lesung-spec-ops38-768x508.jpg 768w, https:\/\/muenster.org\/semikolon\/wp-content\/uploads\/2021\/04\/semikolon-lesung-spec-ops38-1536x1017.jpg 1536w, https:\/\/muenster.org\/semikolon\/wp-content\/uploads\/2021\/04\/semikolon-lesung-spec-ops38-1200x794.jpg 1200w, https:\/\/muenster.org\/semikolon\/wp-content\/uploads\/2021\/04\/semikolon-lesung-spec-ops38.jpg 1600w\" sizes=\"auto, (max-width: 1024px) 100vw, 1024px\" \/><\/a><\/figure>\n\n\n\n<figure class=\"wp-block-image size-large\"><a href=\"https:\/\/muenster.org\/semikolon\/wp-content\/uploads\/2021\/04\/semikolon-lesung-spec-ops34.jpg\" data-lbwps-width=\"1600\" data-lbwps-height=\"1059\" data-lbwps-srcsmall=\"https:\/\/muenster.org\/semikolon\/wp-content\/uploads\/2021\/04\/semikolon-lesung-spec-ops34-300x199.jpg\"><img loading=\"lazy\" decoding=\"async\" width=\"1024\" height=\"678\" data-id=\"126\" src=\"https:\/\/muenster.org\/semikolon\/wp-content\/uploads\/2021\/04\/semikolon-lesung-spec-ops34-1024x678.jpg\" alt=\"\" class=\"wp-image-126\" srcset=\"https:\/\/muenster.org\/semikolon\/wp-content\/uploads\/2021\/04\/semikolon-lesung-spec-ops34-1024x678.jpg 1024w, https:\/\/muenster.org\/semikolon\/wp-content\/uploads\/2021\/04\/semikolon-lesung-spec-ops34-300x199.jpg 300w, https:\/\/muenster.org\/semikolon\/wp-content\/uploads\/2021\/04\/semikolon-lesung-spec-ops34-768x508.jpg 768w, https:\/\/muenster.org\/semikolon\/wp-content\/uploads\/2021\/04\/semikolon-lesung-spec-ops34-1536x1017.jpg 1536w, https:\/\/muenster.org\/semikolon\/wp-content\/uploads\/2021\/04\/semikolon-lesung-spec-ops34-1200x794.jpg 1200w, https:\/\/muenster.org\/semikolon\/wp-content\/uploads\/2021\/04\/semikolon-lesung-spec-ops34.jpg 1600w\" sizes=\"auto, (max-width: 1024px) 100vw, 1024px\" \/><\/a><\/figure>\n\n\n\n<figure class=\"wp-block-image size-large\"><a href=\"https:\/\/muenster.org\/semikolon\/wp-content\/uploads\/2021\/04\/semikolon-lesung-spec-ops37.jpg\" data-lbwps-width=\"1600\" data-lbwps-height=\"1059\" data-lbwps-srcsmall=\"https:\/\/muenster.org\/semikolon\/wp-content\/uploads\/2021\/04\/semikolon-lesung-spec-ops37-300x199.jpg\"><img loading=\"lazy\" decoding=\"async\" width=\"1024\" height=\"678\" data-id=\"127\" src=\"https:\/\/muenster.org\/semikolon\/wp-content\/uploads\/2021\/04\/semikolon-lesung-spec-ops37-1024x678.jpg\" alt=\"\" class=\"wp-image-127\" srcset=\"https:\/\/muenster.org\/semikolon\/wp-content\/uploads\/2021\/04\/semikolon-lesung-spec-ops37-1024x678.jpg 1024w, https:\/\/muenster.org\/semikolon\/wp-content\/uploads\/2021\/04\/semikolon-lesung-spec-ops37-300x199.jpg 300w, https:\/\/muenster.org\/semikolon\/wp-content\/uploads\/2021\/04\/semikolon-lesung-spec-ops37-768x508.jpg 768w, https:\/\/muenster.org\/semikolon\/wp-content\/uploads\/2021\/04\/semikolon-lesung-spec-ops37-1536x1017.jpg 1536w, https:\/\/muenster.org\/semikolon\/wp-content\/uploads\/2021\/04\/semikolon-lesung-spec-ops37-1200x794.jpg 1200w, https:\/\/muenster.org\/semikolon\/wp-content\/uploads\/2021\/04\/semikolon-lesung-spec-ops37.jpg 1600w\" sizes=\"auto, (max-width: 1024px) 100vw, 1024px\" \/><\/a><\/figure>\n\n\n\n<figure class=\"wp-block-image size-large\"><a href=\"https:\/\/muenster.org\/semikolon\/wp-content\/uploads\/2021\/04\/semikolon-lesung-spec-ops22.jpg\" data-lbwps-width=\"1600\" data-lbwps-height=\"1059\" data-lbwps-srcsmall=\"https:\/\/muenster.org\/semikolon\/wp-content\/uploads\/2021\/04\/semikolon-lesung-spec-ops22-300x199.jpg\"><img loading=\"lazy\" decoding=\"async\" width=\"1024\" height=\"678\" data-id=\"124\" src=\"https:\/\/muenster.org\/semikolon\/wp-content\/uploads\/2021\/04\/semikolon-lesung-spec-ops22-1024x678.jpg\" alt=\"\" class=\"wp-image-124\" srcset=\"https:\/\/muenster.org\/semikolon\/wp-content\/uploads\/2021\/04\/semikolon-lesung-spec-ops22-1024x678.jpg 1024w, https:\/\/muenster.org\/semikolon\/wp-content\/uploads\/2021\/04\/semikolon-lesung-spec-ops22-300x199.jpg 300w, https:\/\/muenster.org\/semikolon\/wp-content\/uploads\/2021\/04\/semikolon-lesung-spec-ops22-768x508.jpg 768w, https:\/\/muenster.org\/semikolon\/wp-content\/uploads\/2021\/04\/semikolon-lesung-spec-ops22-1536x1017.jpg 1536w, https:\/\/muenster.org\/semikolon\/wp-content\/uploads\/2021\/04\/semikolon-lesung-spec-ops22-1200x794.jpg 1200w, https:\/\/muenster.org\/semikolon\/wp-content\/uploads\/2021\/04\/semikolon-lesung-spec-ops22.jpg 1600w\" sizes=\"auto, (max-width: 1024px) 100vw, 1024px\" \/><\/a><\/figure>\n\n\n\n<figure class=\"wp-block-image size-large\"><a href=\"https:\/\/muenster.org\/semikolon\/wp-content\/uploads\/2021\/04\/semikolon-lesung-spec-ops6.jpg\" data-lbwps-width=\"1600\" data-lbwps-height=\"1059\" data-lbwps-srcsmall=\"https:\/\/muenster.org\/semikolon\/wp-content\/uploads\/2021\/04\/semikolon-lesung-spec-ops6-300x199.jpg\"><img loading=\"lazy\" decoding=\"async\" width=\"1024\" height=\"678\" data-id=\"120\" src=\"https:\/\/muenster.org\/semikolon\/wp-content\/uploads\/2021\/04\/semikolon-lesung-spec-ops6-1024x678.jpg\" alt=\"\" class=\"wp-image-120\" srcset=\"https:\/\/muenster.org\/semikolon\/wp-content\/uploads\/2021\/04\/semikolon-lesung-spec-ops6-1024x678.jpg 1024w, https:\/\/muenster.org\/semikolon\/wp-content\/uploads\/2021\/04\/semikolon-lesung-spec-ops6-300x199.jpg 300w, https:\/\/muenster.org\/semikolon\/wp-content\/uploads\/2021\/04\/semikolon-lesung-spec-ops6-768x508.jpg 768w, https:\/\/muenster.org\/semikolon\/wp-content\/uploads\/2021\/04\/semikolon-lesung-spec-ops6-1536x1017.jpg 1536w, https:\/\/muenster.org\/semikolon\/wp-content\/uploads\/2021\/04\/semikolon-lesung-spec-ops6-1200x794.jpg 1200w, https:\/\/muenster.org\/semikolon\/wp-content\/uploads\/2021\/04\/semikolon-lesung-spec-ops6.jpg 1600w\" sizes=\"auto, (max-width: 1024px) 100vw, 1024px\" \/><\/a><\/figure>\n\n\n\n<figure class=\"wp-block-image size-large\"><a href=\"https:\/\/muenster.org\/semikolon\/wp-content\/uploads\/2021\/04\/semikolon-lesung-spec-ops13.jpg\" data-lbwps-width=\"1600\" data-lbwps-height=\"1059\" data-lbwps-srcsmall=\"https:\/\/muenster.org\/semikolon\/wp-content\/uploads\/2021\/04\/semikolon-lesung-spec-ops13-300x199.jpg\"><img loading=\"lazy\" decoding=\"async\" width=\"1024\" height=\"678\" data-id=\"122\" src=\"https:\/\/muenster.org\/semikolon\/wp-content\/uploads\/2021\/04\/semikolon-lesung-spec-ops13-1024x678.jpg\" alt=\"\" class=\"wp-image-122\" srcset=\"https:\/\/muenster.org\/semikolon\/wp-content\/uploads\/2021\/04\/semikolon-lesung-spec-ops13-1024x678.jpg 1024w, https:\/\/muenster.org\/semikolon\/wp-content\/uploads\/2021\/04\/semikolon-lesung-spec-ops13-300x199.jpg 300w, https:\/\/muenster.org\/semikolon\/wp-content\/uploads\/2021\/04\/semikolon-lesung-spec-ops13-768x508.jpg 768w, https:\/\/muenster.org\/semikolon\/wp-content\/uploads\/2021\/04\/semikolon-lesung-spec-ops13-1536x1017.jpg 1536w, https:\/\/muenster.org\/semikolon\/wp-content\/uploads\/2021\/04\/semikolon-lesung-spec-ops13-1200x794.jpg 1200w, https:\/\/muenster.org\/semikolon\/wp-content\/uploads\/2021\/04\/semikolon-lesung-spec-ops13.jpg 1600w\" sizes=\"auto, (max-width: 1024px) 100vw, 1024px\" \/><\/a><\/figure>\n\n\n\n<figure class=\"wp-block-image size-large\"><a href=\"https:\/\/muenster.org\/semikolon\/wp-content\/uploads\/2021\/04\/semikolon-lesung-spec-ops8.jpg\" data-lbwps-width=\"1600\" data-lbwps-height=\"1059\" data-lbwps-srcsmall=\"https:\/\/muenster.org\/semikolon\/wp-content\/uploads\/2021\/04\/semikolon-lesung-spec-ops8-300x199.jpg\"><img loading=\"lazy\" decoding=\"async\" width=\"1024\" height=\"678\" data-id=\"121\" src=\"https:\/\/muenster.org\/semikolon\/wp-content\/uploads\/2021\/04\/semikolon-lesung-spec-ops8-1024x678.jpg\" alt=\"\" class=\"wp-image-121\" srcset=\"https:\/\/muenster.org\/semikolon\/wp-content\/uploads\/2021\/04\/semikolon-lesung-spec-ops8-1024x678.jpg 1024w, https:\/\/muenster.org\/semikolon\/wp-content\/uploads\/2021\/04\/semikolon-lesung-spec-ops8-300x199.jpg 300w, https:\/\/muenster.org\/semikolon\/wp-content\/uploads\/2021\/04\/semikolon-lesung-spec-ops8-768x508.jpg 768w, https:\/\/muenster.org\/semikolon\/wp-content\/uploads\/2021\/04\/semikolon-lesung-spec-ops8-1536x1017.jpg 1536w, https:\/\/muenster.org\/semikolon\/wp-content\/uploads\/2021\/04\/semikolon-lesung-spec-ops8-1200x794.jpg 1200w, https:\/\/muenster.org\/semikolon\/wp-content\/uploads\/2021\/04\/semikolon-lesung-spec-ops8.jpg 1600w\" sizes=\"auto, (max-width: 1024px) 100vw, 1024px\" \/><\/a><\/figure>\n\n\n\n<figure class=\"wp-block-image size-large\"><a href=\"https:\/\/muenster.org\/semikolon\/wp-content\/uploads\/2021\/04\/semikolon-lesung-spec-ops18.jpg\" data-lbwps-width=\"1600\" data-lbwps-height=\"1059\" data-lbwps-srcsmall=\"https:\/\/muenster.org\/semikolon\/wp-content\/uploads\/2021\/04\/semikolon-lesung-spec-ops18-300x199.jpg\"><img loading=\"lazy\" decoding=\"async\" width=\"1024\" height=\"678\" data-id=\"123\" src=\"https:\/\/muenster.org\/semikolon\/wp-content\/uploads\/2021\/04\/semikolon-lesung-spec-ops18-1024x678.jpg\" alt=\"\" class=\"wp-image-123\" srcset=\"https:\/\/muenster.org\/semikolon\/wp-content\/uploads\/2021\/04\/semikolon-lesung-spec-ops18-1024x678.jpg 1024w, https:\/\/muenster.org\/semikolon\/wp-content\/uploads\/2021\/04\/semikolon-lesung-spec-ops18-300x199.jpg 300w, https:\/\/muenster.org\/semikolon\/wp-content\/uploads\/2021\/04\/semikolon-lesung-spec-ops18-768x508.jpg 768w, https:\/\/muenster.org\/semikolon\/wp-content\/uploads\/2021\/04\/semikolon-lesung-spec-ops18-1536x1017.jpg 1536w, https:\/\/muenster.org\/semikolon\/wp-content\/uploads\/2021\/04\/semikolon-lesung-spec-ops18-1200x794.jpg 1200w, https:\/\/muenster.org\/semikolon\/wp-content\/uploads\/2021\/04\/semikolon-lesung-spec-ops18.jpg 1600w\" sizes=\"auto, (max-width: 1024px) 100vw, 1024px\" \/><\/a><\/figure>\n<\/figure>\n\n\n\n<h3 class=\"wp-block-heading has-text-align-center\">Lesung im <a href=\"https:\/\/www.tpz-muenster.de\/\" target=\"_blank\" rel=\"noreferrer noopener\">TPZ<\/a> 2014<\/h3>\n\n\n\n<figure class=\"wp-block-gallery has-nested-images columns-default is-cropped wp-block-gallery-2 is-layout-flex wp-block-gallery-is-layout-flex\">\n<figure class=\"wp-block-image size-large\"><a href=\"https:\/\/muenster.org\/semikolon\/wp-content\/uploads\/2021\/04\/semikolon_lesung_tpz_20142_klein.jpg\" data-lbwps-width=\"1000\" data-lbwps-height=\"662\" data-lbwps-srcsmall=\"https:\/\/muenster.org\/semikolon\/wp-content\/uploads\/2021\/04\/semikolon_lesung_tpz_20142_klein-300x199.jpg\"><img loading=\"lazy\" decoding=\"async\" width=\"1000\" height=\"662\" data-id=\"216\" src=\"https:\/\/muenster.org\/semikolon\/wp-content\/uploads\/2021\/04\/semikolon_lesung_tpz_20142_klein.jpg\" alt=\"\" class=\"wp-image-216\" srcset=\"https:\/\/muenster.org\/semikolon\/wp-content\/uploads\/2021\/04\/semikolon_lesung_tpz_20142_klein.jpg 1000w, https:\/\/muenster.org\/semikolon\/wp-content\/uploads\/2021\/04\/semikolon_lesung_tpz_20142_klein-300x199.jpg 300w, https:\/\/muenster.org\/semikolon\/wp-content\/uploads\/2021\/04\/semikolon_lesung_tpz_20142_klein-768x508.jpg 768w\" sizes=\"auto, (max-width: 1000px) 100vw, 1000px\" \/><\/a><\/figure>\n\n\n\n<figure class=\"wp-block-image size-large\"><a href=\"https:\/\/muenster.org\/semikolon\/wp-content\/uploads\/2021\/04\/semikolon_lesung_tpz_20141_klein.jpg\" data-lbwps-width=\"1000\" data-lbwps-height=\"662\" data-lbwps-srcsmall=\"https:\/\/muenster.org\/semikolon\/wp-content\/uploads\/2021\/04\/semikolon_lesung_tpz_20141_klein-300x199.jpg\"><img loading=\"lazy\" decoding=\"async\" width=\"1000\" height=\"662\" data-id=\"215\" src=\"https:\/\/muenster.org\/semikolon\/wp-content\/uploads\/2021\/04\/semikolon_lesung_tpz_20141_klein.jpg\" alt=\"\" class=\"wp-image-215\" srcset=\"https:\/\/muenster.org\/semikolon\/wp-content\/uploads\/2021\/04\/semikolon_lesung_tpz_20141_klein.jpg 1000w, https:\/\/muenster.org\/semikolon\/wp-content\/uploads\/2021\/04\/semikolon_lesung_tpz_20141_klein-300x199.jpg 300w, https:\/\/muenster.org\/semikolon\/wp-content\/uploads\/2021\/04\/semikolon_lesung_tpz_20141_klein-768x508.jpg 768w\" sizes=\"auto, (max-width: 1000px) 100vw, 1000px\" \/><\/a><\/figure>\n\n\n\n<figure class=\"wp-block-image size-large\"><a href=\"https:\/\/muenster.org\/semikolon\/wp-content\/uploads\/2021\/04\/semikolon_lesung_tpz_20144_klein.jpg\" data-lbwps-width=\"1000\" data-lbwps-height=\"662\" data-lbwps-srcsmall=\"https:\/\/muenster.org\/semikolon\/wp-content\/uploads\/2021\/04\/semikolon_lesung_tpz_20144_klein-300x199.jpg\"><img loading=\"lazy\" decoding=\"async\" width=\"1000\" height=\"662\" data-id=\"218\" src=\"https:\/\/muenster.org\/semikolon\/wp-content\/uploads\/2021\/04\/semikolon_lesung_tpz_20144_klein.jpg\" alt=\"\" class=\"wp-image-218\" srcset=\"https:\/\/muenster.org\/semikolon\/wp-content\/uploads\/2021\/04\/semikolon_lesung_tpz_20144_klein.jpg 1000w, https:\/\/muenster.org\/semikolon\/wp-content\/uploads\/2021\/04\/semikolon_lesung_tpz_20144_klein-300x199.jpg 300w, https:\/\/muenster.org\/semikolon\/wp-content\/uploads\/2021\/04\/semikolon_lesung_tpz_20144_klein-768x508.jpg 768w\" sizes=\"auto, (max-width: 1000px) 100vw, 1000px\" \/><\/a><\/figure>\n\n\n\n<figure class=\"wp-block-image size-large\"><a href=\"https:\/\/muenster.org\/semikolon\/wp-content\/uploads\/2021\/04\/semikolon_lesung_tpz_20143_klein.jpg\" data-lbwps-width=\"1000\" data-lbwps-height=\"662\" data-lbwps-srcsmall=\"https:\/\/muenster.org\/semikolon\/wp-content\/uploads\/2021\/04\/semikolon_lesung_tpz_20143_klein-300x199.jpg\"><img loading=\"lazy\" decoding=\"async\" width=\"1000\" height=\"662\" data-id=\"217\" src=\"https:\/\/muenster.org\/semikolon\/wp-content\/uploads\/2021\/04\/semikolon_lesung_tpz_20143_klein.jpg\" alt=\"\" class=\"wp-image-217\" srcset=\"https:\/\/muenster.org\/semikolon\/wp-content\/uploads\/2021\/04\/semikolon_lesung_tpz_20143_klein.jpg 1000w, https:\/\/muenster.org\/semikolon\/wp-content\/uploads\/2021\/04\/semikolon_lesung_tpz_20143_klein-300x199.jpg 300w, https:\/\/muenster.org\/semikolon\/wp-content\/uploads\/2021\/04\/semikolon_lesung_tpz_20143_klein-768x508.jpg 768w\" sizes=\"auto, (max-width: 1000px) 100vw, 1000px\" \/><\/a><\/figure>\n\n\n\n<figure class=\"wp-block-image size-large\"><a href=\"https:\/\/muenster.org\/semikolon\/wp-content\/uploads\/2021\/04\/semikolon_lesung_tpz_20145_klein.jpg\" data-lbwps-width=\"1000\" data-lbwps-height=\"662\" data-lbwps-srcsmall=\"https:\/\/muenster.org\/semikolon\/wp-content\/uploads\/2021\/04\/semikolon_lesung_tpz_20145_klein-300x199.jpg\"><img loading=\"lazy\" decoding=\"async\" width=\"1000\" height=\"662\" data-id=\"219\" src=\"https:\/\/muenster.org\/semikolon\/wp-content\/uploads\/2021\/04\/semikolon_lesung_tpz_20145_klein.jpg\" alt=\"\" class=\"wp-image-219\" srcset=\"https:\/\/muenster.org\/semikolon\/wp-content\/uploads\/2021\/04\/semikolon_lesung_tpz_20145_klein.jpg 1000w, https:\/\/muenster.org\/semikolon\/wp-content\/uploads\/2021\/04\/semikolon_lesung_tpz_20145_klein-300x199.jpg 300w, https:\/\/muenster.org\/semikolon\/wp-content\/uploads\/2021\/04\/semikolon_lesung_tpz_20145_klein-768x508.jpg 768w\" sizes=\"auto, (max-width: 1000px) 100vw, 1000px\" \/><\/a><\/figure>\n<\/figure>\n\n\n\n<p>Ihr plant eine Lesung, ein Event oder eine Performance und braucht Unterst\u00fctzung? <a href=\"https:\/\/www.muenster.org\/semikolon\/impressum\" data-type=\"URL\">Sprecht uns gerne an!<\/a> <\/p>\n","protected":false},"excerpt":{"rendered":"<p>&#8230; und andere H\u00f6hepunkte aus den letzten Jahren bei Sem;kolon werden hier kurz vorgestellt. Denn Sem;kolon plant und f\u00fchrt Lesungen, Aktionen und weitere Veranstaltungen durch. Zuletzt gab es bei Semikolon: Ein Novum: Der erste Preis in der langen Geschichte Sem;kolons &#8230; wurde am 13. Juni 2024 von Lutz (einem langj\u00e4hrigen Sem;kolon-Mitglied) gestiftet und feierlich verliehen. [&hellip;]<\/p>\n","protected":false},"author":1,"featured_media":0,"parent":0,"menu_order":0,"comment_status":"closed","ping_status":"closed","template":"","meta":{"footnotes":""},"class_list":["post-41","page","type-page","status-publish","hentry"],"_links":{"self":[{"href":"https:\/\/muenster.org\/semikolon\/wp-json\/wp\/v2\/pages\/41","targetHints":{"allow":["GET"]}}],"collection":[{"href":"https:\/\/muenster.org\/semikolon\/wp-json\/wp\/v2\/pages"}],"about":[{"href":"https:\/\/muenster.org\/semikolon\/wp-json\/wp\/v2\/types\/page"}],"author":[{"embeddable":true,"href":"https:\/\/muenster.org\/semikolon\/wp-json\/wp\/v2\/users\/1"}],"replies":[{"embeddable":true,"href":"https:\/\/muenster.org\/semikolon\/wp-json\/wp\/v2\/comments?post=41"}],"version-history":[{"count":28,"href":"https:\/\/muenster.org\/semikolon\/wp-json\/wp\/v2\/pages\/41\/revisions"}],"predecessor-version":[{"id":335,"href":"https:\/\/muenster.org\/semikolon\/wp-json\/wp\/v2\/pages\/41\/revisions\/335"}],"wp:attachment":[{"href":"https:\/\/muenster.org\/semikolon\/wp-json\/wp\/v2\/media?parent=41"}],"curies":[{"name":"wp","href":"https:\/\/api.w.org\/{rel}","templated":true}]}}