{"id":21,"date":"2019-02-14T14:08:26","date_gmt":"2019-02-14T14:08:26","guid":{"rendered":"http:\/\/muenster.org\/zero-waste-muenster\/?page_id=21"},"modified":"2019-03-12T14:45:15","modified_gmt":"2019-03-12T13:45:15","slug":"impressum","status":"publish","type":"page","link":"https:\/\/muenster.org\/zero-waste-muenster\/impressum\/","title":{"rendered":"Impressum"},"content":{"rendered":"\n<p>Angaben gem\u00e4\u00df \u00a7 5 TMG:<\/p>\n\n\n\n<p>Zero Waste M\u00fcnster&nbsp;e.V.<br>Horstmarer Landweg 84<br>48149 M\u00fcnster<\/p>\n\n\n\n<h3>Vertreten durch<\/h3>\n\n\n\n<h4><strong>Vorsitzender<\/strong><\/h4>\n\n\n\n<p>Herr Jurrien van der Werff <br>zwms-ev[at]muenster[punkt]org<br><\/p>\n\n\n\n<h4><strong>Schatzmeisterin<\/strong><\/h4>\n\n\n\n<p>Frau Yulia Larionova<br>zwms-ev[at]muenster[punkt]org<\/p>\n\n\n\n<h4><strong>Schriftf\u00fchrerin<\/strong><\/h4>\n\n\n\n<p>Frau Nathalie Discher <br>zwms-ev[at]muenster[punkt]org<br><\/p>\n\n\n\n<h3>Registereintrag:<\/h3>\n\n\n\n<p>Eintragung im Vereinsregister<br>Registergericht: Amtsgericht M\u00fcnster<br>Registernummer: VR 5842<\/p>\n\n\n\n<p><strong>Verantwortlich f\u00fcr den Inhalt nach \u00a7 55 Abs. 2 RStV:<br><\/strong><\/p>\n\n\n\n<p>Frau Yulia Larionova<br>zwms-ev[at]muenster[punkt]org<br><\/p>\n\n\n\n<h3><strong>Haftungsausschluss:<\/strong><\/h3>\n\n\n\n<p><strong>Haftung f\u00fcr Inhalte<\/strong><\/p>\n\n\n\n<p>Die Inhalte unserer Seiten wurden mit gr\u00f6\u00dfter Sorgfalt erstellt.&nbsp;F\u00fcr die Richtigkeit, Vollst\u00e4ndigkeit und Aktualit\u00e4t der Inhalte&nbsp;k\u00f6nnen wir jedoch keine Gew\u00e4hr \u00fcbernehmen. Als Diensteanbieter sind wir gem\u00e4\u00df \u00a7 7 Abs.1 TMG f\u00fcr&nbsp;eigene Inhalte auf diesen Seiten nach den allgemeinen Gesetzen verantwortlich.&nbsp;Nach \u00a7\u00a7 8 bis 10 TMG sind wir als Diensteanbieter jedoch nicht&nbsp;verpflichtet, \u00fcbermittelte oder gespeicherte fremde Informationen zu&nbsp;\u00fcberwachen oder nach Umst\u00e4nden zu forschen, die auf eine rechtswidrige&nbsp;T\u00e4tigkeit hinweisen. Verpflichtungen zur Entfernung oder Sperrung der&nbsp;Nutzung von Informationen nach den allgemeinen Gesetzen bleiben hiervon&nbsp;unber\u00fchrt. Eine diesbez\u00fcgliche Haftung ist jedoch erst ab dem&nbsp;Zeitpunkt der Kenntnis einer konkreten Rechtsverletzung m\u00f6glich. Bei&nbsp;Bekanntwerden von entsprechenden Rechtsverletzungen werden wir diese Inhalte&nbsp;umgehend entfernen.<\/p>\n\n\n\n<p><strong>Haftung f\u00fcr Links<\/strong><\/p>\n\n\n\n<p>Unser Angebot enth\u00e4lt Links zu externen Webseiten Dritter, auf deren&nbsp;Inhalte wir keinen Einfluss haben. Deshalb k\u00f6nnen wir f\u00fcr diese&nbsp;fremden Inhalte auch keine Gew\u00e4hr \u00fcbernehmen. F\u00fcr die Inhalte&nbsp;der verlinkten Seiten ist stets der jeweilige Anbieter oder Betreiber der&nbsp;Seiten verantwortlich. Die verlinkten Seiten wurden zum Zeitpunkt der Verlinkung&nbsp;auf m\u00f6gliche Rechtsverst\u00f6\u00dfe \u00fcberpr\u00fcft. Rechtswidrige&nbsp;Inhalte waren zum Zeitpunkt der Verlinkung nicht erkennbar. Eine permanente&nbsp;inhaltliche Kontrolle der verlinkten Seiten ist jedoch ohne konkrete Anhaltspunkte&nbsp;einer Rechtsverletzung nicht zumutbar. Bei Bekanntwerden von Rechtsverletzungen&nbsp;werden wir derartige Links umgehend entfernen.<\/p>\n\n\n\n<p><strong>Urheberrecht<\/strong><\/p>\n\n\n\n<p>Die durch die Seitenbetreiber erstellten Inhalte und Werke auf diesen Seiten&nbsp;unterliegen dem deutschen Urheberrecht. Die Vervielf\u00e4ltigung, Bearbeitung, Verbreitung und&nbsp;jede Art der Verwertung au\u00dferhalb der Grenzen des Urheberrechtes bed\u00fcrfen&nbsp;der schriftlichen Zustimmung des&nbsp;jeweiligen Autors bzw. Erstellers. Downloads&nbsp;und Kopien dieser Seite sind nur f\u00fcr den privaten, nicht kommerziellen&nbsp;Gebrauch gestattet. Soweit die Inhalte auf dieser Seite nicht vom Betreiber erstellt wurden,&nbsp;werden die Urheberrechte Dritter beachtet. Insbesondere werden Inhalte Dritter als solche&nbsp;gekennzeichnet. Sollten Sie trotzdem auf eine Urheberrechtsverletzung aufmerksam werden, bitten wir um einen entsprechenden Hinweis.&nbsp;Bei Bekanntwerden von Rechtsverletzungen werden wir derartige Inhalte umgehend entfernen.<\/p>\n\n\n\n<p><strong>Datenschutz<\/strong><\/p>\n\n\n\n<p>Die Nutzung unserer Webseite ist in der Regel ohne Angabe personenbezogener Daten m\u00f6glich. Soweit auf unseren Seiten personenbezogene Daten (beispielsweise Name,&nbsp;Anschrift oder eMail-Adressen) erhoben werden, erfolgt dies, soweit m\u00f6glich, stets auf freiwilliger Basis. Diese Daten werden ohne Ihre ausdr\u00fcckliche Zustimmung nicht an Dritte weitergegeben.<\/p>\n\n\n\n<p>Wir weisen darauf hin, dass die Daten\u00fcbertragung im Internet (z.B.&nbsp;bei der Kommunikation per E-Mail) Sicherheitsl\u00fccken aufweisen kann.&nbsp;Ein l\u00fcckenloser Schutz der Daten vor dem Zugriff durch Dritte ist nicht&nbsp;m\u00f6glich.<\/p>\n\n\n\n<p>Der Nutzung von im Rahmen der Impressumspflicht ver\u00f6ffentlichten Kontaktdaten&nbsp;durch Dritte zur \u00dcbersendung von nicht ausdr\u00fccklich angeforderter&nbsp;Werbung und Informationsmaterialien wird hiermit ausdr\u00fccklich widersprochen.&nbsp;Die Betreiber der Seiten behalten sich ausdr\u00fccklich rechtliche Schritte&nbsp;im Falle der unverlangten Zusendung von Werbeinformationen, etwa durch Spam-Mails,&nbsp;vor.<\/p>\n\n\n\n<p><em>Impressum mit freundlicher Unterst\u00fctzung von <a rel=\"noreferrer noopener\" href=\"http:\/\/www.e-recht24.de\/\" target=\"_blank\">e-Recht24.de<\/a> und&nbsp;<a rel=\"noreferrer noopener\" href=\"http:\/\/www.e-recht24.de\/muster-disclaimer.htm\" target=\"_blank\">Disclaimer eRecht24<\/a>&nbsp;<\/em><\/p>\n","protected":false},"excerpt":{"rendered":"<p>Angaben gem\u00e4\u00df \u00a7 5 TMG: Zero Waste M\u00fcnster&nbsp;e.V.Horstmarer Landweg 8448149 M\u00fcnster Vertreten durch Vorsitzender Herr Jurrien van der Werff zwms-ev[at]muenster[punkt]org Schatzmeisterin Frau Yulia Larionovazwms-ev[at]muenster[punkt]org Schriftf\u00fchrerin Frau Nathalie Discher zwms-ev[at]muenster[punkt]org Registereintrag: Eintragung im VereinsregisterRegistergericht: Amtsgericht M\u00fcnsterRegisternummer: VR 5842 Verantwortlich f\u00fcr den Inhalt nach \u00a7 55 Abs. 2 RStV: Frau Yulia Larionovazwms-ev[at]muenster[punkt]org Haftungsausschluss: Haftung f\u00fcr Inhalte Die&hellip; <a href=\"https:\/\/muenster.org\/zero-waste-muenster\/impressum\/\" class=\"more-link\">Continue reading <span class=\"screen-reader-text\">Impressum<\/span><\/a><\/p>\n","protected":false},"author":1,"featured_media":0,"parent":0,"menu_order":0,"comment_status":"closed","ping_status":"closed","template":"","meta":[],"_links":{"self":[{"href":"https:\/\/muenster.org\/zero-waste-muenster\/wp-json\/wp\/v2\/pages\/21"}],"collection":[{"href":"https:\/\/muenster.org\/zero-waste-muenster\/wp-json\/wp\/v2\/pages"}],"about":[{"href":"https:\/\/muenster.org\/zero-waste-muenster\/wp-json\/wp\/v2\/types\/page"}],"author":[{"embeddable":true,"href":"https:\/\/muenster.org\/zero-waste-muenster\/wp-json\/wp\/v2\/users\/1"}],"replies":[{"embeddable":true,"href":"https:\/\/muenster.org\/zero-waste-muenster\/wp-json\/wp\/v2\/comments?post=21"}],"version-history":[{"count":8,"href":"https:\/\/muenster.org\/zero-waste-muenster\/wp-json\/wp\/v2\/pages\/21\/revisions"}],"predecessor-version":[{"id":185,"href":"https:\/\/muenster.org\/zero-waste-muenster\/wp-json\/wp\/v2\/pages\/21\/revisions\/185"}],"wp:attachment":[{"href":"https:\/\/muenster.org\/zero-waste-muenster\/wp-json\/wp\/v2\/media?parent=21"}],"curies":[{"name":"wp","href":"https:\/\/api.w.org\/{rel}","templated":true}]}}