{"id":252,"date":"2019-04-02T12:25:48","date_gmt":"2019-04-02T10:25:48","guid":{"rendered":"http:\/\/muenster.org\/zero-waste-muenster\/?page_id=252"},"modified":"2019-05-27T13:17:23","modified_gmt":"2019-05-27T11:17:23","slug":"mai","status":"publish","type":"page","link":"https:\/\/muenster.org\/zero-waste-muenster\/mai\/","title":{"rendered":"Zero Waste Mai"},"content":{"rendered":"\n<ul class=\"wp-block-gallery columns-2 is-cropped\"><li class=\"blocks-gallery-item\"><figure><a target=\"_blank\" href=\"http:\/\/muenster.org\/zero-waste-muenster\/wp-content\/uploads\/2019\/05\/ZeroWasteMai_Program_3.4.pdf\" rel=\"noopener noreferrer\"><img loading=\"lazy\" width=\"495\" height=\"702\" src=\"http:\/\/muenster.org\/zero-waste-muenster\/wp-content\/uploads\/2019\/04\/Bildschirmfoto-2019-04-27-um-22.28.02.png\" alt=\"\" data-id=\"451\" data-link=\"http:\/\/muenster.org\/zero-waste-muenster\/bildschirmfoto-2019-04-27-um-22-28-02\/\" class=\"wp-image-451\" srcset=\"https:\/\/muenster.org\/zero-waste-muenster\/wp-content\/uploads\/2019\/04\/Bildschirmfoto-2019-04-27-um-22.28.02.png 495w, https:\/\/muenster.org\/zero-waste-muenster\/wp-content\/uploads\/2019\/04\/Bildschirmfoto-2019-04-27-um-22.28.02-212x300.png 212w\" sizes=\"(max-width: 495px) 100vw, 495px\" \/><figcaption>das Programm<\/figcaption><\/a><\/figure><\/li><li class=\"blocks-gallery-item\"><figure><a target=\"_blank\" href=\"http:\/\/muenster.org\/zero-waste-muenster\/wp-content\/uploads\/2019\/04\/Zero-Waste-Mai_Plakat.pdf\" rel=\"noopener noreferrer\"><img loading=\"lazy\" width=\"556\" height=\"786\" src=\"http:\/\/muenster.org\/zero-waste-muenster\/wp-content\/uploads\/2019\/04\/Bildschirmfoto-2019-04-18-um-12.26.17.png\" alt=\"\" data-id=\"408\" data-link=\"http:\/\/muenster.org\/zero-waste-muenster\/mai\/bildschirmfoto-2019-04-18-um-12-26-17\/\" class=\"wp-image-408\" srcset=\"https:\/\/muenster.org\/zero-waste-muenster\/wp-content\/uploads\/2019\/04\/Bildschirmfoto-2019-04-18-um-12.26.17.png 556w, https:\/\/muenster.org\/zero-waste-muenster\/wp-content\/uploads\/2019\/04\/Bildschirmfoto-2019-04-18-um-12.26.17-212x300.png 212w\" sizes=\"(max-width: 556px) 100vw, 556px\" \/><figcaption>das Plakat<br><\/figcaption><\/a><\/figure><\/li><\/ul>\n\n\n\n<p>Gemeinsam mit den AStA der Universit\u00e4t, Fachhochschule, Kunstakademie und KatHo M\u00fcnster organisiert Zero Waste M\u00fcnster e.V. eine Veransgaltungsreihe zum Thema Abfallvermeidung und Ressourcenschonung. Die Termine und Orte der Vortr\u00e4ge, Workshops, Mitmachaktionen und Vor-Ort-Besuche k\u00f6nnen dem Programm entnommen werden. Die Veranstaltungen k\u00f6nnen unabh\u00e4ngig von einander besucht werden, stehen allen Studierenden der M\u00fcnsterschen Hochschulen und sonstigen Interessierten offen und sind allesamt kostenlos.<\/p>\n\n\n\n<p>30.04. 16 Uhr \u2013 Vortrag in den Mai. Thema: \u00d6kosolidarit\u00e4t &#8211; <em>KatHo Raum 260<\/em><br>02.05. 15 Uhr \u2013 M\u00fcllsammelaktion <em>am Leo-Campus 5, Raum 120.208 (2. OG)<\/em><br>07.05. 16:15 \u2013 Do it yourself, Workshop an der KatHo<br>08.05. 17 Uhr \u2013 Laden- und Lagerf\u00fchrung <em>&#8211; nat\u00fcrlich unverpackt<\/em><br>09.05 14 Uhr &#8211; Der Einfall aus Abfall: Theorie zum Lastenradbau &#8211; <em>ADFC<\/em><br>09.05. 16 Uhr \u2013 Upcycling-Workshop \u2013 <em>FHZ, Raum B208 <\/em>&#8211;  <em>Anmeldung unter\u00a0<\/em><a href=\"mailto:umwelt@astafh.de\"><em>umwelt@astafh.de<\/em><\/a><br>10.05. 15 Uhr \u2013 Gartenf\u00fchrung f\u00fcr Studis mit und ohne Kind <em>&#8211; Gr\u00fcne Beete<\/em><br>13.05. 19 Uhr \u2013 &#8220;Ist der Wurm drin?&#8221; Kompostieren f\u00fcr Alle! Ein Vortrag zum Thema Wurmkiste <em>&#8211; Schloss, S 9<\/em><br>14.05. 16 Uhr \u2013 Unverpackt Einkaufen im konventionellen Einzelhandel<br>15.05. 14 Uhr \u2013 Sp\u00fclschw\u00e4mme H\u00e4keln &amp; \u00fcber nachhaltige Kunst diskutieren \u2013 <em>Kunstakademie, AStA Raum 100.061<\/em><br>15.05. 18 Uhr \u2013 Workshop Furoshiki \u2013 Japanisch verpacken mit Tuch &#8211; <em>Schloss, S 055<\/em><br>16.05. 14 Uhr \u2013 &#8220;Commons&#8221; Vortrag und Ideenaustausch &#8211; <em>Schloss, S 8<\/em><br>16.05. 18 Uhr \u2013 Kleidungstausch  Veranstaltung hostet von der HSG Unicef &#8211;<em>KSHG<\/em><br>18.05. 14 Uhr \u2013 Gemeinsamer Besuch <em>beim Repaircaf\u00e9<\/em><br>20.05. 18 Uhr \u2013 Zero Waste \u2013 alles nur \u201eWeiberkram\u201c? \u2013 Vortrag aus m\u00e4nnlicher Perspektive &#8211; <em>Schloss,  S 9<\/em><br>21.05. 16 Uhr &#8211; \u00a0Unverpackt Einkaufen im konventionellen Einzelhandel<br>21.05. 20 Uhr \u2013 Wohin mit der Periode? \u2013 Ein Themenabend zum Menstruationcup &#8211; <em>Juridicum, Raum J253<\/em><br>23.05 10:30-11:15 &#8211; Zero Waste mit Babys &#8211; <em>MUM<\/em><br>23.05. 15 Uhr \u2013 M\u00fcllsammelaktion am Schloss &#8211; <em>Schloss, S 8<\/em><br>27.05. 18 Uhr \u2013 Was bedeutet Recycling wirklich? <em>&#8211; FHZ, Raum B008 &#8211; <\/em><strong>leider abgesagt<\/strong><br>28.05 16 Uhr &#8211; Vortrag zum Thema &#8220;Microplastik&#8221; &#8211; <em>Schloss, S 9<\/em><br>29.05. 17 Uhr \u2013 Ladenf\u00fchrung mit Lagerf\u00fchrung <em>&#8211; nat\u00fcrlich unverpackt<\/em><br>29.05. 18:30 &#8211; Permakultur Gartenf\u00fchrung: Benutzen was schon da ist &#8211; <em>AStA Garten<\/em><br>31.05. 17 Uhr \u2013 Wie geht\u2019s weiter? Offene Diskussion zu Themen und Aktionen, <em>Baracke<\/em><br><\/p>\n\n\n\n<p><br><br><\/p>\n","protected":false},"excerpt":{"rendered":"<p>das Programm das Plakat Gemeinsam mit den AStA der Universit\u00e4t, Fachhochschule, Kunstakademie und KatHo M\u00fcnster organisiert Zero Waste M\u00fcnster e.V. eine Veransgaltungsreihe zum Thema Abfallvermeidung und Ressourcenschonung. Die Termine und Orte der Vortr\u00e4ge, Workshops, Mitmachaktionen und Vor-Ort-Besuche k\u00f6nnen dem Programm entnommen werden. Die Veranstaltungen k\u00f6nnen unabh\u00e4ngig von einander besucht werden, stehen allen Studierenden der M\u00fcnsterschen&hellip; <a href=\"https:\/\/muenster.org\/zero-waste-muenster\/mai\/\" class=\"more-link\">Continue reading <span class=\"screen-reader-text\">Zero Waste Mai<\/span><\/a><\/p>\n","protected":false},"author":1,"featured_media":0,"parent":0,"menu_order":3,"comment_status":"closed","ping_status":"closed","template":"","meta":[],"_links":{"self":[{"href":"https:\/\/muenster.org\/zero-waste-muenster\/wp-json\/wp\/v2\/pages\/252"}],"collection":[{"href":"https:\/\/muenster.org\/zero-waste-muenster\/wp-json\/wp\/v2\/pages"}],"about":[{"href":"https:\/\/muenster.org\/zero-waste-muenster\/wp-json\/wp\/v2\/types\/page"}],"author":[{"embeddable":true,"href":"https:\/\/muenster.org\/zero-waste-muenster\/wp-json\/wp\/v2\/users\/1"}],"replies":[{"embeddable":true,"href":"https:\/\/muenster.org\/zero-waste-muenster\/wp-json\/wp\/v2\/comments?post=252"}],"version-history":[{"count":39,"href":"https:\/\/muenster.org\/zero-waste-muenster\/wp-json\/wp\/v2\/pages\/252\/revisions"}],"predecessor-version":[{"id":505,"href":"https:\/\/muenster.org\/zero-waste-muenster\/wp-json\/wp\/v2\/pages\/252\/revisions\/505"}],"wp:attachment":[{"href":"https:\/\/muenster.org\/zero-waste-muenster\/wp-json\/wp\/v2\/media?parent=252"}],"curies":[{"name":"wp","href":"https:\/\/api.w.org\/{rel}","templated":true}]}}