{"id":257,"date":"2019-04-02T21:39:10","date_gmt":"2019-04-02T19:39:10","guid":{"rendered":"http:\/\/muenster.org\/zero-waste-muenster\/?page_id=257"},"modified":"2019-04-02T21:49:38","modified_gmt":"2019-04-02T19:49:38","slug":"mitmachen","status":"publish","type":"page","link":"https:\/\/muenster.org\/zero-waste-muenster\/mitmachen\/","title":{"rendered":"Mitmachen"},"content":{"rendered":"\n<p>Du m\u00f6chtest uns unterst\u00fctzen?<\/p>\n\n\n\n<p>Zun\u00e4chst einmal vielen Dank daf\u00fcr!<br>Es gibt mehrere M\u00f6glichkeiten, die Aktivit\u00e4ten unseres Vereins zu unterst\u00fctzen:<\/p>\n\n\n\n<p>&#8211; <a href=\"http:\/\/muenster.org\/zero-waste-muenster\/mitglied-werden\/\">Mitglied werden<\/a><br>&#8211; <a href=\"http:\/\/muenster.org\/zero-waste-muenster\/mitmachen\/aktiv-werden\/\">Aktiv werden<\/a><br>&#8211; <a href=\"http:\/\/muenster.org\/zero-waste-muenster\/spenden\/\">Spenden<\/a><\/p>\n\n\n\n<p>Hast du weitere Fragen? Schreibe <a href=\"http:\/\/muenster.org\/zero-waste-muenster\/kontakt\/\">uns<\/a> gerne an.<br><\/p>\n","protected":false},"excerpt":{"rendered":"<p>Du m\u00f6chtest uns unterst\u00fctzen? Zun\u00e4chst einmal vielen Dank daf\u00fcr!Es gibt mehrere M\u00f6glichkeiten, die Aktivit\u00e4ten unseres Vereins zu unterst\u00fctzen: &#8211; Mitglied werden&#8211; Aktiv werden&#8211; Spenden Hast du weitere Fragen? Schreibe uns gerne an.<\/p>\n","protected":false},"author":1,"featured_media":0,"parent":0,"menu_order":0,"comment_status":"closed","ping_status":"closed","template":"","meta":[],"_links":{"self":[{"href":"https:\/\/muenster.org\/zero-waste-muenster\/wp-json\/wp\/v2\/pages\/257"}],"collection":[{"href":"https:\/\/muenster.org\/zero-waste-muenster\/wp-json\/wp\/v2\/pages"}],"about":[{"href":"https:\/\/muenster.org\/zero-waste-muenster\/wp-json\/wp\/v2\/types\/page"}],"author":[{"embeddable":true,"href":"https:\/\/muenster.org\/zero-waste-muenster\/wp-json\/wp\/v2\/users\/1"}],"replies":[{"embeddable":true,"href":"https:\/\/muenster.org\/zero-waste-muenster\/wp-json\/wp\/v2\/comments?post=257"}],"version-history":[{"count":2,"href":"https:\/\/muenster.org\/zero-waste-muenster\/wp-json\/wp\/v2\/pages\/257\/revisions"}],"predecessor-version":[{"id":268,"href":"https:\/\/muenster.org\/zero-waste-muenster\/wp-json\/wp\/v2\/pages\/257\/revisions\/268"}],"wp:attachment":[{"href":"https:\/\/muenster.org\/zero-waste-muenster\/wp-json\/wp\/v2\/media?parent=257"}],"curies":[{"name":"wp","href":"https:\/\/api.w.org\/{rel}","templated":true}]}}