{"id":259,"date":"2019-04-02T21:40:38","date_gmt":"2019-04-02T19:40:38","guid":{"rendered":"http:\/\/muenster.org\/zero-waste-muenster\/?page_id=259"},"modified":"2019-05-13T22:14:18","modified_gmt":"2019-05-13T20:14:18","slug":"mitglied-werden","status":"publish","type":"page","link":"https:\/\/muenster.org\/zero-waste-muenster\/mitmachen\/mitglied-werden\/","title":{"rendered":"Mitglied werden"},"content":{"rendered":"\n<p>M\u00f6chtest du Mitglied werden? Herzlich willkommen!<br>Als Mitglied hast du offiziell das Recht, \u00fcber die Aktivit\u00e4ten des Vereins mitzubestimmen und den Verein mit zu pr\u00e4gen. Die Mitgliedschaft kostet nur 18,- \u20ac im Jahr und wird per Lastschrift von deinem Konto eingezogen. Wenn du im Laufe des Jahres Mitglied wirst, zahlst du in dem Jahr nur ab dem Monat des Eintritts.<\/p>\n\n\n\n<p>Unser Verein ist als gemeinn\u00fctzig anerkannt. Deswegen bekommst du \u00fcber deinen Mitgliedsbeitrag von uns eine Spendenbescheinigung, die du dem Finanzamt vorlegen kannst und damit Steuern sparst.<\/p>\n\n\n\n<p>Bist du dabei? Dann drucke bitte das <a href=\"http:\/\/muenster.org\/zero-waste-muenster\/wp-content\/uploads\/2019\/05\/Mitgliedsantragsformular.pdf\">Antragsformular<\/a>, f\u00fclle es aus und schicke es uns in Papierform oder als Scan zu oder dr\u00fccke es uns bei Gelegenheit in die Hand.<br><br>Deine Daten behandeln wir selbstverst\u00e4ndlich strikt vertraulich und geben sie nicht an Dritte weiter.<br><\/p>\n","protected":false},"excerpt":{"rendered":"<p>M\u00f6chtest du Mitglied werden? Herzlich willkommen!Als Mitglied hast du offiziell das Recht, \u00fcber die Aktivit\u00e4ten des Vereins mitzubestimmen und den Verein mit zu pr\u00e4gen. Die Mitgliedschaft kostet nur 18,- \u20ac im Jahr und wird per Lastschrift von deinem Konto eingezogen. Wenn du im Laufe des Jahres Mitglied wirst, zahlst du in dem Jahr nur ab&hellip; <a href=\"https:\/\/muenster.org\/zero-waste-muenster\/mitmachen\/mitglied-werden\/\" class=\"more-link\">Continue reading <span class=\"screen-reader-text\">Mitglied werden<\/span><\/a><\/p>\n","protected":false},"author":1,"featured_media":0,"parent":257,"menu_order":0,"comment_status":"closed","ping_status":"closed","template":"","meta":[],"_links":{"self":[{"href":"https:\/\/muenster.org\/zero-waste-muenster\/wp-json\/wp\/v2\/pages\/259"}],"collection":[{"href":"https:\/\/muenster.org\/zero-waste-muenster\/wp-json\/wp\/v2\/pages"}],"about":[{"href":"https:\/\/muenster.org\/zero-waste-muenster\/wp-json\/wp\/v2\/types\/page"}],"author":[{"embeddable":true,"href":"https:\/\/muenster.org\/zero-waste-muenster\/wp-json\/wp\/v2\/users\/1"}],"replies":[{"embeddable":true,"href":"https:\/\/muenster.org\/zero-waste-muenster\/wp-json\/wp\/v2\/comments?post=259"}],"version-history":[{"count":4,"href":"https:\/\/muenster.org\/zero-waste-muenster\/wp-json\/wp\/v2\/pages\/259\/revisions"}],"predecessor-version":[{"id":492,"href":"https:\/\/muenster.org\/zero-waste-muenster\/wp-json\/wp\/v2\/pages\/259\/revisions\/492"}],"up":[{"embeddable":true,"href":"https:\/\/muenster.org\/zero-waste-muenster\/wp-json\/wp\/v2\/pages\/257"}],"wp:attachment":[{"href":"https:\/\/muenster.org\/zero-waste-muenster\/wp-json\/wp\/v2\/media?parent=259"}],"curies":[{"name":"wp","href":"https:\/\/api.w.org\/{rel}","templated":true}]}}