{"id":263,"date":"2019-04-02T21:44:51","date_gmt":"2019-04-02T19:44:51","guid":{"rendered":"http:\/\/muenster.org\/zero-waste-muenster\/?page_id=263"},"modified":"2019-04-02T21:45:35","modified_gmt":"2019-04-02T19:45:35","slug":"aktiv-werden","status":"publish","type":"page","link":"https:\/\/muenster.org\/zero-waste-muenster\/mitmachen\/aktiv-werden\/","title":{"rendered":"Aktiv werden"},"content":{"rendered":"\n<p>Du m\u00f6chtest lieber (noch) kein Mitglied werden, aber dich trotzdem f\u00fcr den Zero Waste-Gedanken engagieren? Tolle Sache, sch\u00f6n dass du dabei bist!<br>In unserem Verein d\u00fcrfen alle mitmachen, egal ob Mitglied oder nicht. Wenn du uns deinen Namen und deine Mailadresse gibst, halten wir dich auf dem Laufenden. Nat\u00fcrlich bist du zu allen unseren monatlichen offenen Foren herzlich eingeladen. Sonst halten wir dich auch auf dem Laufenden \u00fcber Aktionen, Infost\u00e4nde, u.v.m.<\/p>\n\n\n\n<p>Mitmachen hei\u00dft f\u00fcr uns auch mitreden. Lasse uns wissen, was dich bewegt, und hoffentlich k\u00f6nnen wir dein Herzensthema im Bereich Zero Waste schon bald gemeinsam bearbeiten!<\/p>\n","protected":false},"excerpt":{"rendered":"<p>Du m\u00f6chtest lieber (noch) kein Mitglied werden, aber dich trotzdem f\u00fcr den Zero Waste-Gedanken engagieren? Tolle Sache, sch\u00f6n dass du dabei bist!In unserem Verein d\u00fcrfen alle mitmachen, egal ob Mitglied oder nicht. Wenn du uns deinen Namen und deine Mailadresse gibst, halten wir dich auf dem Laufenden. Nat\u00fcrlich bist du zu allen unseren monatlichen offenen&hellip; <a href=\"https:\/\/muenster.org\/zero-waste-muenster\/mitmachen\/aktiv-werden\/\" class=\"more-link\">Continue reading <span class=\"screen-reader-text\">Aktiv werden<\/span><\/a><\/p>\n","protected":false},"author":1,"featured_media":0,"parent":257,"menu_order":0,"comment_status":"closed","ping_status":"closed","template":"","meta":[],"_links":{"self":[{"href":"https:\/\/muenster.org\/zero-waste-muenster\/wp-json\/wp\/v2\/pages\/263"}],"collection":[{"href":"https:\/\/muenster.org\/zero-waste-muenster\/wp-json\/wp\/v2\/pages"}],"about":[{"href":"https:\/\/muenster.org\/zero-waste-muenster\/wp-json\/wp\/v2\/types\/page"}],"author":[{"embeddable":true,"href":"https:\/\/muenster.org\/zero-waste-muenster\/wp-json\/wp\/v2\/users\/1"}],"replies":[{"embeddable":true,"href":"https:\/\/muenster.org\/zero-waste-muenster\/wp-json\/wp\/v2\/comments?post=263"}],"version-history":[{"count":2,"href":"https:\/\/muenster.org\/zero-waste-muenster\/wp-json\/wp\/v2\/pages\/263\/revisions"}],"predecessor-version":[{"id":265,"href":"https:\/\/muenster.org\/zero-waste-muenster\/wp-json\/wp\/v2\/pages\/263\/revisions\/265"}],"up":[{"embeddable":true,"href":"https:\/\/muenster.org\/zero-waste-muenster\/wp-json\/wp\/v2\/pages\/257"}],"wp:attachment":[{"href":"https:\/\/muenster.org\/zero-waste-muenster\/wp-json\/wp\/v2\/media?parent=263"}],"curies":[{"name":"wp","href":"https:\/\/api.w.org\/{rel}","templated":true}]}}