{"id":558,"date":"2019-11-17T11:48:13","date_gmt":"2019-11-17T10:48:13","guid":{"rendered":"http:\/\/muenster.org\/zero-waste-muenster\/?page_id=558"},"modified":"2019-12-05T21:45:50","modified_gmt":"2019-12-05T20:45:50","slug":"soja-joghurt","status":"publish","type":"page","link":"https:\/\/muenster.org\/zero-waste-muenster\/projekte\/soja-joghurt\/","title":{"rendered":"Die &#8216;Aktion Sojajoghurt&#8217;"},"content":{"rendered":"\n<p>Wer als Zero Waste\u2019lerin oder Zero Waste\u2019ler Herz f\u00fcr Tiere hat, kennt das Problem: abfallfrei oder tierfreundlich? Dabei leben viele begeisterte Abfallvermeidende gleichzeitig vegetarisch oder vegan. Das ist eine sch\u00f6ne Sache, zumal beide Lebensstile gro\u00dfe \u00dcberschneidungen aufweisen und einander gegenseitig unterst\u00fctzen und bereichern k\u00f6nnen. <\/p>\n\n\n\n<p>Blo\u00df stellte sich den Aktiven von <em>Zero Waste M\u00fcnster e.V. <\/em>irgendwann heraus, dass beides nicht immer zusammen geht. Kompromisse geh\u00f6ren zum Leben dazu, k\u00f6nnte man denken. Trotzdem ber\u00fchrte die Frage den Kern der Tierliebe. Denn, so stellte sich heraus, es gibt in vielen F\u00e4llen keine tierfreien Lebensmittel die gleichzeitig abfallfrei sind. Weil viele Abf\u00e4lle leider in die Umwelt gelingen, musste die Frage nach Tierschutz und Tierrechten neu gestellt werden, weil viele Tiere unter Umweltverschmutzung durch Kunststoffe stark leiden. So stellte sich indirekt die Frage, ob das Tierwohl durch Veganismus\/Vegetarismus oder durch Zero Waste besser gew\u00e4hrleistet sei. Nat\u00fcrlich kann die Frage philosophisch gestellt werden. Weil sie aber praktischer Natur war, wurde deutlich: Es gibt ein strukturelles Problem. Und zwar deswegen, weil es nicht sein kann, dass mehrere umweltbewusste Lebensstile einander praktisch zuwiderhandeln.<\/p>\n\n\n\n<p>Dass\neine praktische L\u00f6sung gefunden werden m\u00fcsse, \u00fcberzeugte alle Beteiligten.\nDoch: Wo anfangen? Bei Joghurt boten sich die Parallelen einfach an, werden\ndoch mehrere Joghurts aus Kuhmilch in konventioneller und biologischer Qualit\u00e4t\nin MMP-Mehrweggl\u00e4sern angeboten. Sojajoghurt dagegen gibt es bisher nur in\nEinwegbechern aus Kunststoff. Deswegen beschlossen wir, die Produzenten von den\nin Deutschland angebotenen Sojajoghurts Sojade, Sojade, Alpro Soja und Provamel\nanzuschreiben und sie dazu aufzufordern, auf Mehrwegverpackungen umzusteigen\noder diese wenigstens parallel zu den Einwegverpackungen anzubieten.<\/p>\n\n\n\n<p>Weil wir unsere Aktion lokal starten wollten, fragten wir gezielt Umwelt- und Tierschutzgruppierungen aus M\u00fcnster, ob sie bereit w\u00e4ren, sich an der Aktion zu beteiligen. Erfreulicherweise sagten <em><a href=\"https:\/\/www.veggietag-muenster.de\/\">M\u00fcnster isst veggie<\/a><\/em>, <em><a href=\"https:\/\/www.facebook.com\/LiberationMS\/\">M\u00fcnster for Liberation<\/a><\/em>, <em>Peta Zwei Streetteam M\u00fcnster<\/em> und der <em><a href=\"https:\/\/tierrechtstreff-muenster.de\/\">Tierrechtstreff M\u00fcnster<\/a><\/em> zu und treten beim ersten Anschreiben als Mitunterzeichnende auf. Ende November 2019 ging das Anschreiben dann an die Produzenten raus. Auch eine Pressemitteilung wurde an lokale und bundesweite Medien versandt.<\/p>\n\n\n\n<p>Obwohl wir uns \u00fcber die lokale Unterst\u00fctzung sehr freuen, versuchen wir nat\u00fcrlich, weitere Unterst\u00fctzung f\u00fcr die Aktion zu gewinnen. Deswegen wollen wir uns mit anderen Umwelt- und Nachhaltigkeitsgruppierungen, insbesondere auch mit anderen Zero Waste-Gruppen und -Vereinen bundesweit austauschen, um den Unterst\u00fctzerkreis zu erweitern. Mit Sojajoghurt haben wir einen Anfang gemacht und den bissigen Arbeitstitel \u201aAktion Sojajoghurt\u2018 aufgestellt. Trotzdem wollen wir uns nat\u00fcrlich nicht auf die Sojajoghurts beschr\u00e4nken, sondern die gesamte Produktpalette in den Blick nehmen. Froh sind wir \u00fcber alle Schritte in Richtung Abfallvermeidung, zufrieden sind wir, wenn sie der Normalfall sein wird. Deswegen werden wir probieren, den Kreis immer etwas zu erweitern, auch wenn wir den Namen \u201aAktion Sojajoghurt\u2018 als Arbeitstitel zun\u00e4chst beibehalten.<\/p>\n\n\n\n<p>An dieser Stelle (und \u00fcber unsere Social-Media-Auftritte) wollen wir euch \u00fcber den Fortgang der Aktion informieren. <br>Hast du Fragen oder m\u00f6chtest du unsere Aktion als Privatperson oder als Gruppierung unterst\u00fctzen, freuen wir uns selbstverst\u00e4ndlich \u00fcber Zuschriften unter zwms-ev@muenster.org.&nbsp; &nbsp;&nbsp;&nbsp;<\/p>\n","protected":false},"excerpt":{"rendered":"<p>Wer als Zero Waste\u2019lerin oder Zero Waste\u2019ler Herz f\u00fcr Tiere hat, kennt das Problem: abfallfrei oder tierfreundlich? Dabei leben viele begeisterte Abfallvermeidende gleichzeitig vegetarisch oder vegan. Das ist eine sch\u00f6ne Sache, zumal beide Lebensstile gro\u00dfe \u00dcberschneidungen aufweisen und einander gegenseitig unterst\u00fctzen und bereichern k\u00f6nnen. Blo\u00df stellte sich den Aktiven von Zero Waste M\u00fcnster e.V. irgendwann&hellip; <a href=\"https:\/\/muenster.org\/zero-waste-muenster\/projekte\/soja-joghurt\/\" class=\"more-link\">Continue reading <span class=\"screen-reader-text\">Die &#8216;Aktion Sojajoghurt&#8217;<\/span><\/a><\/p>\n","protected":false},"author":1,"featured_media":0,"parent":7,"menu_order":0,"comment_status":"closed","ping_status":"closed","template":"","meta":[],"_links":{"self":[{"href":"https:\/\/muenster.org\/zero-waste-muenster\/wp-json\/wp\/v2\/pages\/558"}],"collection":[{"href":"https:\/\/muenster.org\/zero-waste-muenster\/wp-json\/wp\/v2\/pages"}],"about":[{"href":"https:\/\/muenster.org\/zero-waste-muenster\/wp-json\/wp\/v2\/types\/page"}],"author":[{"embeddable":true,"href":"https:\/\/muenster.org\/zero-waste-muenster\/wp-json\/wp\/v2\/users\/1"}],"replies":[{"embeddable":true,"href":"https:\/\/muenster.org\/zero-waste-muenster\/wp-json\/wp\/v2\/comments?post=558"}],"version-history":[{"count":3,"href":"https:\/\/muenster.org\/zero-waste-muenster\/wp-json\/wp\/v2\/pages\/558\/revisions"}],"predecessor-version":[{"id":567,"href":"https:\/\/muenster.org\/zero-waste-muenster\/wp-json\/wp\/v2\/pages\/558\/revisions\/567"}],"up":[{"embeddable":true,"href":"https:\/\/muenster.org\/zero-waste-muenster\/wp-json\/wp\/v2\/pages\/7"}],"wp:attachment":[{"href":"https:\/\/muenster.org\/zero-waste-muenster\/wp-json\/wp\/v2\/media?parent=558"}],"curies":[{"name":"wp","href":"https:\/\/api.w.org\/{rel}","templated":true}]}}