{"id":6,"date":"2019-02-14T14:00:19","date_gmt":"2019-02-14T14:00:19","guid":{"rendered":"http:\/\/muenster.org\/zero-waste-muenster\/?page_id=6"},"modified":"2019-02-27T21:02:08","modified_gmt":"2019-02-27T20:02:08","slug":"was-ist-zero-waste","status":"publish","type":"page","link":"https:\/\/muenster.org\/zero-waste-muenster\/was-ist-zero-waste\/","title":{"rendered":"Was ist Zero Waste?"},"content":{"rendered":"\n<p>Zero Waste (ZW) ist eine sch\u00f6ne Sache. Es ist ein Lebensstil, eine Denkrichtung, ein Handlungsansatz, u.v.m. Trotzdem ist der Begriff Zero Waste nicht gesch\u00fctzt. Unter Personen, die einen ZW-Lebensstil haben, besteht aber weitgehende Einigkeit dar\u00fcber, was ZW ist: ein bewusster Lebensstil, in dem darauf geachtet wird, dass beim Einkaufs- und Konsumverhalten kein Abfall entsteht. Mit anderen Worten: Verpackungsfrei oder Mehrwegalternative. Ganz null (zero) ist auch der Abfall von Zero Waste\u2019lern trotzdem nicht. Das Null ist das Ziel und gleichzeitig die Entdeckungsreise auf dem Weg dorthin.<\/p>\n\n\n\n<p>Das \u201aGrundgesetz\u2018 des <em>Zero Waste<\/em> wurde von der Bloggerin, Autorin und arbeitenden Familienmutter B\u00e9a Johnson entwickelt. Ihre englischsprachige \u201a5-R-Rule\u2018 (5-R-Regel) umfasst f\u00fcnf Schritte auf dem Weg zur Abfallfreiheit \u2013 refuse, reduce, reuse, recycle, rot.&nbsp;<\/p>\n\n\n\n<p>Konkret schl\u00e4gt sie vor,<\/p>\n\n\n\n<ul><li>Abzulehnen, was man nicht braucht (Werbung, Giveaways, etc.)<\/li><li>Zu reduzieren, was man braucht (Brauche ich wirklich so viel davon?)<\/li><li>Wiederzuverwenden, was man hat (z.B. durch Reparatur, Upcycling, Verkauf oder Verschenken)<\/li><li>Zu Recyceln, was nicht wiederverwendbar war<\/li><li>Zu kompostieren, was kompostierbar ist.&nbsp;<\/li><\/ul>\n\n\n\n<p>Vielleicht klingt das Ganze auf dem ersten Blick schwierig. Sobald man einmal angefangen hat, zeigt sich vieles von selbst. Der Vorteil ist, dass Johnson in ihrem Buch <em>Zero Waste Home<\/em> genau erkl\u00e4rt, was sie bei welchem Schritt in welchem Raum ihres Hauses gemacht hat. Etwas \u00e4hnliches macht Shia Su in ihrem Buch <em>Weniger M\u00fcll ist das neue Gr\u00fcn<\/em>.&nbsp;<br><\/p>\n\n\n\n<p><br><\/p>\n","protected":false},"excerpt":{"rendered":"<p>Zero Waste (ZW) ist eine sch\u00f6ne Sache. Es ist ein Lebensstil, eine Denkrichtung, ein Handlungsansatz, u.v.m. Trotzdem ist der Begriff Zero Waste nicht gesch\u00fctzt. Unter Personen, die einen ZW-Lebensstil haben, besteht aber weitgehende Einigkeit dar\u00fcber, was ZW ist: ein bewusster Lebensstil, in dem darauf geachtet wird, dass beim Einkaufs- und Konsumverhalten kein Abfall entsteht. Mit&hellip; <a href=\"https:\/\/muenster.org\/zero-waste-muenster\/was-ist-zero-waste\/\" class=\"more-link\">Continue reading <span class=\"screen-reader-text\">Was ist Zero Waste?<\/span><\/a><\/p>\n","protected":false},"author":1,"featured_media":0,"parent":0,"menu_order":0,"comment_status":"closed","ping_status":"closed","template":"","meta":[],"_links":{"self":[{"href":"https:\/\/muenster.org\/zero-waste-muenster\/wp-json\/wp\/v2\/pages\/6"}],"collection":[{"href":"https:\/\/muenster.org\/zero-waste-muenster\/wp-json\/wp\/v2\/pages"}],"about":[{"href":"https:\/\/muenster.org\/zero-waste-muenster\/wp-json\/wp\/v2\/types\/page"}],"author":[{"embeddable":true,"href":"https:\/\/muenster.org\/zero-waste-muenster\/wp-json\/wp\/v2\/users\/1"}],"replies":[{"embeddable":true,"href":"https:\/\/muenster.org\/zero-waste-muenster\/wp-json\/wp\/v2\/comments?post=6"}],"version-history":[{"count":7,"href":"https:\/\/muenster.org\/zero-waste-muenster\/wp-json\/wp\/v2\/pages\/6\/revisions"}],"predecessor-version":[{"id":155,"href":"https:\/\/muenster.org\/zero-waste-muenster\/wp-json\/wp\/v2\/pages\/6\/revisions\/155"}],"wp:attachment":[{"href":"https:\/\/muenster.org\/zero-waste-muenster\/wp-json\/wp\/v2\/media?parent=6"}],"curies":[{"name":"wp","href":"https:\/\/api.w.org\/{rel}","templated":true}]}}