{"id":773,"date":"2024-02-13T08:59:42","date_gmt":"2024-02-13T07:59:42","guid":{"rendered":"http:\/\/muenster.org\/zero-waste-muenster\/?page_id=773"},"modified":"2024-02-13T08:59:42","modified_gmt":"2024-02-13T07:59:42","slug":"stoffwindelforderung","status":"publish","type":"page","link":"https:\/\/muenster.org\/zero-waste-muenster\/stoffwindelforderung\/","title":{"rendered":"Stoffwindelf\u00f6rderung"},"content":{"rendered":"\n<p>Liebe Eltern,<\/p>\n\n\n\n<p>2024 gibt es <strong>keine<\/strong> Stoffwindelf\u00f6rderung in M\u00fcnster. Der Rat hatte den Zuschuss f\u00fcr 2022\/2023 beschlossen und ihn nicht verl\u00e4ngert.<\/p>\n\n\n\n<p>Wir bedanken uns bei allen Eltern, die einen Antrag gestellt haben! Aus unserer Sicht war die F\u00f6rderung ein voller Erfolg: 333 Eltern haben einen Zuschuss beantragt und fast alle davon auch eine F\u00f6rderung erhalten. <\/p>\n\n\n\n<p>Weiterhin gibt es den <a rel=\"noreferrer noopener\" href=\"https:\/\/www.stoffwindelberatung-muenster.de\/gruppenberatung\" target=\"_blank\">Stoffwindeltreff<\/a>, bei dem alle Eltern sich austauschen k\u00f6nnen und Tipps bekommen.<\/p>\n\n\n\n<p>Euer Zero Waste M\u00fcnster e.V.<\/p>\n","protected":false},"excerpt":{"rendered":"<p>Liebe Eltern, 2024 gibt es keine Stoffwindelf\u00f6rderung in M\u00fcnster. Der Rat hatte den Zuschuss f\u00fcr 2022\/2023 beschlossen und ihn nicht verl\u00e4ngert. Wir bedanken uns bei allen Eltern, die einen Antrag gestellt haben! Aus unserer Sicht war die F\u00f6rderung ein voller Erfolg: 333 Eltern haben einen Zuschuss beantragt und fast alle davon auch eine F\u00f6rderung erhalten.&hellip; <a href=\"https:\/\/muenster.org\/zero-waste-muenster\/stoffwindelforderung\/\" class=\"more-link\">Continue reading <span class=\"screen-reader-text\">Stoffwindelf\u00f6rderung<\/span><\/a><\/p>\n","protected":false},"author":1,"featured_media":0,"parent":0,"menu_order":0,"comment_status":"closed","ping_status":"closed","template":"","meta":[],"_links":{"self":[{"href":"https:\/\/muenster.org\/zero-waste-muenster\/wp-json\/wp\/v2\/pages\/773"}],"collection":[{"href":"https:\/\/muenster.org\/zero-waste-muenster\/wp-json\/wp\/v2\/pages"}],"about":[{"href":"https:\/\/muenster.org\/zero-waste-muenster\/wp-json\/wp\/v2\/types\/page"}],"author":[{"embeddable":true,"href":"https:\/\/muenster.org\/zero-waste-muenster\/wp-json\/wp\/v2\/users\/1"}],"replies":[{"embeddable":true,"href":"https:\/\/muenster.org\/zero-waste-muenster\/wp-json\/wp\/v2\/comments?post=773"}],"version-history":[{"count":2,"href":"https:\/\/muenster.org\/zero-waste-muenster\/wp-json\/wp\/v2\/pages\/773\/revisions"}],"predecessor-version":[{"id":780,"href":"https:\/\/muenster.org\/zero-waste-muenster\/wp-json\/wp\/v2\/pages\/773\/revisions\/780"}],"wp:attachment":[{"href":"https:\/\/muenster.org\/zero-waste-muenster\/wp-json\/wp\/v2\/media?parent=773"}],"curies":[{"name":"wp","href":"https:\/\/api.w.org\/{rel}","templated":true}]}}