{"id":2853,"date":"2025-06-24T17:59:06","date_gmt":"2025-06-24T15:59:06","guid":{"rendered":"https:\/\/muenster.org\/zukunftstag\/?page_id=2853"},"modified":"2025-07-08T10:52:16","modified_gmt":"2025-07-08T08:52:16","slug":"boys-day-2025","status":"publish","type":"page","link":"https:\/\/muenster.org\/zukunftstag\/boys-day-2025\/","title":{"rendered":"Boys&#8216; Day 2025"},"content":{"rendered":"\t\t<div data-elementor-type=\"wp-page\" data-elementor-id=\"2853\" class=\"elementor elementor-2853\" data-elementor-post-type=\"page\">\n\t\t\t\t\t\t<section class=\"penci-section penci-disSticky penci-structure-10 elementor-section elementor-top-section elementor-element elementor-element-7763898 elementor-section-boxed elementor-section-height-default elementor-section-height-default\" data-id=\"7763898\" data-element_type=\"section\" data-e-type=\"section\">\n\t\t\t\t\t\t<div class=\"elementor-container elementor-column-gap-custom\">\n\t\t\t\t\t<div class=\"penci-ercol-100 penci-ercol-order-1 penci-sticky-ct    elementor-column elementor-col-100 elementor-top-column elementor-element elementor-element-3039981\" data-id=\"3039981\" data-element_type=\"column\" data-e-type=\"column\">\n\t\t\t<div class=\"elementor-widget-wrap elementor-element-populated\">\n\t\t\t\t\t\t<div class=\"elementor-element elementor-element-994801c elementor-widget elementor-widget-heading\" data-id=\"994801c\" data-element_type=\"widget\" data-e-type=\"widget\" data-widget_type=\"heading.default\">\n\t\t\t\t\t<h2 class=\"elementor-heading-title elementor-size-default\">Das ist der Boys' Day in M\u00fcnster<\/h2>\t\t\t\t<\/div>\n\t\t\t\t<div class=\"elementor-element elementor-element-7e3ac5e elementor-widget elementor-widget-text-editor\" data-id=\"7e3ac5e\" data-element_type=\"widget\" data-e-type=\"widget\" data-widget_type=\"text-editor.default\">\n\t\t\t\t\t\t\t\t\t<p>An diesem Tag k\u00f6nnen Jungen einen Beruf kennenlernen, in dem bisher wenige M\u00e4nner arbeiten, also beispielsweise Erzieher, Goldschmied, B\u00fcrofachangestellter oder Mode\u00adzeichner.<\/p><p>Ziel des Boys\u2018 Day ist die Erweiterung des Berufswahl\u00adspektrums von Jungen. Er soll dazu beitragen, dass \u00fcberholte Geschlechter\u00adstereotype \u00fcberwunden und neue Berufs\u00adperspektiven f\u00fcr Jungen er\u00f6ffnet werden, die sich an ihren individuellen Interessen und St\u00e4rken orientieren.<\/p><p>Am Boys\u2018 Day 2025 waren 160 Pl\u00e4tze in 38 Unternehmen\/Einrichtungen f\u00fcr M\u00fcnster online ausgeschrieben. Sie boten Einblicke in soziale und p\u00e4dagogische Berufsfelder, Gesundheitsberufe, Mode und Kosmetik.<\/p><p>Der Boys\u2018 Day wird seit 2021 vom bereits bestehenden Aktionsb\u00fcndnis zum Girls\u2018 Day getragen und personell durch das st\u00e4dtische Amt f\u00fcr Gleichstellung begleitet.<\/p>\t\t\t\t\t\t\t\t<\/div>\n\t\t\t\t\t<\/div>\n\t\t<\/div>\n\t\t\t\t\t<\/div>\n\t\t<\/section>\n\t\t<div class=\"elementor-element elementor-element-c306974 e-flex e-con-boxed e-con e-parent\" data-id=\"c306974\" data-element_type=\"container\" data-e-type=\"container\">\n\t\t\t\t\t<div class=\"e-con-inner\">\n\t\t\t\t<div class=\"elementor-element elementor-element-e5e3dc1 elementor-widget elementor-widget-heading\" data-id=\"e5e3dc1\" data-element_type=\"widget\" data-e-type=\"widget\" data-widget_type=\"heading.default\">\n\t\t\t\t\t<h2 class=\"elementor-heading-title elementor-size-default\">Diese Unternehmen waren dabei<\/h2>\t\t\t\t<\/div>\n\t\t\t\t\t<\/div>\n\t\t\t\t<\/div>\n\t\t<div class=\"elementor-element elementor-element-d3f48a5 e-flex e-con-boxed e-con e-parent\" data-id=\"d3f48a5\" data-element_type=\"container\" data-e-type=\"container\">\n\t\t\t\t\t<div class=\"e-con-inner\">\n\t\t<div class=\"elementor-element elementor-element-d6743c8 e-con-full e-flex e-con e-child\" data-id=\"d6743c8\" data-element_type=\"container\" data-e-type=\"container\">\n\t\t\t\t<div class=\"elementor-element elementor-element-c84b7b1 elementor-widget elementor-widget-text-editor\" data-id=\"c84b7b1\" data-element_type=\"widget\" data-e-type=\"widget\" data-widget_type=\"text-editor.default\">\n\t\t\t\t\t\t\t\t\t<ul><li>Kindergruppe Feldm\u00e4use<\/li><li>Bezirksregierung M\u00fcnster<\/li><li>Bisch\u00f6fliches Generalvikariat M\u00fcnster<\/li><li>Creditreform M\u00fcnster Riegel &amp; Riegel KG<\/li><li>Der gute B\u00e4cker Krimphove<\/li><li>Diakonie M\u00fcnster<\/li><li>dm drogerie markt GmbH &amp; Co. KG<\/li><li>DRK Tagungshotel Dunnant gGmbH<\/li><li>FH M\u00fcnster<\/li><li>Friederike-Fliedner-Haus M\u00fcnster<\/li><li>Landgericht M\u00fcnster<\/li><li>Landschaftsverband Westfalen-Lippe<\/li><li>Landwirtschaftskammer Nordrhein-Westfalen<\/li><li>LWL Inklusionsamt Arbeit<\/li><li>LWL Klinik M\u00fcnster<\/li><li>LWL-Denkmalpflege, Landschafts- und Baukultur in Westfalen<\/li><li>PTA-Fachschule M\u00fcnster<\/li><li>Residenz Aaseehof<\/li><li>Schlotmann Unternehmensgruppe<\/li><li>Schulpsychologische Beratungsstelle M\u00fcnster<\/li><li>Siemann Jansen und Partner<\/li><\/ul>\t\t\t\t\t\t\t\t<\/div>\n\t\t\t\t<\/div>\n\t\t<div class=\"elementor-element elementor-element-8a0cd71 e-con-full e-flex e-con e-child\" data-id=\"8a0cd71\" data-element_type=\"container\" data-e-type=\"container\">\n\t\t\t\t<div class=\"elementor-element elementor-element-e116971 elementor-widget elementor-widget-text-editor\" data-id=\"e116971\" data-element_type=\"widget\" data-e-type=\"widget\" data-widget_type=\"text-editor.default\">\n\t\t\t\t\t\t\t\t\t<ul><li>Stadt M\u00fcnster &#8211; Amt f\u00fcr Gleichstellung<\/li><li>Stadt M\u00fcnster &#8211; Kita Am Inselbogen<\/li><li>Stadt M\u00fcnster &#8211; Kita &#8222;An der Gartenstra\u00dfe&#8220;<\/li><li>Stadt M\u00fcnster &#8211; Kita &#8222;In der Alten Schule&#8220;<\/li><li>Stadt M\u00fcnster &#8211; Kita Albachten<\/li><li>Stadt M\u00fcnster &#8211; Kita Kinderhaus<\/li><li>Stadt M\u00fcnster &#8211; Kita Mecklenbeck<\/li><li>Stadt M\u00fcnster &#8211; Kita und Familienzentrum Im Moorhock<\/li><li>Universit\u00e4tsklinikum M\u00fcnster &#8211; Radiologie<\/li><li>Universit\u00e4tsklinikum M\u00fcnster &#8211; Zentrum f\u00fcr Zahn-, Mund- und Kieferheilkunde<\/li><li>Universit\u00e4tsklinikum M\u00fcnster &#8211; Augenklinik<\/li><li>Universit\u00e4tsklinikum M\u00fcnster &#8211; Betriebskindertagesst\u00e4tte Niki de Saint Phalle<\/li><li>Universit\u00e4tsklinikum M\u00fcnster &#8211; in Ambulanzen der Orthop\u00e4die, Kardiologie oder der Ern\u00e4hrungsmedizin<\/li><li>Universit\u00e4tsklinikum M\u00fcnster &#8211; Krankenhausapotheke<\/li><li>Universit\u00e4tsklinikum M\u00fcnster &#8211; Pflegende aus den Fachrichtungen Herzchirugie, Gyn\u00e4kologie, Neurologie und Neuchirugie<\/li><li>Westfalen AG<\/li><li>Westfalenflei\u00df GmbH<\/li><\/ul>\t\t\t\t\t\t\t\t<\/div>\n\t\t\t\t<\/div>\n\t\t\t\t\t<\/div>\n\t\t\t\t<\/div>\n\t\t\t\t<section class=\"penci-section penci-disSticky penci-structure-10 elementor-section elementor-top-section elementor-element elementor-element-6b72157 elementor-section-boxed elementor-section-height-default elementor-section-height-default\" data-id=\"6b72157\" data-element_type=\"section\" data-e-type=\"section\">\n\t\t\t\t\t\t<div class=\"elementor-container elementor-column-gap-default\">\n\t\t\t\t\t<div class=\"penci-ercol-100 penci-ercol-order-1 penci-sticky-ct    elementor-column elementor-col-100 elementor-top-column elementor-element elementor-element-d2f6c17\" data-id=\"d2f6c17\" data-element_type=\"column\" data-e-type=\"column\">\n\t\t\t<div class=\"elementor-widget-wrap elementor-element-populated\">\n\t\t\t\t\t\t<div class=\"elementor-element elementor-element-8abecbc elementor-widget elementor-widget-heading\" data-id=\"8abecbc\" data-element_type=\"widget\" data-e-type=\"widget\" data-widget_type=\"heading.default\">\n\t\t\t\t\t<h2 class=\"elementor-heading-title elementor-size-default\">Eindr\u00fccke vom Boys' Day 2025<\/h2>\t\t\t\t<\/div>\n\t\t\t\t\t<\/div>\n\t\t<\/div>\n\t\t\t\t\t<\/div>\n\t\t<\/section>\n\t\t\t\t<section class=\"penci-section penci-disSticky penci-structure-10 elementor-section elementor-top-section elementor-element elementor-element-152f9dc elementor-section-boxed elementor-section-height-default elementor-section-height-default\" data-id=\"152f9dc\" data-element_type=\"section\" data-e-type=\"section\">\n\t\t\t\t\t\t<div class=\"elementor-container elementor-column-gap-default\">\n\t\t\t\t\t<div class=\"penci-ercol-100 penci-ercol-order-1 penci-sticky-ct    elementor-column elementor-col-100 elementor-top-column elementor-element elementor-element-c3dc41b\" data-id=\"c3dc41b\" data-element_type=\"column\" data-e-type=\"column\">\n\t\t\t<div class=\"elementor-widget-wrap elementor-element-populated\">\n\t\t\t\t\t\t<div class=\"elementor-element elementor-element-d538568 elementor-widget elementor-widget-penci-latest-posts\" data-id=\"d538568\" data-element_type=\"widget\" data-e-type=\"widget\" data-widget_type=\"penci-latest-posts.default\">\n\t\t\t\t<div class=\"elementor-widget-container\">\n\t\t\t\t\t                <div id=\"pencilatest_posts_79047\" class=\"penci-latest-posts-sc penci-latest-posts-boxed-1 penci-latest-posts-el penci-el-mixed-s1 penci-std-continue-center penci-std-excerpt-center penci-grid-excerpt-left\">\n\t\t\t\t\t                    <div class=\"penci-wrapper-posts-ajax\">\n\n                        <div class=\"penci-wrapper-posts-content pwid-default\">\n\n\t\t\t\t\t\t\t\t\t\t\t\t\t\t\t                                <ul data-layout=\"boxed-1\"\n                                    class=\"penci-wrapper-data penci-grid penci-shortcode-render\">\t\t\t\t\t\t\t\t\t\t\t\t\t\t\t\t\t\t\t\t\t\t\t\t\t\t\t\t\t<li class=\"list-post list-boxed-post\">\n\t<article id=\"post-2875\" class=\"item hentry\">\n\t\t\t\t\t<div class=\"thumbnail\">\n\t\t\t\t\t\t\t\t\t\t\t\t<a class=\"penci-image-holder penci-lazy\" data-bgset=\"https:\/\/muenster.org\/zukunftstag\/wp-content\/uploads\/2025\/06\/boysday-2025-schulpsychologie-1-585x390.jpg\" href=\"https:\/\/muenster.org\/zukunftstag\/2025\/06\/24\/schulpsychologische-beratungsstelle-der-stadt-muenster\/\" title=\"Schulpsychologische Beratungsstelle der Stadt M\u00fcnster\"><\/a>\n\t\t\t\t\n\t\t\t\t\t\t\t\t\t\t\t\t\t\t\t\t\t\t\t\t\t\t\t\t\t\t\t\t\t\t\t\t\t\t\t\t<\/div>\n\t\t\n\t\t<div class=\"content-list-right\">\n\t\t\t<div class=\"inner-content-list-right\">\n\t\t\t\t<div class=\"header-list-style\">\n\t\t\t\t\t\n\t\t\t\t\t<h2 class=\"penci-entry-title entry-title grid-title penci_grid_title_df\"><a href=\"https:\/\/muenster.org\/zukunftstag\/2025\/06\/24\/schulpsychologische-beratungsstelle-der-stadt-muenster\/\">Schulpsychologische Beratungsstelle der Stadt M\u00fcnster<\/a><\/h2>\n\t\t\t\t\t\t\t\t\t\t\t\t\t\t\t\n\t\t\t\t<\/div>\n\n\t\t\t\t\t\t\t\t<div class=\"item-content entry-content\">\n\t\t\t\t\t<p>Die Schulpsychologische Beratungsstelle der Stadt M\u00fcnster ist ein Beratungs- und Unterst\u00fctzungssystem f\u00fcr Sch\u00fclerinnen und Sch\u00fcler und deren Eltern und Erziehungs\u00adberechtigte, Lehrkr\u00e4fte, Schulleitungen, Mitarbeitende im System Schule sowie die Schulaufsicht. Die &#8230;<\/p>\n\t\t\t\t<\/div>\n\t\t\t\t\n\t\t\t\t\t\t\t\t\t<div class=\"penci-readmore-btn penci-btn-make-button penci-btn-align-left\">\n\t\t\t\t\t\t<a class=\"penci-btn-readmore\" href=\"https:\/\/muenster.org\/zukunftstag\/2025\/06\/24\/schulpsychologische-beratungsstelle-der-stadt-muenster\/\">Mehr erfahren<i class=\"penci-faicon fa fa-angle-double-right\" ><\/i><\/a>\n\t\t\t\t\t<\/div>\n\t\t\t\t\n\t\t\t\t\n\t\t\t<\/div>\n\t\t<\/div>\n\t<\/article>\n<\/li>\n<li class=\"list-post list-boxed-post\">\n\t<article id=\"post-3088\" class=\"item hentry\">\n\t\t\t\t\t<div class=\"thumbnail\">\n\t\t\t\t\t\t\t\t\t\t\t\t<a class=\"penci-image-holder penci-lazy\" data-bgset=\"https:\/\/muenster.org\/zukunftstag\/wp-content\/uploads\/2025\/07\/2025-Boysday-UKM-1jpg-585x390.jpg\" href=\"https:\/\/muenster.org\/zukunftstag\/2025\/07\/01\/universitaetsklinik-muenster-ukm\/\" title=\"Universit\u00e4tsklinik M\u00fcnster (UKM)\"><\/a>\n\t\t\t\t\n\t\t\t\t\t\t\t\t\t\t\t\t\t\t\t\t\t\t\t\t\t\t\t\t\t\t\t\t\t\t\t\t\t\t\t\t<\/div>\n\t\t\n\t\t<div class=\"content-list-right\">\n\t\t\t<div class=\"inner-content-list-right\">\n\t\t\t\t<div class=\"header-list-style\">\n\t\t\t\t\t\n\t\t\t\t\t<h2 class=\"penci-entry-title entry-title grid-title penci_grid_title_df\"><a href=\"https:\/\/muenster.org\/zukunftstag\/2025\/07\/01\/universitaetsklinik-muenster-ukm\/\">Universit\u00e4tsklinik M\u00fcnster (UKM)<\/a><\/h2>\n\t\t\t\t\t\t\t\t\t\t\t\t\t\t\t\n\t\t\t\t<\/div>\n\n\t\t\t\t\t\t\t\t<div class=\"item-content entry-content\">\n\t\t\t\t\t<p>Boys\u2018 Day am UKM Beim diesj\u00e4hrigen Boys\u2018 Day haben mehr als 50 Sch\u00fcler das UKM besucht und sich einen Einblick in die verschiedenen Berufsfelder verschafft. In zahlreichen Kliniken, Instituten und &#8230;<\/p>\n\t\t\t\t<\/div>\n\t\t\t\t\n\t\t\t\t\t\t\t\t\t<div class=\"penci-readmore-btn penci-btn-make-button penci-btn-align-left\">\n\t\t\t\t\t\t<a class=\"penci-btn-readmore\" href=\"https:\/\/muenster.org\/zukunftstag\/2025\/07\/01\/universitaetsklinik-muenster-ukm\/\">Mehr erfahren<i class=\"penci-faicon fa fa-angle-double-right\" ><\/i><\/a>\n\t\t\t\t\t<\/div>\n\t\t\t\t\n\t\t\t\t\n\t\t\t<\/div>\n\t\t<\/div>\n\t<\/article>\n<\/li>\n<li class=\"list-post list-boxed-post\">\n\t<article id=\"post-2857\" class=\"item hentry\">\n\t\t\t\t\t<div class=\"thumbnail\">\n\t\t\t\t\t\t\t\t\t\t\t\t<a class=\"penci-image-holder penci-lazy\" data-bgset=\"https:\/\/muenster.org\/zukunftstag\/wp-content\/uploads\/2025\/06\/boysday-2025-westfalenfleiss-585x390.jpg\" href=\"https:\/\/muenster.org\/zukunftstag\/2025\/06\/24\/westfalenfleiss\/\" title=\"Westfalenflei\u00df GmbH\"><\/a>\n\t\t\t\t\n\t\t\t\t\t\t\t\t\t\t\t\t\t\t\t\t\t\t\t\t\t\t\t\t\t\t\t\t\t\t\t\t\t\t\t\t<\/div>\n\t\t\n\t\t<div class=\"content-list-right\">\n\t\t\t<div class=\"inner-content-list-right\">\n\t\t\t\t<div class=\"header-list-style\">\n\t\t\t\t\t\n\t\t\t\t\t<h2 class=\"penci-entry-title entry-title grid-title penci_grid_title_df\"><a href=\"https:\/\/muenster.org\/zukunftstag\/2025\/06\/24\/westfalenfleiss\/\">Westfalenflei\u00df GmbH<\/a><\/h2>\n\t\t\t\t\t\t\t\t\t\t\t\t\t\t\t\n\t\t\t\t<\/div>\n\n\t\t\t\t\t\t\t\t<div class=\"item-content entry-content\">\n\t\t\t\t\t<p>Einblick in die Werkstatt:\u00a0Sch\u00fcler besucht uns zum Boys&#8216; Day Beim diesj\u00e4hrigen Boys&#8216; Day wurde Justus in den Werkst\u00e4tten der\u00a0 Westfalenflei\u00df GmbH begr\u00fc\u00dft. Der Siebtkl\u00e4ssler nutzte die Gelegenheit, um verschiedene Arbeitsbereiche &#8230;<\/p>\n\t\t\t\t<\/div>\n\t\t\t\t\n\t\t\t\t\t\t\t\t\t<div class=\"penci-readmore-btn penci-btn-make-button penci-btn-align-left\">\n\t\t\t\t\t\t<a class=\"penci-btn-readmore\" href=\"https:\/\/muenster.org\/zukunftstag\/2025\/06\/24\/westfalenfleiss\/\">Mehr erfahren<i class=\"penci-faicon fa fa-angle-double-right\" ><\/i><\/a>\n\t\t\t\t\t<\/div>\n\t\t\t\t\n\t\t\t\t\n\t\t\t<\/div>\n\t\t<\/div>\n\t<\/article>\n<\/li>\n<li class=\"list-post list-boxed-post\">\n\t<article id=\"post-2865\" class=\"item hentry\">\n\t\t\t\t\t<div class=\"thumbnail\">\n\t\t\t\t\t\t\t\t\t\t\t\t<a class=\"penci-image-holder penci-lazy\" data-bgset=\"https:\/\/muenster.org\/zukunftstag\/wp-content\/uploads\/2025\/06\/boysday-2025-westfalen-ag-585x390.jpg\" href=\"https:\/\/muenster.org\/zukunftstag\/2025\/06\/24\/westfalen-ag\/\" title=\"Westfalen AG\"><\/a>\n\t\t\t\t\n\t\t\t\t\t\t\t\t\t\t\t\t\t\t\t\t\t\t\t\t\t\t\t\t\t\t\t\t\t\t\t\t\t\t\t\t<\/div>\n\t\t\n\t\t<div class=\"content-list-right\">\n\t\t\t<div class=\"inner-content-list-right\">\n\t\t\t\t<div class=\"header-list-style\">\n\t\t\t\t\t\n\t\t\t\t\t<h2 class=\"penci-entry-title entry-title grid-title penci_grid_title_df\"><a href=\"https:\/\/muenster.org\/zukunftstag\/2025\/06\/24\/westfalen-ag\/\">Westfalen AG<\/a><\/h2>\n\t\t\t\t\t\t\t\t\t\t\t\t\t\t\t\n\t\t\t\t<\/div>\n\n\t\t\t\t\t\t\t\t<div class=\"item-content entry-content\">\n\t\t\t\t\t<p>Westfalen AG Zukunftstag: Spannende Einblicke in \u201euntypische\u201c Jobs \u201eTypische M\u00e4nnerberufe\u201c oder \u201eTypische Frauenberufe\u201c \u2013 Gibt es so etwas noch? Leider ja. Und damit sich diese Stereotypen Schritt f\u00fcr Schritt \u00e4ndern, &#8230;<\/p>\n\t\t\t\t<\/div>\n\t\t\t\t\n\t\t\t\t\t\t\t\t\t<div class=\"penci-readmore-btn penci-btn-make-button penci-btn-align-left\">\n\t\t\t\t\t\t<a class=\"penci-btn-readmore\" href=\"https:\/\/muenster.org\/zukunftstag\/2025\/06\/24\/westfalen-ag\/\">Mehr erfahren<i class=\"penci-faicon fa fa-angle-double-right\" ><\/i><\/a>\n\t\t\t\t\t<\/div>\n\t\t\t\t\n\t\t\t\t\n\t\t\t<\/div>\n\t\t<\/div>\n\t<\/article>\n<\/li>\n\n\t\t\t\t\t\t\t\t\t\t\t\t\t\t\t\t\t\t\t\t\t\t\t\t\t\t\t\t<\/ul>\n\t\t\t\t\t\t\t\t\t\t\t\t\t\t\t\t\t\t\t\t\t                        <\/div>\n\n\t\t\t\t\t\t                    <\/div>\n                <\/div>\n\t\t\t            <style>\n                                                                                                                                #pencilatest_posts_79047                .list-post .header-list-style:after,\n                #pencilatest_posts_79047 .grid-header-box:after,\n                #pencilatest_posts_79047 .penci-overlay-over .overlay-header-box:after,\n                #pencilatest_posts_79047 .home-featured-cat-content .first-post .magcat-detail .mag-header:after {\n                    content: none;\n                }\n                #pencilatest_posts_79047                .list-post .header-list-style, #pencilatest_posts_79047 .grid-header-box,\n                #pencilatest_posts_79047 .penci-overlay-over .overlay-header-box,\n                #pencilatest_posts_79047 .home-featured-cat-content .first-post .magcat-detail .mag-header {\n                    padding-bottom: 0;\n                }\n                                                                            <\/style>\n\t\t\t\t\t\t\t<\/div>\n\t\t\t\t<\/div>\n\t\t\t\t\t<\/div>\n\t\t<\/div>\n\t\t\t\t\t<\/div>\n\t\t<\/section>\n\t\t\t\t<\/div>\n\t\t","protected":false},"excerpt":{"rendered":"<p>Das ist der Boys&#8216; Day in M\u00fcnster An diesem Tag k\u00f6nnen Jungen einen Beruf kennenlernen, in dem bisher wenige M\u00e4nner arbeiten, also beispielsweise Erzieher, Goldschmied, B\u00fcrofachangestellter oder Mode\u00adzeichner. Ziel des Boys\u2018 Day ist die Erweiterung des Berufswahl\u00adspektrums von Jungen. Er soll dazu beitragen, dass \u00fcberholte Geschlechter\u00adstereotype \u00fcberwunden und neue Berufs\u00adperspektiven f\u00fcr Jungen er\u00f6ffnet werden, die&hellip;<\/p>\n","protected":false},"author":1,"featured_media":0,"parent":0,"menu_order":0,"comment_status":"closed","ping_status":"closed","template":"","meta":{"_lmt_disableupdate":"","_lmt_disable":"","footnotes":""},"class_list":["post-2853","page","type-page","status-publish","hentry"],"_links":{"self":[{"href":"https:\/\/muenster.org\/zukunftstag\/wp-json\/wp\/v2\/pages\/2853","targetHints":{"allow":["GET"]}}],"collection":[{"href":"https:\/\/muenster.org\/zukunftstag\/wp-json\/wp\/v2\/pages"}],"about":[{"href":"https:\/\/muenster.org\/zukunftstag\/wp-json\/wp\/v2\/types\/page"}],"author":[{"embeddable":true,"href":"https:\/\/muenster.org\/zukunftstag\/wp-json\/wp\/v2\/users\/1"}],"replies":[{"embeddable":true,"href":"https:\/\/muenster.org\/zukunftstag\/wp-json\/wp\/v2\/comments?post=2853"}],"version-history":[{"count":13,"href":"https:\/\/muenster.org\/zukunftstag\/wp-json\/wp\/v2\/pages\/2853\/revisions"}],"predecessor-version":[{"id":3138,"href":"https:\/\/muenster.org\/zukunftstag\/wp-json\/wp\/v2\/pages\/2853\/revisions\/3138"}],"wp:attachment":[{"href":"https:\/\/muenster.org\/zukunftstag\/wp-json\/wp\/v2\/media?parent=2853"}],"curies":[{"name":"wp","href":"https:\/\/api.w.org\/{rel}","templated":true}]}}